{"id":30560,"date":"2024-12-25T09:27:46","date_gmt":"2024-12-25T02:27:46","guid":{"rendered":"https:\/\/handan.com.vn\/?post_type=product&#038;p=30560"},"modified":"2026-01-05T15:16:14","modified_gmt":"2026-01-05T08:16:14","slug":"khan-lau-us02p-hashimoto-cloth","status":"publish","type":"product","link":"http:\/\/handan.com.vn\/en\/product\/khan-lau-us02p-hashimoto-cloth\/","title":{"rendered":"Kh\u0103n lau US02P Hashimoto-cloth"},"content":{"rendered":"<p><strong>Lo\u1ea1i g\u1ea5p 2 (\u0110\u1ed9 d\u00e0y trung b\u00ecnh)<\/strong><\/p>\n<p>D\u00f9ng \u0111\u1ec3 lau ch\u00f9i ho\u00e0n thi\u1ec7n s\u1ea3n ph\u1ea9m.<\/p>\n<p>D\u00f9ng \u0111\u1ec3 lau ch\u00f9i c\u00e1c ph\u1ea7n c\u00f3 ch\u1ea5t c\u1eb7n ho\u1eb7c ch\u1ea5t d\u01b0 th\u1eeba.<\/p>\n<p>D\u00f9ng \u0111\u1ec3 lau ch\u00f9i v\u1edbi dung m\u00f4i.<\/p>\n<p>So v\u1edbi US100, lo\u1ea1i g\u1ea5p 2 n\u00e0y c\u00f3 \u0111\u1ed9 m\u1ec1m m\u1ea1i h\u01a1n. Trong c\u00e1c c\u00f4ng tr\u01b0\u1eddng s\u1eed d\u1ee5ng kh\u0103n g\u1ea5p 4 m\u00e0 kh\u00f4ng m\u1edf r\u1ed9ng ra, c\u00f3 th\u1ec3 gi\u1ea3m \u0111\u00e1ng k\u1ec3 chi ph\u00ed v\u00e0 l\u01b0\u1ee3ng ch\u1ea5t th\u1ea3i.&#8221;<\/p>\n<p><strong>Ng\u00e0nh ngh\u1ec1 \u00e1p d\u1ee5ng:<\/strong><\/p>\n<ul>\n<li>Si\u00eau th\u1ecb<\/li>\n<li>Ng\u00e0nh c\u00f4ng nghi\u1ec7p d\u1ecbch v\u1ee5 \u0103n u\u1ed1ng<\/li>\n<li>Nh\u00e0 m\u00e1y in \u1ea5n<\/li>\n<li>Nh\u00e0 m\u00e1y ch\u1ebf bi\u1ebfn th\u1ee7y s\u1ea3n<\/li>\n<li>Nh\u00e0 m\u00e1y s\u1eeda ch\u1eefa \u00f4 t\u00f4<\/li>\n<li>Nh\u00e0 m\u00e1y gia c\u00f4ng kim lo\u1ea1i<\/li>\n<li>Nh\u00e0 m\u00e1y th\u1ef1c ph\u1ea9m<\/li>\n<\/ul>","protected":false},"excerpt":{"rendered":"<p><strong>Model<\/strong>: US02P<\/p>\n<p><strong>K\u00edch th\u01b0\u1edbc (mm)<\/strong>: 200\u00d7400<\/p>\n<p><strong>Quy c\u00e1ch trong m\u1ed7i th\u00f9ng (t\u1ed5ng s\u1ed1)<\/strong>: 200 t\u1edd \u00d7 12 t\u00fai (2,400 t\u1edd)<\/p>","protected":false},"featured_media":30561,"template":"","meta":[],"_links":{"self":[{"href":"http:\/\/handan.com.vn\/en\/wp-json\/wp\/v2\/product\/30560"}],"collection":[{"href":"http:\/\/handan.com.vn\/en\/wp-json\/wp\/v2\/product"}],"about":[{"href":"http:\/\/handan.com.vn\/en\/wp-json\/wp\/v2\/types\/product"}],"wp:featuredmedia":[{"embeddable":true,"href":"http:\/\/handan.com.vn\/en\/wp-json\/wp\/v2\/media\/30561"}],"wp:attachment":[{"href":"http:\/\/handan.com.vn\/en\/wp-json\/wp\/v2\/media?parent=30560"}],"curies":[{"name":"wp","href":"https:\/\/api.w.org\/{rel}","templated":true}]}}