{"id":30555,"date":"2024-12-25T09:17:42","date_gmt":"2024-12-25T02:17:42","guid":{"rendered":"https:\/\/handan.com.vn\/?post_type=product&#038;p=30555"},"modified":"2026-01-05T15:16:15","modified_gmt":"2026-01-05T08:16:15","slug":"khan-lau-us100-hashimoto-cloth","status":"publish","type":"product","link":"http:\/\/handan.com.vn\/en\/product\/khan-lau-us100-hashimoto-cloth\/","title":{"rendered":"Kh\u0103n lau US100 Hashimoto-cloth"},"content":{"rendered":"<p><strong>Kh\u0103n lau US100 Hashimoto-cloth<\/strong><\/p>\n<p>Lo\u1ea1i g\u1ea5p \u0111\u01b0\u1ee3c 4 l\u1ea7n d\u1ed9 d\u00e0y v\u1ea3i trung b\u00ecnh<\/p>\n<p>D\u00f9ng \u0111\u1ec3 lau ch\u00f9i ho\u00e0n thi\u1ec7n s\u1ea3n ph\u1ea9m.<\/p>\n<p>D\u00f9ng \u0111\u1ec3 lau ch\u00f9i v\u1edbi dung m\u00f4i.<\/p>\n<p>D\u00f9ng \u0111\u1ec3 lau c\u00e1c b\u1ed9 ph\u1eadn c\u00f3 nhi\u1ec7t \u0111\u1ed9 cao<\/p>\n<p>\u0110\u00e2y l\u00e0 s\u1ea3n ph\u1ea9m ti\u00eau chu\u1ea9n c\u1ee7a Miracle Wiper. V\u1edbi lo\u1ea1i v\u1ea3i c\u00f3 \u0111\u1ed9 d\u00e0y v\u1eeba ph\u1ea3i, l\u00e0 lo\u1ea1i trung b\u00ecnh, s\u1ea3n ph\u1ea9m c\u00f3 th\u1ec3 \u0111\u01b0\u1ee3c s\u1eed d\u1ee5ng cho nhi\u1ec1u m\u1ee5c \u0111\u00edch, t\u1eeb lau ch\u00f9i t\u1ed5ng qu\u00e1t trong qu\u00e1 tr\u00ecnh l\u00e0m vi\u1ec7c \u0111\u1ebfn lau ch\u00f9i ho\u00e0n thi\u1ec7n s\u1ea3n ph\u1ea9m<\/p>\n<p><strong>Ng\u00e0nh ngh\u1ec1 \u00e1p d\u1ee5ng:<\/strong><\/p>\n<ul>\n<li>Si\u00eau th\u1ecb<\/li>\n<li>Ng\u00e0nh c\u00f4ng nghi\u1ec7p d\u1ecbch v\u1ee5 \u0103n u\u1ed1ng<\/li>\n<li>Nh\u00e0 m\u00e1y b\u00e1n d\u1eabn v\u00e0 m\u00e0n h\u00ecnh LCD<\/li>\n<li>Nh\u00e0 m\u00e1y in \u1ea5n<\/li>\n<li>Nh\u00e0 m\u00e1y ch\u1ebf bi\u1ebfn th\u1ee7y s\u1ea3n<\/li>\n<li>Nh\u00e0 m\u00e1y gia c\u00f4ng kim lo\u1ea1i<\/li>\n<li>Nh\u00e0 m\u00e1y th\u1ef1c ph\u1ea9m<\/li>\n<\/ul>","protected":false},"excerpt":{"rendered":"<p><strong>M\u00e3 s\u1ea3n ph\u1ea9m<\/strong>: US100<\/p>\n<p><strong>K\u00edch th\u01b0\u1edbc (mm)<\/strong>: 300\u00d7400<\/p>\n<p><strong>Quy c\u00e1ch trong m\u1ed7i th\u00f9ng (t\u1ed5ng s\u1ed1)<\/strong>: 100 t\u1edd \u00d7 6 t\u00fai (600 t\u1edd)<\/p>","protected":false},"featured_media":30556,"template":"","meta":[],"_links":{"self":[{"href":"http:\/\/handan.com.vn\/en\/wp-json\/wp\/v2\/product\/30555"}],"collection":[{"href":"http:\/\/handan.com.vn\/en\/wp-json\/wp\/v2\/product"}],"about":[{"href":"http:\/\/handan.com.vn\/en\/wp-json\/wp\/v2\/types\/product"}],"wp:featuredmedia":[{"embeddable":true,"href":"http:\/\/handan.com.vn\/en\/wp-json\/wp\/v2\/media\/30556"}],"wp:attachment":[{"href":"http:\/\/handan.com.vn\/en\/wp-json\/wp\/v2\/media?parent=30555"}],"curies":[{"name":"wp","href":"https:\/\/api.w.org\/{rel}","templated":true}]}}