{"id":30551,"date":"2024-12-25T08:51:18","date_gmt":"2024-12-25T01:51:18","guid":{"rendered":"https:\/\/handan.com.vn\/?post_type=product&#038;p=30551"},"modified":"2026-01-05T15:16:15","modified_gmt":"2026-01-05T08:16:15","slug":"khan-lau-miracle-wiper-us45-hashimoto-cloth","status":"publish","type":"product","link":"http:\/\/handan.com.vn\/en\/product\/khan-lau-miracle-wiper-us45-hashimoto-cloth\/","title":{"rendered":"Kh\u0103n lau Miracle Wiper US45 Hashimoto-cloth"},"content":{"rendered":"<p><strong>Kh\u0103n lau Miracle Wiper US45<\/strong> <strong>Hashimoto-cloth<\/strong><\/p>\n<p>L\u00e0 lo\u1ea1i kh\u0103n c\u00f3 4 l\u1edbp g\u1ea5p m\u1ecfng<\/p>\n<p>D\u00f9ng \u0111\u1ec3 lau ch\u00f9i c\u00e1c b\u1ed9 ph\u1eadn nh\u1ecf khi b\u1ea3o tr\u00ec m\u00e1y m\u00f3c<\/p>\n<p><strong>Ng\u00e0nh ngh\u1ec1 \u00e1p d\u1ee5ng:<\/strong><\/p>\n<ul>\n<li>Nh\u00e0 m\u00e1y b\u00e1n d\u1eabn v\u00e0 m\u00e0n h\u00ecnh LCD<\/li>\n<li>Nh\u00e0 m\u00e1y in \u1ea5n<\/li>\n<li>Nh\u00e0 m\u00e1y ch\u1ebf bi\u1ebfn th\u1ee7y s\u1ea3n<\/li>\n<li>Nh\u00e0 m\u00e1y s\u1eeda ch\u1eefa \u00f4 t\u00f4<\/li>\n<li>Nh\u00e0 m\u00e1y gia c\u00f4ng kim lo\u1ea1i<\/li>\n<li>Nh\u00e0 m\u00e1y th\u1ef1c ph\u1ea9m<\/li>\n<\/ul>","protected":false},"excerpt":{"rendered":"<p><strong>M\u00e3 s\u1ea3n ph\u1ea9m<\/strong>: US45<\/p>\n<p><strong>K\u00edch th\u01b0\u1edbc (mm)<\/strong>: 300\u00d7400<\/p>\n<p><strong>Quy c\u00e1ch trong m\u1ed7i th\u00f9ng (t\u1ed5ng s\u1ed1)<\/strong>: 100 t\u1edd \u00d7 8 t\u00fai (800 t\u1edd)<\/p>","protected":false},"featured_media":30552,"template":"","meta":[],"_links":{"self":[{"href":"http:\/\/handan.com.vn\/en\/wp-json\/wp\/v2\/product\/30551"}],"collection":[{"href":"http:\/\/handan.com.vn\/en\/wp-json\/wp\/v2\/product"}],"about":[{"href":"http:\/\/handan.com.vn\/en\/wp-json\/wp\/v2\/types\/product"}],"wp:featuredmedia":[{"embeddable":true,"href":"http:\/\/handan.com.vn\/en\/wp-json\/wp\/v2\/media\/30552"}],"wp:attachment":[{"href":"http:\/\/handan.com.vn\/en\/wp-json\/wp\/v2\/media?parent=30551"}],"curies":[{"name":"wp","href":"https:\/\/api.w.org\/{rel}","templated":true}]}}