{"id":30549,"date":"2024-12-25T08:44:43","date_gmt":"2024-12-25T01:44:43","guid":{"rendered":"https:\/\/handan.com.vn\/?post_type=product&#038;p=30549"},"modified":"2026-01-05T15:16:15","modified_gmt":"2026-01-05T08:16:15","slug":"khan-lau-miracle-wiper-mp100-mp200","status":"publish","type":"product","link":"http:\/\/handan.com.vn\/en\/product\/khan-lau-miracle-wiper-mp100-mp200\/","title":{"rendered":"Kh\u0103n lau Miracle Wiper MP100\/MP200"},"content":{"rendered":"<p><strong>Kh\u0103n lau Miracle Wiper MP100\/MP200 Hashimoto-cloth<\/strong><\/p>\n<p>\u0110\u00e2y l\u00e0 m\u1ed9t lo\u1ea1i kh\u0103n lau hi\u1ec7u su\u1ea5t cao, k\u1ebft h\u1ee3p s\u1ee3i ch\u1ee9c n\u0103ng v\u1edbi cotton c\u00f3 kh\u1ea3 n\u0103ng h\u1ea5p th\u1ee5 cao. Kh\u0103n lau n\u00e0y l\u00e0 s\u1ef1 k\u1ebft h\u1ee3p gi\u1eefa cotton c\u00f3 kh\u1ea3 n\u0103ng h\u1ea5p th\u1ee5 t\u1ed1t v\u00e0 s\u1ee3i ph\u00e2n t\u00e1ch si\u00eau m\u1ecbn c\u00f3 kh\u1ea3 n\u0103ng l\u1ea5y s\u1ea1ch t\u1ed1t. Kh\u1ea3 n\u0103ng h\u00fat n\u01b0\u1edbc v\u00e0 d\u1ea7u r\u1ea5t cao, v\u00e0 s\u1ee3i ph\u00e2n t\u00e1ch mang l\u1ea1i kh\u1ea3 n\u0103ng lau ch\u00f9i r\u1ea5t hi\u1ec7u qu\u1ea3.<\/p>\n<p>S\u1ea3n ph\u1ea9m c\u00f3 th\u1ec3 \u0111\u01b0\u1ee3c s\u1eed d\u1ee5ng cho nhi\u1ec1u m\u1ee5c \u0111\u00edch, t\u1eeb lau ch\u00f9i t\u1ed5ng qu\u00e1t \u0111\u1ebfn lau ch\u00f9i ho\u00e0n thi\u1ec7n.<\/p>\n<p><strong>Ng\u00e0nh ngh\u1ec1 ph\u00f9 h\u1ee3p:<\/strong><\/p>\n<ul>\n<li>Si\u00eau th\u1ecb<\/li>\n<li>Ng\u00e0nh c\u00f4ng nghi\u1ec7p th\u1ef1c ph\u1ea9m<\/li>\n<li>Nh\u00e0 m\u00e1y in \u1ea5n<\/li>\n<li>Nh\u00e0 m\u00e1y ch\u1ebf bi\u1ebfn th\u1ee7y s\u1ea3n<\/li>\n<li>Nh\u00e0 m\u00e1y s\u1eeda ch\u1eefa \u00f4 t\u00f4<\/li>\n<li>Nh\u00e0 m\u00e1y gia c\u00f4ng kim lo\u1ea1i<\/li>\n<li>Nh\u00e0 m\u00e1y ch\u1ebf bi\u1ebfn th\u1ef1c ph\u1ea9m<\/li>\n<\/ul>","protected":false},"excerpt":{"rendered":"<table>\n<thead>\n<tr>\n<th>Model<\/th>\n<th><span>K\u00edch th\u01b0\u1edbc <\/span><span>(mm)<\/span><\/th>\n<th>Quy c\u00e1ch<\/th>\n<\/tr>\n<\/thead>\n<tbody>\n<tr>\n<td><span>MP100 (d\u00e0y v\u1eeba)\u00a0<\/span><\/td>\n<td><span>275\u00d7400<\/span><\/td>\n<td><span>100 t\u1edd x 6 t\u00fai (600 t\u1edd)<\/span><\/td>\n<\/tr>\n<tr>\n<td><span>MP200 (d\u00e0y)<\/span><\/td>\n<td><span>280\u00d7400<\/span><\/td>\n<td><span>50 t\u1edd x 18 t\u00fai (900 t\u1edd)<\/span><\/td>\n<\/tr>\n<\/tbody>\n<\/table>","protected":false},"featured_media":30550,"template":"","meta":[],"_links":{"self":[{"href":"http:\/\/handan.com.vn\/en\/wp-json\/wp\/v2\/product\/30549"}],"collection":[{"href":"http:\/\/handan.com.vn\/en\/wp-json\/wp\/v2\/product"}],"about":[{"href":"http:\/\/handan.com.vn\/en\/wp-json\/wp\/v2\/types\/product"}],"wp:featuredmedia":[{"embeddable":true,"href":"http:\/\/handan.com.vn\/en\/wp-json\/wp\/v2\/media\/30550"}],"wp:attachment":[{"href":"http:\/\/handan.com.vn\/en\/wp-json\/wp\/v2\/media?parent=30549"}],"curies":[{"name":"wp","href":"https:\/\/api.w.org\/{rel}","templated":true}]}}