{"id":30541,"date":"2024-12-23T16:11:25","date_gmt":"2024-12-23T09:11:25","guid":{"rendered":"https:\/\/handan.com.vn\/?post_type=product&#038;p=30541"},"modified":"2026-01-05T15:16:15","modified_gmt":"2026-01-05T08:16:15","slug":"mu-phong-sach","status":"publish","type":"product","link":"http:\/\/handan.com.vn\/en\/product\/mu-phong-sach\/","title":{"rendered":"M\u0169 ph\u00f2ng s\u1ea1ch"},"content":{"rendered":"<p><strong>\u01afu \u0110i\u1ec3m C\u1ee7a M\u0169 Ph\u00f2ng S\u1ea1ch Ch\u1ed1ng T\u0129nh \u0110i\u1ec7n<\/strong><\/p>\n<p>M\u0169 ph\u00f2ng s\u1ea1ch ch\u1ed1ng t\u0129nh \u0111i\u1ec7n mang l\u1ea1i nhi\u1ec1u \u01b0u \u0111i\u1ec3m v\u01b0\u1ee3t tr\u1ed9i, bao g\u1ed3m:<\/p>\n<ol>\n<li><strong>Kh\u00f4ng H\u00fat \u1ea8m:<\/strong> M\u0169 kh\u00f4ng h\u1ea5p th\u1ee5 \u0111\u1ed9 \u1ea9m t\u1eeb c\u01a1 th\u1ec3, gi\u00fap gi\u1eef cho ng\u01b0\u1eddi s\u1eed d\u1ee5ng lu\u00f4n c\u1ea3m th\u1ea5y kh\u00f4 r\u00e1o.<\/li>\n<li><strong>H\u1ea5p Th\u1ee5 D\u1ea7u Nh\u1eddn:<\/strong> M\u0169 c\u00f3 kh\u1ea3 n\u0103ng h\u1ea5p th\u1ee5 d\u1ea7u nh\u1eddn ti\u1ebft ra t\u1eeb c\u01a1 th\u1ec3, gi\u00fap gi\u1eef cho m\u00f4i tr\u01b0\u1eddng l\u00e0m vi\u1ec7c s\u1ea1ch s\u1ebd.<\/li>\n<li><strong>Ch\u1ed1ng N\u01b0\u1edbc v\u00e0 B\u1ee5i:<\/strong> M\u0169 c\u00f3 kh\u1ea3 n\u0103ng ch\u1ed1ng th\u1ea5m n\u01b0\u1edbc v\u00e0 ng\u0103n ng\u1eeba b\u1ee5i x\u00e2m nh\u1eadp v\u00e0o khu v\u1ef1c l\u00e0m vi\u1ec7c.<\/li>\n<li><strong>Kh\u00f4ng Co Gi\u00e3n v\u00e0 Ch\u1ed1ng Nh\u0103n:<\/strong> M\u0169 kh\u00f4ng b\u1ecb co gi\u00e3n hay nh\u0103n trong qu\u00e1 tr\u00ecnh gi\u1eb7t \u1ee7i, gi\u00fap gi\u1eef form v\u00e0 \u0111\u1ed9 b\u1ec1n l\u00e2u d\u00e0i.<\/li>\n<li><strong>Kh\u1ea3 N\u0103ng Nhu\u1ed9m M\u00e0u T\u1ed1t:<\/strong> M\u0169 d\u1ec5 d\u00e0ng nhu\u1ed9m m\u00e0u m\u00e0 kh\u00f4ng b\u1ecb h\u1ee7y ho\u1ea1i b\u1edfi c\u00e1c lo\u1ea1i n\u1ea5m m\u1ed1c hay vi khu\u1ea9n.<\/li>\n<li><strong>C\u00e1ch Nhi\u1ec7t T\u1ed1t:<\/strong> M\u0169 c\u00f3 kh\u1ea3 n\u0103ng c\u00e1ch nhi\u1ec7t cao, b\u1ea3o v\u1ec7 ng\u01b0\u1eddi s\u1eed d\u1ee5ng kh\u1ecfi nhi\u1ec7t \u0111\u1ed9 kh\u00f4ng mong mu\u1ed1n.<\/li>\n<li><strong>Ng\u0103n Ng\u1eeba T\u00f3c R\u01a1i V\u00e0o S\u1ea3n Ph\u1ea9m:<\/strong> M\u0169 gi\u00fap ng\u0103n ch\u1eb7n t\u00f3c r\u01a1i v\u00e0o s\u1ea3n ph\u1ea9m ho\u1eb7c m\u00f4i tr\u01b0\u1eddng l\u00e0m vi\u1ec7c, duy tr\u00ec s\u1ef1 s\u1ea1ch s\u1ebd.<\/li>\n<\/ol>\n<p><strong>Ch\u1ea5t Li\u1ec7u v\u00e0 Thi\u1ebft K\u1ebf:<\/strong><\/p>\n<ul>\n<li>M\u0169 ph\u00f2ng s\u1ea1ch ch\u1ed1ng t\u0129nh \u0111i\u1ec7n \u0111\u01b0\u1ee3c may t\u1eeb c\u00e1c s\u1ee3i v\u1ea3i pha v\u1edbi s\u1ee3i carbon t\u0129nh \u0111i\u1ec7n, c\u00f3 th\u1ec3 l\u00e0 s\u1ee3i pha carbon h\u00ecnh k\u1ebb s\u1ecdc ho\u1eb7c h\u00ecnh caro.<\/li>\n<li>Th\u00e0nh ph\u1ea7n ch\u00ednh c\u1ee7a v\u1ea3i l\u00e0 polyester, mang l\u1ea1i \u0111\u1ed9 b\u1ec1n v\u00e0 kh\u1ea3 n\u0103ng ch\u1ecbu l\u1ef1c t\u1ed1t.<\/li>\n<li>M\u0169 c\u00f3 \u0111a d\u1ea1ng m\u00e0u s\u1eafc nh\u01b0 tr\u1eafng, xanh, cam, h\u1ed3ng, v\u00e0ng, \u0111\u00e1p \u1ee9ng nhu c\u1ea7u s\u1eed d\u1ee5ng trong nhi\u1ec1u m\u00f4i tr\u01b0\u1eddng l\u00e0m vi\u1ec7c kh\u00e1c nhau.<\/li>\n<\/ul>\n<p>M\u0169 ph\u00f2ng s\u1ea1ch ch\u1ed1ng t\u0129nh \u0111i\u1ec7n kh\u00f4ng ch\u1ec9 b\u1ea3o v\u1ec7 c\u00e1c thi\u1ebft b\u1ecb \u0111i\u1ec7n t\u1eed kh\u1ecfi s\u1ef1 \u1ea3nh h\u01b0\u1edfng c\u1ee7a t\u0129nh \u0111i\u1ec7n m\u00e0 c\u00f2n duy tr\u00ec s\u1ef1 s\u1ea1ch s\u1ebd trong m\u00f4i tr\u01b0\u1eddng l\u00e0m vi\u1ec7c, \u0111\u1ed3ng th\u1eddi mang l\u1ea1i s\u1ef1 tho\u1ea3i m\u00e1i v\u00e0 ti\u1ec7n l\u1ee3i cho ng\u01b0\u1eddi s\u1eed d\u1ee5ng.<\/p>","protected":false},"excerpt":{"rendered":"<p>\u01afu \u0110i\u1ec3m C\u1ee7a M\u0169 Ph\u00f2ng S\u1ea1ch Ch\u1ed1ng T\u0129nh \u0110i\u1ec7n M\u0169 ph\u00f2ng s\u1ea1ch ch\u1ed1ng t\u0129nh \u0111i\u1ec7n mang l\u1ea1i nhi\u1ec1u \u01b0u \u0111i\u1ec3m v\u01b0\u1ee3t tr\u1ed9i, bao g\u1ed3m: Kh\u00f4ng H\u00fat \u1ea8m: M\u0169 kh\u00f4ng h\u1ea5p th\u1ee5 \u0111\u1ed9 \u1ea9m t\u1eeb c\u01a1 th\u1ec3, gi\u00fap gi\u1eef cho ng\u01b0\u1eddi s\u1eed d\u1ee5ng lu\u00f4n c\u1ea3m th\u1ea5y kh\u00f4 r\u00e1o. H\u1ea5p Th\u1ee5 D\u1ea7u Nh\u1eddn: M\u0169 c\u00f3 kh\u1ea3 n\u0103ng [&#8230;]","protected":false},"featured_media":30542,"template":"","meta":[],"_links":{"self":[{"href":"http:\/\/handan.com.vn\/en\/wp-json\/wp\/v2\/product\/30541"}],"collection":[{"href":"http:\/\/handan.com.vn\/en\/wp-json\/wp\/v2\/product"}],"about":[{"href":"http:\/\/handan.com.vn\/en\/wp-json\/wp\/v2\/types\/product"}],"wp:featuredmedia":[{"embeddable":true,"href":"http:\/\/handan.com.vn\/en\/wp-json\/wp\/v2\/media\/30542"}],"wp:attachment":[{"href":"http:\/\/handan.com.vn\/en\/wp-json\/wp\/v2\/media?parent=30541"}],"curies":[{"name":"wp","href":"https:\/\/api.w.org\/{rel}","templated":true}]}}