{"id":30539,"date":"2024-12-23T15:46:23","date_gmt":"2024-12-23T08:46:23","guid":{"rendered":"https:\/\/handan.com.vn\/?post_type=product&#038;p=30539"},"modified":"2026-01-05T15:16:15","modified_gmt":"2026-01-05T08:16:15","slug":"ao-phong-sach-ngang-goi","status":"publish","type":"product","link":"http:\/\/handan.com.vn\/en\/product\/ao-phong-sach-ngang-goi\/","title":{"rendered":"\u00c1o ph\u00f2ng s\u1ea1ch ngang g\u1ed1i"},"content":{"rendered":"<p><strong>\u00c1o Cho\u00e0ng Ph\u00f2ng S\u1ea1ch Ch\u1ed1ng T\u0129nh \u0110i\u1ec7n<\/strong><\/p>\n<p>\u00c1o cho\u00e0ng ph\u00f2ng s\u1ea1ch, c\u00f2n g\u1ecdi l\u00e0 \u00e1o ph\u00f2ng s\u1ea1ch, l\u00e0 m\u1ed9t b\u1ed9 trang ph\u1ee5c \u0111\u1eb7c bi\u1ec7t \u0111\u01b0\u1ee3c thi\u1ebft k\u1ebf \u0111\u1ec3 ng\u0103n ng\u1eeba t\u0129nh \u0111i\u1ec7n v\u00e0 b\u1ee5i b\u1ea9n, gi\u00fap duy tr\u00ec m\u00f4i tr\u01b0\u1eddng l\u00e0m vi\u1ec7c s\u1ea1ch s\u1ebd. \u00c1o c\u00f3 ki\u1ec3u d\u00e1ng c\u1ed5 ch\u1eef Y ho\u1eb7c c\u1ed5 tr\u00f2n ch\u1eef C, d\u00e0i t\u1edbi \u0111\u00f9i ng\u01b0\u1eddi m\u1eb7c.<\/p>\n<p><strong>Ch\u1ea5t Li\u1ec7u:<\/strong><br \/>\n\u00c1o cho\u00e0ng \u0111\u01b0\u1ee3c l\u00e0m t\u1eeb v\u1eadt li\u1ec7u nh\u1eb9, t\u1ea3n nhi\u1ec7t t\u1ed1t, k\u1ebft h\u1ee3p gi\u1eefa s\u1ee3i nylon carbon v\u00e0 polyester c\u00f3 k\u1ebft c\u1ea5u \u0111\u1eb7c bi\u1ec7t. C\u00e1c s\u1ee3i d\u1eabn \u0111i\u1ec7n \u0111\u01b0\u1ee3c d\u1ec7t theo thi\u1ebft k\u1ebf li\u00ean k\u1ebft chu\u1ed7i xuy\u00ean su\u1ed1t, gi\u00fap ti\u00eau t\u00e1n \u0111i\u1ec7n t\u00edch m\u1ed9t c\u00e1ch li\u00ean t\u1ee5c v\u00e0 nh\u1ea5t qu\u00e1n.<\/p>\n<p>C\u1ed5 tay \u00e1o ph\u00f2ng s\u1ea1ch c\u00f3 ch\u1ee9c n\u0103ng co gi\u1ea3n \u0111\u00e0n h\u1ed3i, c\u1ed5 tay \u00e1o d\u1ec7t kim, n\u00fat c\u00e0i c\u00f3 th\u1ec3 \u0111i\u1ec1u ch\u1ec9nh \u1edf c\u1ed5 \u00e1o, kh\u00f3a k\u00e9o \u0111\u00f3ng b\u1eb1ng m\u1ed9t n\u00fat c\u00e0i ph\u00eda d\u01b0\u1edbi.<\/p>\n<p><strong>Ch\u1ee9c N\u0103ng:<\/strong><br \/>\n\u00c1o ph\u00f2ng s\u1ea1ch \u0111\u01b0\u1ee3c thi\u1ebft k\u1ebf \u0111\u1ec3 ng\u0103n ng\u1eeba s\u1ef1 truy\u1ec1n t\u1ea3i \u0111i\u1ec7n t\u00edch t\u0129nh t\u1eeb c\u01a1 th\u1ec3 ng\u01b0\u1eddi m\u1eb7c v\u00e0o m\u00f4i tr\u01b0\u1eddng xung quanh, \u0111\u1ed3ng th\u1eddi ng\u0103n b\u1ee5i t\u1eeb c\u01a1 th\u1ec3 x\u00e2m nh\u1eadp v\u00e0o kh\u00f4ng gian l\u00e0m vi\u1ec7c. B\u1eb1ng c\u00e1ch n\u00e0y, \u00e1o gi\u00fap b\u1ea3o v\u1ec7 m\u00f4i tr\u01b0\u1eddng s\u1ea1ch trong c\u00e1c khu v\u1ef1c nh\u01b0 ph\u00f2ng th\u00ed nghi\u1ec7m, khu y t\u1ebf, ph\u00f2ng s\u1ea1ch vi \u0111i\u1ec7n t\u1eed v\u00e0 c\u00e1c ng\u00e0nh c\u00f4ng nghi\u1ec7p y\u00eau c\u1ea7u \u0111\u1ed9 s\u1ea1ch cao.<\/p>\n<p><strong>\u1ee8ng D\u1ee5ng:<\/strong><\/p>\n<ul>\n<li>Ph\u00f2ng th\u00ed nghi\u1ec7m b\u1ec7nh vi\u1ec7n, ph\u00f2ng s\u1ea1ch trong ng\u00e0nh \u0111i\u1ec7n t\u1eed.<\/li>\n<li>C\u00e1c khu v\u1ef1c y t\u1ebf v\u00e0 m\u00f4i tr\u01b0\u1eddng c\u1ea7n b\u1ea3o v\u1ec7 kh\u1ecfi t\u0129nh \u0111i\u1ec7n v\u00e0 b\u1ee5i b\u1ea9n.<\/li>\n<\/ul>\n<p>&nbsp;<\/p>","protected":false},"excerpt":{"rendered":"<p><strong>Ch\u1ea5t li\u1ec7u:<\/strong>\u00a0V\u1ea3i ch\u1ed1ng t\u0129nh \u0111i\u1ec7n<\/p>\n<p><strong>M\u00e0u s\u1eafc:<\/strong> Xanh,v\u00e0ng,h\u1ed3ng,tr\u1eafng<\/p>\n<p><strong>K\u00edch c\u1ee1:<\/strong> M,L,XL,XXL,XXXL<\/p>\n<p><strong>M\u00f4i tr\u01b0\u1eddng:<\/strong>\u00a0Ph\u00f2ng s\u1ea1ch, Ch\u1ed1ng t\u0129nh \u0111i\u1ec7n<\/p>\n<p><strong>Lo\u1ea1i: <\/strong>\u00c1o d\u00e0i \u0111\u1ebfn \u0111\u1ea7u g\u1ed1i, c\u00f3 t\u00fai c\u00e0i b\u00fat tay tr\u00e1i, c\u00f3 t\u00fai \u1edf ng\u1ef1c<\/p>\n<p><strong>Xu\u1ea5t x\u1ee9:<\/strong>\u00a0Vi\u1ec7t Nam<\/p>","protected":false},"featured_media":30505,"template":"","meta":[],"_links":{"self":[{"href":"http:\/\/handan.com.vn\/en\/wp-json\/wp\/v2\/product\/30539"}],"collection":[{"href":"http:\/\/handan.com.vn\/en\/wp-json\/wp\/v2\/product"}],"about":[{"href":"http:\/\/handan.com.vn\/en\/wp-json\/wp\/v2\/types\/product"}],"wp:featuredmedia":[{"embeddable":true,"href":"http:\/\/handan.com.vn\/en\/wp-json\/wp\/v2\/media\/30505"}],"wp:attachment":[{"href":"http:\/\/handan.com.vn\/en\/wp-json\/wp\/v2\/media?parent=30539"}],"curies":[{"name":"wp","href":"https:\/\/api.w.org\/{rel}","templated":true}]}}