{"id":30537,"date":"2024-12-23T15:12:25","date_gmt":"2024-12-23T08:12:25","guid":{"rendered":"https:\/\/handan.com.vn\/?post_type=product&#038;p=30537"},"modified":"2026-01-05T15:16:16","modified_gmt":"2026-01-05T08:16:16","slug":"bo-quan-ao-roi-phong-sach-mau-xanh-dam","status":"publish","type":"product","link":"http:\/\/handan.com.vn\/en\/product\/bo-quan-ao-roi-phong-sach-mau-xanh-dam\/","title":{"rendered":"B\u1ed9 qu\u1ea7n \u00e1o r\u1eddi ph\u00f2ng s\u1ea1ch m\u00e0u xanh \u0111\u1eadm"},"content":{"rendered":"<h3><strong>\u0110\u1eb7c T\u00ednh S\u1ea3n Ph\u1ea9m:<\/strong><\/h3>\n<ul>\n<li>Qu\u1ea7n thi\u1ebft k\u1ebf d\u1ea1ng chun, c\u00f3 t\u00fai.<\/li>\n<li>\u1ed0ng qu\u1ea7n bo chun \u1edf g\u1ea5u, gi\u00fap g\u1ecdn g\u00e0ng khi l\u00e0m vi\u1ec7c.<\/li>\n<li>\u00c1o c\u00f3 kh\u00f3a c\u00f3 mi\u1ebfng d\u00e1m d\u00ednh \u1edf c\u1ed5, c\u00f3 t\u00fai c\u00e0i b\u00fat \u1edf tay tr\u00e1i , c\u00f3 t\u00fai tr\u01b0\u1edbc ng\u1ef1c<\/li>\n<li>Kh\u00f4ng \u0111\u1ed9c h\u1ea1i, kh\u00f4ng b\u00e1m b\u1ee5i, kh\u00f4ng ph\u00e1t sinh b\u1ee5i.<\/li>\n<li>D\u1ec5 gi\u1eb7t gi\u0169, kh\u00f4 nhanh, tho\u1ea3i m\u00e1i khi l\u00e0m vi\u1ec7c.<\/li>\n<li>B\u1ec1n \u0111\u1eb9p sau nhi\u1ec1u l\u1ea7n gi\u1eb7t l\u00e0 h\u1ea5p.<\/li>\n<\/ul>\n<hr \/>\n<h3><strong>\u1ee8ng D\u1ee5ng:<\/strong><\/h3>\n<ul>\n<li>Ng\u00e0nh c\u00f4ng nghi\u1ec7p \u0111i\u1ec7n t\u1eed (b\u00e1n d\u1eabn, \u0111\u00f3ng g\u00f3i, th\u1eed nghi\u1ec7m, n\u0103ng l\u01b0\u1ee3ng m\u1eb7t tr\u1eddi, quang \u0111i\u1ec7n).<\/li>\n<li>Y h\u1ecdc, s\u1ea3n xu\u1ea5t d\u01b0\u1ee3c ph\u1ea9m.<\/li>\n<li>C\u00f4ng ngh\u1ec7 sinh h\u1ecdc, c\u00f4ng nghi\u1ec7p th\u1ef1c ph\u1ea9m, h\u00f3a ch\u1ea5t.<\/li>\n<li>Ph\u00f2ng m\u1ed5, c\u00f4ng nghi\u1ec7p l\u00e0m s\u1ea1ch.<\/li>\n<\/ul>","protected":false},"excerpt":{"rendered":"<p><strong>Ch\u1ea5t li\u1ec7u:<\/strong>\u00a0V\u1ea3i ch\u1ed1ng t\u0129nh \u0111i\u1ec7n<\/p>\n<p><strong>M\u00e0u s\u1eafc:<\/strong> Xanh \u0111\u1eadm<\/p>\n<p><strong>K\u00edch c\u1ee1:<\/strong>\u00a0M,L,XL,XXL<\/p>\n<p><strong>M\u00f4i tr\u01b0\u1eddng:<\/strong>\u00a0Ph\u00f2ng s\u1ea1ch, Ch\u1ed1ng t\u0129nh \u0111i\u1ec7n<\/p>\n<p><strong>Lo\u1ea1i:\u00a0<\/strong>Qu\u1ea7n \u00e1o r\u1eddi, c\u00f3 t\u00fai tr\u01b0\u1edbc ng\u1ef1c, t\u00fai c\u00e0i b\u00fat<\/p>\n<p><strong>Xu\u1ea5t x\u1ee9:<\/strong>\u00a0Vi\u1ec7t Nam<\/p>","protected":false},"featured_media":30513,"template":"","meta":[],"_links":{"self":[{"href":"http:\/\/handan.com.vn\/en\/wp-json\/wp\/v2\/product\/30537"}],"collection":[{"href":"http:\/\/handan.com.vn\/en\/wp-json\/wp\/v2\/product"}],"about":[{"href":"http:\/\/handan.com.vn\/en\/wp-json\/wp\/v2\/types\/product"}],"wp:featuredmedia":[{"embeddable":true,"href":"http:\/\/handan.com.vn\/en\/wp-json\/wp\/v2\/media\/30513"}],"wp:attachment":[{"href":"http:\/\/handan.com.vn\/en\/wp-json\/wp\/v2\/media?parent=30537"}],"curies":[{"name":"wp","href":"https:\/\/api.w.org\/{rel}","templated":true}]}}