{"id":30498,"date":"2024-12-23T09:50:11","date_gmt":"2024-12-23T02:50:11","guid":{"rendered":"https:\/\/handan.com.vn\/?post_type=product&#038;p=30498"},"modified":"2026-01-05T15:16:35","modified_gmt":"2026-01-05T08:16:35","slug":"giay-nhoi-tui","status":"publish","type":"product","link":"http:\/\/handan.com.vn\/en\/product\/giay-nhoi-tui\/","title":{"rendered":"Gi\u1ea5y nh\u1ed3i t\u00fai"},"content":{"rendered":"<p>Gi\u1ea5y nh\u1ed3i t\u00fai, m\u1eb7c d\u00f9 c\u00f3 v\u1ebb nh\u01b0 l\u00e0 m\u1ed9t chi ti\u1ebft nh\u1ecf trong qu\u00e1 tr\u00ecnh s\u1ea3n xu\u1ea5t v\u00e0 ti\u00eau th\u1ee5 balo, t\u00fai x\u00e1ch, nh\u01b0ng th\u1ef1c t\u1ebf \u0111\u00f3ng vai tr\u00f2 quan tr\u1ecdng kh\u00f4ng ch\u1ec9 trong vi\u1ec7c b\u1ea3o v\u1ec7 s\u1ea3n ph\u1ea9m m\u00e0 c\u00f2n g\u00f3p ph\u1ea7n v\u00e0o s\u1ef1 ph\u00e1t tri\u1ec3n c\u1ee7a ng\u00e0nh c\u00f4ng nghi\u1ec7p n\u00e0y. Ph\u00e2n t\u00edch s\u00e2u h\u01a1n v\u1ec1 c\u00f4ng d\u1ee5ng v\u00e0 t\u1ea7m quan tr\u1ecdng c\u1ee7a gi\u1ea5y nh\u1ed3i trong ng\u00e0nh s\u1ea3n xu\u1ea5t balo, t\u00fai x\u00e1ch, ta c\u00f3 th\u1ec3 nh\u1eadn th\u1ea5y m\u1ed9t s\u1ed1 y\u1ebfu t\u1ed1 \u0111\u00e1ng ch\u00fa \u00fd.<\/p>\n<h3>1. <strong>Ch\u1ee9c n\u0103ng b\u1ea3o v\u1ec7 s\u1ea3n ph\u1ea9m<\/strong><\/h3>\n<p>Gi\u1ea5y nh\u1ed3i l\u00e0 m\u1ed9t gi\u1ea3i ph\u00e1p hi\u1ec7u qu\u1ea3 gi\u00fap b\u1ea3o v\u1ec7 s\u1ea3n ph\u1ea9m trong su\u1ed1t qu\u00e1 tr\u00ecnh v\u1eadn chuy\u1ec3n, l\u01b0u kho v\u00e0 b\u1ea3o qu\u1ea3n. C\u00e1c s\u1ea3n ph\u1ea9m nh\u01b0 balo, t\u00fai x\u00e1ch th\u01b0\u1eddng c\u00f3 k\u1ebft c\u1ea5u m\u1ec1m m\u1ea1i, d\u1ec5 b\u1ecb m\u00f3p m\u00e9o ho\u1eb7c bi\u1ebfn d\u1ea1ng n\u1ebfu kh\u00f4ng \u0111\u01b0\u1ee3c b\u1ea3o v\u1ec7 \u0111\u00fang c\u00e1ch. Vi\u1ec7c s\u1eed d\u1ee5ng gi\u1ea5y nh\u1ed3i gi\u00fap gi\u1eef nguy\u00ean h\u00ecnh d\u00e1ng ban \u0111\u1ea7u c\u1ee7a s\u1ea3n ph\u1ea9m, tr\u00e1nh t\u00ecnh tr\u1ea1ng nh\u0103n, bi\u1ebfn d\u1ea1ng, th\u1eadm ch\u00ed b\u1ecb r\u00e1ch trong qu\u00e1 tr\u00ecnh v\u1eadn chuy\u1ec3n. \u0110i\u1ec1u n\u00e0y \u0111\u1eb7c bi\u1ec7t quan tr\u1ecdng \u0111\u1ed1i v\u1edbi c\u00e1c s\u1ea3n ph\u1ea9m cao c\u1ea5p ho\u1eb7c c\u00f3 thi\u1ebft k\u1ebf \u0111\u1eb7c bi\u1ec7t, n\u01a1i m\u00e0 m\u1ed7i chi ti\u1ebft, form d\u00e1ng \u0111\u1ec1u c\u1ea7n ph\u1ea3i \u0111\u01b0\u1ee3c b\u1ea3o v\u1ec7 m\u1ed9t c\u00e1ch t\u1ed1i \u01b0u.<\/p>\n<h3>2. <strong>Kh\u1ea3 n\u0103ng th\u1ea5m h\u00fat \u1ea9m v\u00e0 b\u1ea3o v\u1ec7 ch\u1ed1ng \u1ea9m m\u1ed1c<\/strong><\/h3>\n<p>Gi\u1ea5y nh\u1ed3i th\u01b0\u1eddng \u0111\u01b0\u1ee3c l\u00e0m t\u1eeb gi\u1ea5y tissue, c\u00f3 kh\u1ea3 n\u0103ng th\u1ea5m h\u00fat \u1ea9m r\u1ea5t t\u1ed1t. \u0110\u00e2y l\u00e0 m\u1ed9t y\u1ebfu t\u1ed1 c\u1ef1c k\u1ef3 quan tr\u1ecdng trong vi\u1ec7c b\u1ea3o v\u1ec7 c\u00e1c s\u1ea3n ph\u1ea9m da, v\u1ea3i ho\u1eb7c c\u00e1c ch\u1ea5t li\u1ec7u nh\u1ea1y c\u1ea3m kh\u00e1c kh\u1ecfi \u1ea9m m\u1ed1c v\u00e0 h\u01b0 h\u1ea1i. \u0110\u1eb7c bi\u1ec7t trong nh\u1eefng \u0111i\u1ec1u ki\u1ec7n kh\u00ed h\u1eadu n\u00f3ng \u1ea9m, vi\u1ec7c s\u1eed d\u1ee5ng gi\u1ea5y nh\u1ed3i gi\u00fap h\u00fat \u1ea9m, ng\u0103n ng\u1eeba s\u1ef1 ph\u00e1t tri\u1ec3n c\u1ee7a n\u1ea5m m\u1ed1c v\u00e0 vi khu\u1ea9n, t\u1eeb \u0111\u00f3 gi\u1eef cho s\u1ea3n ph\u1ea9m lu\u00f4n trong tr\u1ea1ng th\u00e1i m\u1edbi v\u00e0 s\u1ea1ch s\u1ebd. \u0110i\u1ec1u n\u00e0y kh\u00f4ng ch\u1ec9 gi\u00fap n\u00e2ng cao ch\u1ea5t l\u01b0\u1ee3ng s\u1ea3n ph\u1ea9m m\u00e0 c\u00f2n \u0111\u1ea3m b\u1ea3o s\u1ee9c kh\u1ecfe cho ng\u01b0\u1eddi s\u1eed d\u1ee5ng.<\/p>\n<h3>3. <strong>T\u00e1c \u0111\u1ed9ng \u0111\u1ebfn th\u1ea9m m\u1ef9 v\u00e0 gi\u00e1 tr\u1ecb th\u01b0\u01a1ng hi\u1ec7u<\/strong><\/h3>\n<p>M\u1eb7c d\u00f9 l\u00e0 m\u1ed9t chi ti\u1ebft nh\u1ecf, nh\u01b0ng vi\u1ec7c s\u1eed d\u1ee5ng gi\u1ea5y nh\u1ed3i c\u00f3 th\u1ec3 \u1ea3nh h\u01b0\u1edfng \u0111\u00e1ng k\u1ec3 \u0111\u1ebfn c\u1ea3m nh\u1eadn c\u1ee7a kh\u00e1ch h\u00e0ng v\u1ec1 ch\u1ea5t l\u01b0\u1ee3ng s\u1ea3n ph\u1ea9m. Nh\u1eefng chi\u1ebfc balo, t\u00fai x\u00e1ch khi \u0111\u01b0\u1ee3c \u0111\u00f3ng g\u00f3i c\u1ea9n th\u1eadn, b\u1ea3o v\u1ec7 t\u1ed1t v\u00e0 kh\u00f4ng b\u1ecb bi\u1ebfn d\u1ea1ng s\u1ebd t\u1ea1o c\u1ea3m gi\u00e1c cao c\u1ea5p v\u00e0 ch\u1ea5t l\u01b0\u1ee3ng. \u0110\u00e2y ch\u00ednh l\u00e0 m\u1ed9t ph\u1ea7n c\u1ee7a chi\u1ebfn l\u01b0\u1ee3c x\u00e2y d\u1ef1ng th\u01b0\u01a1ng hi\u1ec7u, \u0111\u1eb7c bi\u1ec7t \u0111\u1ed1i v\u1edbi c\u00e1c th\u01b0\u01a1ng hi\u1ec7u cao c\u1ea5p. Kh\u00e1ch h\u00e0ng lu\u00f4n c\u1ea3m th\u1ea5y y\u00ean t\u00e2m v\u00e0 h\u00e0i l\u00f2ng khi nh\u1eadn \u0111\u01b0\u1ee3c s\u1ea3n ph\u1ea9m trong t\u00ecnh tr\u1ea1ng ho\u00e0n h\u1ea3o, kh\u00f4ng c\u00f3 d\u1ea5u hi\u1ec7u b\u1ecb m\u00f3p m\u00e9o hay bi\u1ebfn d\u1ea1ng. Vi\u1ec7c s\u1eed d\u1ee5ng gi\u1ea5y nh\u1ed3i kh\u00f4ng ch\u1ec9 b\u1ea3o v\u1ec7 s\u1ea3n ph\u1ea9m m\u00e0 c\u00f2n g\u1eedi g\u1eafm th\u00f4ng \u0111i\u1ec7p v\u1ec1 s\u1ef1 t\u1ec9 m\u1ec9 v\u00e0 ch\u00fa tr\u1ecdng \u0111\u1ebfn t\u1eebng chi ti\u1ebft c\u1ee7a doanh nghi\u1ec7p.<\/p>\n<h3>4. <strong>T\u00ednh linh ho\u1ea1t v\u00e0 t\u00f9y ch\u1ec9nh cao<\/strong><\/h3>\n<p>M\u1ed9t y\u1ebfu t\u1ed1 quan tr\u1ecdng l\u00e0m t\u0103ng t\u00ednh ph\u1ed5 bi\u1ebfn v\u00e0 nhu c\u1ea7u s\u1eed d\u1ee5ng gi\u1ea5y nh\u1ed3i trong ng\u00e0nh s\u1ea3n xu\u1ea5t balo, t\u00fai x\u00e1ch ch\u00ednh l\u00e0 kh\u1ea3 n\u0103ng linh ho\u1ea1t v\u00e0 t\u00f9y ch\u1ec9nh c\u1ee7a lo\u1ea1i gi\u1ea5y n\u00e0y. Gi\u1ea5y nh\u1ed3i c\u00f3 th\u1ec3 \u0111\u01b0\u1ee3c s\u1ea3n xu\u1ea5t v\u1edbi nhi\u1ec1u k\u00edch th\u01b0\u1edbc v\u00e0 h\u00ecnh d\u1ea1ng kh\u00e1c nhau \u0111\u1ec3 ph\u00f9 h\u1ee3p v\u1edbi t\u1eebng s\u1ea3n ph\u1ea9m c\u1ee5 th\u1ec3. T\u00f9y thu\u1ed9c v\u00e0o k\u00edch th\u01b0\u1edbc v\u00e0 c\u1ea5u tr\u00fac c\u1ee7a t\u1eebng lo\u1ea1i balo, t\u00fai x\u00e1ch, gi\u1ea5y nh\u1ed3i c\u00f3 th\u1ec3 \u0111\u01b0\u1ee3c c\u1eaft v\u00e0 \u0111i\u1ec1u ch\u1ec9nh sao cho v\u1eeba v\u1eb7n, \u0111\u1ea3m b\u1ea3o hi\u1ec7u qu\u1ea3 b\u1ea3o v\u1ec7 t\u1ed1i \u01b0u m\u00e0 kh\u00f4ng l\u00e0m \u1ea3nh h\u01b0\u1edfng \u0111\u1ebfn di\u1ec7n m\u1ea1o c\u1ee7a s\u1ea3n ph\u1ea9m.<\/p>\n<p>Ngo\u00e0i ra, c\u00e1c doanh nghi\u1ec7p c\u00f3 th\u1ec3 y\u00eau c\u1ea7u gi\u1ea5y nh\u1ed3i \u0111\u01b0\u1ee3c thi\u1ebft k\u1ebf v\u1edbi c\u00e1c m\u00e0u s\u1eafc, h\u1ecda ti\u1ebft ho\u1eb7c logo ri\u00eang bi\u1ec7t \u0111\u1ec3 t\u1ea1o s\u1ef1 kh\u00e1c bi\u1ec7t, g\u00f3p ph\u1ea7n x\u00e2y d\u1ef1ng nh\u1eadn di\u1ec7n th\u01b0\u01a1ng hi\u1ec7u. \u0110i\u1ec1u n\u00e0y kh\u00f4ng ch\u1ec9 gi\u00fap b\u1ea3o v\u1ec7 s\u1ea3n ph\u1ea9m m\u00e0 c\u00f2n l\u00e0m t\u0103ng th\u00eam gi\u00e1 tr\u1ecb th\u1ea9m m\u1ef9 v\u00e0 s\u1ef1 chuy\u00ean nghi\u1ec7p c\u1ee7a th\u01b0\u01a1ng hi\u1ec7u trong m\u1eaft kh\u00e1ch h\u00e0ng.<\/p>\n<h3>5. <strong>Gi\u1ea3m thi\u1ec3u chi ph\u00ed v\u1eadn chuy\u1ec3n v\u00e0 t\u1ed1i \u01b0u h\u00f3a kh\u00f4ng gian l\u01b0u tr\u1eef<\/strong><\/h3>\n<p>Vi\u1ec7c s\u1eed d\u1ee5ng gi\u1ea5y nh\u1ed3i c\u0169ng c\u00f3 t\u00e1c d\u1ee5ng trong vi\u1ec7c t\u1ed1i \u01b0u h\u00f3a kh\u00f4ng gian l\u01b0u tr\u1eef v\u00e0 v\u1eadn chuy\u1ec3n. Gi\u1ea5y nh\u1ed3i, v\u1edbi t\u00ednh ch\u1ea5t m\u1ecfng nh\u1eb9, kh\u00f4ng ch\u1ec9 gi\u00fap b\u1ea3o v\u1ec7 s\u1ea3n ph\u1ea9m m\u00e0 c\u00f2n l\u00e0m gi\u1ea3m tr\u1ecdng l\u01b0\u1ee3ng c\u1ee7a g\u00f3i h\u00e0ng, t\u1eeb \u0111\u00f3 gi\u1ea3m chi ph\u00ed v\u1eadn chuy\u1ec3n. \u0110\u1ed3ng th\u1eddi, gi\u1ea5y nh\u1ed3i c\u00f3 th\u1ec3 d\u1ec5 d\u00e0ng g\u1ea5p l\u1ea1i ho\u1eb7c \u0111i\u1ec1u ch\u1ec9nh \u0111\u1ec3 chi\u1ebfm \u00edt kh\u00f4ng gian h\u01a1n, gi\u00fap t\u1ed1i \u01b0u h\u00f3a kho b\u00e3i v\u00e0 gi\u1ea3m chi ph\u00ed l\u01b0u kho.<\/p>\n<h3>6. <strong>T\u00ednh b\u1ec1n v\u1eefng v\u00e0 th\u00e2n thi\u1ec7n v\u1edbi m\u00f4i tr\u01b0\u1eddng<\/strong><\/h3>\n<p>Hi\u1ec7n nay, nhi\u1ec1u doanh nghi\u1ec7p \u0111ang chuy\u1ec3n sang s\u1eed d\u1ee5ng c\u00e1c lo\u1ea1i gi\u1ea5y nh\u1ed3i c\u00f3 ngu\u1ed3n g\u1ed1c t\u1eeb v\u1eadt li\u1ec7u t\u00e1i ch\u1ebf ho\u1eb7c c\u00f3 kh\u1ea3 n\u0103ng ph\u00e2n h\u1ee7y sinh h\u1ecdc. \u0110\u00e2y l\u00e0 xu h\u01b0\u1edbng m\u1edbi trong ng\u00e0nh c\u00f4ng nghi\u1ec7p bao b\u00ec v\u00e0 \u0111\u00f3ng g\u00f3i, h\u01b0\u1edbng \u0111\u1ebfn m\u1ee5c ti\u00eau b\u1ea3o v\u1ec7 m\u00f4i tr\u01b0\u1eddng. S\u1ef1 chuy\u1ec3n m\u00ecnh n\u00e0y kh\u00f4ng ch\u1ec9 gi\u00fap c\u00e1c doanh nghi\u1ec7p gi\u1ea3m thi\u1ec3u t\u00e1c \u0111\u1ed9ng ti\u00eau c\u1ef1c \u0111\u1ebfn m\u00f4i tr\u01b0\u1eddng m\u00e0 c\u00f2n \u0111\u00e1p \u1ee9ng nhu c\u1ea7u c\u1ee7a m\u1ed9t b\u1ed9 ph\u1eadn kh\u00e1ch h\u00e0ng quan t\u00e2m \u0111\u1ebfn v\u1ea5n \u0111\u1ec1 b\u1ea3o v\u1ec7 thi\u00ean nhi\u00ean.<\/p>","protected":false},"excerpt":{"rendered":"<p>Gi\u1ea5y nh\u1ed3i t\u00fai, m\u1eb7c d\u00f9 c\u00f3 v\u1ebb nh\u01b0 l\u00e0 m\u1ed9t chi ti\u1ebft nh\u1ecf trong qu\u00e1 tr\u00ecnh s\u1ea3n xu\u1ea5t v\u00e0 ti\u00eau th\u1ee5 balo, t\u00fai x\u00e1ch, nh\u01b0ng th\u1ef1c t\u1ebf \u0111\u00f3ng vai tr\u00f2 quan tr\u1ecdng kh\u00f4ng ch\u1ec9 trong vi\u1ec7c b\u1ea3o v\u1ec7 s\u1ea3n ph\u1ea9m m\u00e0 c\u00f2n g\u00f3p ph\u1ea7n v\u00e0o s\u1ef1 ph\u00e1t tri\u1ec3n c\u1ee7a ng\u00e0nh c\u00f4ng nghi\u1ec7p n\u00e0y. Ph\u00e2n t\u00edch [&#8230;]","protected":false},"featured_media":30499,"template":"","meta":[],"_links":{"self":[{"href":"http:\/\/handan.com.vn\/en\/wp-json\/wp\/v2\/product\/30498"}],"collection":[{"href":"http:\/\/handan.com.vn\/en\/wp-json\/wp\/v2\/product"}],"about":[{"href":"http:\/\/handan.com.vn\/en\/wp-json\/wp\/v2\/types\/product"}],"wp:featuredmedia":[{"embeddable":true,"href":"http:\/\/handan.com.vn\/en\/wp-json\/wp\/v2\/media\/30499"}],"wp:attachment":[{"href":"http:\/\/handan.com.vn\/en\/wp-json\/wp\/v2\/media?parent=30498"}],"curies":[{"name":"wp","href":"https:\/\/api.w.org\/{rel}","templated":true}]}}