{"id":30492,"date":"2024-12-20T16:37:44","date_gmt":"2024-12-20T09:37:44","guid":{"rendered":"https:\/\/handan.com.vn\/?post_type=product&#038;p=30492"},"modified":"2026-01-05T15:16:35","modified_gmt":"2026-01-05T08:16:35","slug":"thanh-nep-giay-carton-chu-u","status":"publish","type":"product","link":"http:\/\/handan.com.vn\/en\/product\/thanh-nep-giay-carton-chu-u\/","title":{"rendered":"Thanh n\u1eb9p gi\u1ea5y Carton ch\u1eef U"},"content":{"rendered":"<p><strong>Thanh n\u1eb9p gi\u1ea5y ch\u1eef U<\/strong> l\u00e0 m\u1ed9t lo\u1ea1i v\u1eadt li\u1ec7u \u0111\u00f3ng g\u00f3i \u0111\u01b0\u1ee3c s\u1eed d\u1ee5ng r\u1ed9ng r\u00e3i \u0111\u1ec3 b\u1ea3o v\u1ec7 c\u00e1c g\u00f3c c\u1ea1nh c\u1ee7a s\u1ea3n ph\u1ea9m trong qu\u00e1 tr\u00ecnh v\u1eadn chuy\u1ec3n v\u00e0 l\u01b0u tr\u1eef. C\u1ea5u t\u1ea1o c\u1ee7a thanh n\u1eb9p gi\u1ea5y ch\u1eef U \u0111\u01b0\u1ee3c l\u00e0m t\u1eeb nhi\u1ec1u l\u1edbp gi\u1ea5y, v\u1edbi \u0111\u1ed9 r\u1ed9ng dao \u0111\u1ed9ng t\u1eeb 30mm \u0111\u1ebfn 100mm v\u00e0 \u0111\u1ed9 d\u00e0y t\u1eeb 2mm \u0111\u1ebfn 10mm. C\u00e1c l\u1edbp gi\u1ea5y n\u00e0y \u0111\u01b0\u1ee3c x\u1ebfp ch\u1ed3ng l\u00ean nhau v\u00e0 g\u1eafn k\u1ebft b\u1eb1ng keo \u0111\u1ec3 t\u1ea1o ra h\u00ecnh d\u1ea1ng ch\u1eef U, gi\u00fap s\u1ea3n ph\u1ea9m lu\u00f4n \u0111\u01b0\u1ee3c c\u1ed1 \u0111\u1ecbnh v\u00e0 b\u1ea3o v\u1ec7 c\u00e1c g\u00f3c c\u1ea1nh trong su\u1ed1t qu\u00e1 tr\u00ecnh v\u1eadn chuy\u1ec3n.<\/p>\n<h3>\u01afu \u0111i\u1ec3m c\u1ee7a thanh n\u1eb9p gi\u1ea5y ch\u1eef U:<\/h3>\n<ul>\n<li><strong>B\u1ea3o v\u1ec7 hi\u1ec7u qu\u1ea3<\/strong>: Thanh n\u1eb9p gi\u1ea5y ch\u1eef U gi\u00fap b\u1ea3o v\u1ec7 c\u00e1c g\u00f3c c\u1ea1nh c\u1ee7a s\u1ea3n ph\u1ea9m, gi\u1ea3m thi\u1ec3u t\u1ed1i \u0111a nguy c\u01a1 b\u1ecb m\u00f3p m\u00e9o ho\u1eb7c h\u01b0 h\u1ecfng trong su\u1ed1t qu\u00e1 tr\u00ecnh v\u1eadn chuy\u1ec3n. \u0110\u00e2y l\u00e0 gi\u1ea3i ph\u00e1p l\u00fd t\u01b0\u1edfng cho c\u00e1c s\u1ea3n ph\u1ea9m d\u1ec5 v\u1ee1 nh\u01b0 g\u1ed1m s\u1ee9, th\u1ee7y tinh, v\u00e0 \u0111\u1ed3 \u0111i\u1ec7n t\u1eed.<\/li>\n<li><strong>Gi\u1ea3m thi\u1ec3u t\u1ed5n th\u1ea5t<\/strong>: Vi\u1ec7c s\u1eed d\u1ee5ng thanh n\u1eb9p gi\u1ea5y ch\u1eef U gi\u00fap gi\u1ea3m thi\u1ec3u t\u00ecnh tr\u1ea1ng h\u01b0 h\u1ecfng do va \u0111\u1eadp, gi\u00fap ti\u1ebft ki\u1ec7m chi ph\u00ed trong qu\u00e1 tr\u00ecnh v\u1eadn chuy\u1ec3n v\u00e0 l\u01b0u kho.<\/li>\n<li><strong>Tr\u1ecdng l\u01b0\u1ee3ng nh\u1eb9<\/strong>: V\u1edbi nguy\u00ean li\u1ec7u ch\u1ee7 y\u1ebfu l\u00e0 gi\u1ea5y kraft, thanh n\u1eb9p ch\u1eef U c\u00f3 tr\u1ecdng l\u01b0\u1ee3ng nh\u1eb9, d\u1ec5 d\u00e0ng v\u1eadn chuy\u1ec3n v\u00e0 kh\u00f4ng l\u00e0m t\u0103ng th\u00eam chi ph\u00ed v\u1eadn chuy\u1ec3n c\u1ee7a doanh nghi\u1ec7p.<\/li>\n<li><strong>T\u00ednh linh ho\u1ea1t<\/strong>: Thanh n\u1eb9p gi\u1ea5y ch\u1eef U c\u00f3 nhi\u1ec1u k\u00edch th\u01b0\u1edbc v\u00e0 \u0111\u1ed9 d\u00e0y kh\u00e1c nhau, t\u1eeb 30x30x3mm \u0111\u1ebfn 50x50x7mm, gi\u00fap \u0111\u00e1p \u1ee9ng nhu c\u1ea7u \u0111a d\u1ea1ng c\u1ee7a kh\u00e1ch h\u00e0ng. Doanh nghi\u1ec7p c\u0169ng c\u00f3 th\u1ec3 \u0111\u1eb7t h\u00e0ng theo y\u00eau c\u1ea7u v\u1ec1 k\u00edch th\u01b0\u1edbc v\u00e0 \u0111\u1ed9 d\u00e0y t\u00f9y theo m\u1ee5c \u0111\u00edch s\u1eed d\u1ee5ng.<\/li>\n<li><strong>T\u00e1i s\u1eed d\u1ee5ng<\/strong>: Thanh n\u1eb9p gi\u1ea5y ch\u1eef U \u0111\u01b0\u1ee3c s\u1ea3n xu\u1ea5t t\u1eeb c\u00e1c v\u1eadt li\u1ec7u c\u00f3 th\u1ec3 t\u00e1i ch\u1ebf, mang l\u1ea1i l\u1ee3i \u00edch v\u1ec1 m\u00f4i tr\u01b0\u1eddng v\u00e0 gi\u1ea3m thi\u1ec3u chi ph\u00ed s\u1ea3n xu\u1ea5t cho c\u00e1c doanh nghi\u1ec7p.<\/li>\n<\/ul>\n<h3>K\u00edch th\u01b0\u1edbc s\u1ea3n ph\u1ea9m<\/h3>\n<p>Thanh n\u1eb9p gi\u1ea5y ch\u1eef U c\u00f3 th\u1ec3 \u0111\u01b0\u1ee3c s\u1ea3n xu\u1ea5t theo c\u00e1c k\u00edch th\u01b0\u1edbc ti\u00eau chu\u1ea9n sau:<\/p>\n<ul>\n<li><strong>\u0110\u1ed9 r\u1ed9ng<\/strong>: T\u1eeb 30mm \u0111\u1ebfn 100mm<\/li>\n<li><strong>\u0110\u1ed9 d\u00e0y<\/strong>: T\u1eeb 2mm \u0111\u1ebfn 10mm<\/li>\n<li><strong>Chi\u1ec1u d\u00e0i<\/strong>: T\u00f9y theo y\u00eau c\u1ea7u c\u1ee7a kh\u00e1ch h\u00e0ng.<\/li>\n<\/ul>\n<p>C\u00e1c k\u00edch th\u01b0\u1edbc ti\u00eau bi\u1ec3u bao g\u1ed3m:<\/p>\n<ul>\n<li>30 x 30 x 3mm<\/li>\n<li>40 x 40 x 3mm<\/li>\n<li>50 x 50 x 3mm<\/li>\n<li>30 x 30 x 4mm<\/li>\n<li>40 x 40 x 4mm<\/li>\n<li>50 x 50 x 4mm<\/li>\n<li>30 x 30 x 5mm<\/li>\n<li>40 x 40 x 5mm<\/li>\n<li>50 x 50 x 5mm<\/li>\n<li>40 x 40 x 6mm<\/li>\n<li>50 x 50 x 6mm<\/li>\n<li>40 x 40 x 7mm<\/li>\n<li>50 x 50 x 7mm<\/li>\n<\/ul>\n<h3>L\u1ee3i \u00edch khi s\u1eed d\u1ee5ng thanh n\u1eb9p gi\u1ea5y ch\u1eef U:<\/h3>\n<ul>\n<li><strong>B\u1ea3o v\u1ec7 h\u00e0ng h\u00f3a xu\u1ea5t kh\u1ea9u<\/strong>: Thanh n\u1eb9p gi\u1ea5y ch\u1eef U gi\u00fap b\u1ea3o v\u1ec7 h\u00e0ng h\u00f3a xu\u1ea5t kh\u1ea9u kh\u1ecfi c\u00e1c va \u0111\u1eadp v\u00e0 h\u01b0 h\u1ecfng, gi\u1eef s\u1ea3n ph\u1ea9m nguy\u00ean v\u1eb9n khi \u0111\u1ebfn tay kh\u00e1ch h\u00e0ng.<\/li>\n<li><strong>Ti\u1ebft ki\u1ec7m chi ph\u00ed<\/strong>: Vi\u1ec7c s\u1eed d\u1ee5ng thanh n\u1eb9p gi\u1ea5y gi\u00fap c\u00e1c doanh nghi\u1ec7p ti\u1ebft ki\u1ec7m chi ph\u00ed v\u1eadn chuy\u1ec3n nh\u1edd v\u00e0o tr\u1ecdng l\u01b0\u1ee3ng nh\u1eb9 c\u1ee7a s\u1ea3n ph\u1ea9m.<\/li>\n<li><strong>T\u00ednh th\u00e2n thi\u1ec7n v\u1edbi m\u00f4i tr\u01b0\u1eddng<\/strong>: V\u1edbi kh\u1ea3 n\u0103ng t\u00e1i ch\u1ebf 100%, thanh n\u1eb9p gi\u1ea5y ch\u1eef U gi\u00fap doanh nghi\u1ec7p gi\u1ea3m thi\u1ec3u t\u00e1c \u0111\u1ed9ng ti\u00eau c\u1ef1c \u0111\u1ebfn m\u00f4i tr\u01b0\u1eddng v\u00e0 th\u00fac \u0111\u1ea9y xu h\u01b0\u1edbng s\u1eed d\u1ee5ng bao b\u00ec xanh.<\/li>\n<\/ul>\n<p>Nh\u1edd v\u00e0o nh\u1eefng \u01b0u \u0111i\u1ec3m v\u01b0\u1ee3t tr\u1ed9i n\u00e0y, thanh n\u1eb9p gi\u1ea5y ch\u1eef U \u0111\u00e3 tr\u1edf th\u00e0nh l\u1ef1a ch\u1ecdn ph\u1ed5 bi\u1ebfn c\u1ee7a c\u00e1c doanh nghi\u1ec7p trong ng\u00e0nh xu\u1ea5t kh\u1ea9u, v\u1eadn chuy\u1ec3n v\u00e0 \u0111\u00f3ng g\u00f3i.<\/p>","protected":false},"excerpt":{"rendered":"<div class=\"tl\"><strong>K\u00edch th\u01b0\u1edbc:<\/strong>\u00a0C\u00e1nh t\u1eeb 30 \u0111\u1ebfn 100mm<\/div>\n<div class=\"tl\"><strong>\u0110\u1ed9 d\u00e0y:<\/strong>\u00a0T\u1eeb 2 \u0111\u1ebfn 10 mm<\/div>\n<div class=\"tl\"><strong>Chi\u1ec1u d\u00e0i:\u00a0<\/strong>\u00a0C\u1eaft theo y\u00eau c\u1ea7u<\/div>","protected":false},"featured_media":30493,"template":"","meta":[],"_links":{"self":[{"href":"http:\/\/handan.com.vn\/en\/wp-json\/wp\/v2\/product\/30492"}],"collection":[{"href":"http:\/\/handan.com.vn\/en\/wp-json\/wp\/v2\/product"}],"about":[{"href":"http:\/\/handan.com.vn\/en\/wp-json\/wp\/v2\/types\/product"}],"wp:featuredmedia":[{"embeddable":true,"href":"http:\/\/handan.com.vn\/en\/wp-json\/wp\/v2\/media\/30493"}],"wp:attachment":[{"href":"http:\/\/handan.com.vn\/en\/wp-json\/wp\/v2\/media?parent=30492"}],"curies":[{"name":"wp","href":"https:\/\/api.w.org\/{rel}","templated":true}]}}