{"id":30487,"date":"2024-12-20T15:59:28","date_gmt":"2024-12-20T08:59:28","guid":{"rendered":"https:\/\/handan.com.vn\/?post_type=product&#038;p=30487"},"modified":"2026-01-05T15:16:35","modified_gmt":"2026-01-05T08:16:35","slug":"thanh-nep-goc-giay-carton","status":"publish","type":"product","link":"http:\/\/handan.com.vn\/en\/product\/thanh-nep-goc-giay-carton\/","title":{"rendered":"Thanh n\u1eb9p g\u00f3c gi\u1ea5y Carton"},"content":{"rendered":"<p><strong>Thanh N\u1eb9p G\u00f3c Gi\u1ea5y (Ke G\u00f3c Gi\u1ea5y, Thanh Bo G\u00f3c)<\/strong><\/p>\n<p>Thanh n\u1eb9p g\u00f3c gi\u1ea5y l\u00e0 m\u1ed9t ph\u1ee5 ki\u1ec7n \u0111\u00f3ng g\u00f3i \u0111\u01b0\u1ee3c s\u1eed d\u1ee5ng \u0111\u1ec3 b\u1ea3o v\u1ec7 v\u00e0 c\u1ed1 \u0111\u1ecbnh c\u00e1c c\u1ea1nh c\u1ee7a s\u1ea3n ph\u1ea9m trong qu\u00e1 tr\u00ecnh v\u1eadn chuy\u1ec3n v\u00e0 b\u1ea3o qu\u1ea3n. Ch\u00fang c\u00f3 nhi\u1ec1u h\u00ecnh d\u1ea1ng kh\u00e1c nhau nh\u01b0 ch\u1eef V, L, U ho\u1eb7c g\u00f3c vu\u00f4ng 90 \u0111\u1ed9, t\u00f9y thu\u1ed9c v\u00e0o y\u00eau c\u1ea7u c\u1ee5 th\u1ec3 c\u1ee7a kh\u00e1ch h\u00e0ng v\u00e0 s\u1ea3n ph\u1ea9m c\u1ea7n b\u1ea3o v\u1ec7. Thanh n\u1eb9p g\u00f3c gi\u1ea5y gi\u00fap gi\u1eef cho h\u00e0ng h\u00f3a \u1ed5n \u0111\u1ecbnh v\u00e0 kh\u00f4ng b\u1ecb x\u00f4 l\u1ec7ch, tr\u00e1nh b\u1ecb \u1ea3nh h\u01b0\u1edfng b\u1edfi c\u00e1c t\u00e1c \u0111\u1ed9ng trong qu\u00e1 tr\u00ecnh v\u1eadn chuy\u1ec3n v\u00e0 b\u1ea3o qu\u1ea3n.<\/p>\n<p><strong>C\u00f4ng D\u1ee5ng Ch\u00ednh C\u1ee7a Thanh N\u1eb9p G\u00f3c Gi\u1ea5y<\/strong><\/p>\n<p>Thanh n\u1eb9p g\u00f3c gi\u1ea5y ch\u1ee7 y\u1ebfu \u0111\u01b0\u1ee3c s\u1eed d\u1ee5ng trong ng\u00e0nh bao b\u00ec v\u00e0 v\u1eadn chuy\u1ec3n, v\u1edbi m\u1ee5c \u0111\u00edch b\u1ea3o v\u1ec7 c\u00e1c c\u1ea1nh c\u1ee7a c\u00e1c s\u1ea3n ph\u1ea9m nh\u01b0 th\u00f9ng carton, k\u00ednh, g\u1ed7, g\u1ed1m s\u1ee9, t\u1ea5m v\u00e1n, v\u00e0 c\u00e1c s\u1ea3n ph\u1ea9m d\u1ec5 v\u1ee1 kh\u00e1c. Ch\u00fang gi\u00fap:<\/p>\n<ol>\n<li><strong>B\u1ea3o v\u1ec7 c\u00e1c c\u1ea1nh c\u1ee7a s\u1ea3n ph\u1ea9m:<\/strong> \u0110\u1ea3m b\u1ea3o r\u1eb1ng c\u00e1c g\u00f3c c\u1ea1nh c\u1ee7a s\u1ea3n ph\u1ea9m kh\u00f4ng b\u1ecb va \u0111\u1eadp ho\u1eb7c bi\u1ebfn d\u1ea1ng khi v\u1eadn chuy\u1ec3n.<\/li>\n<li><strong>C\u1ed1 \u0111\u1ecbnh s\u1ea3n ph\u1ea9m:<\/strong> Gi\u1eef cho h\u00e0ng h\u00f3a \u1ed5n \u0111\u1ecbnh v\u00e0 tr\u00e1nh x\u00f4 l\u1ec7ch trong su\u1ed1t qu\u00e1 tr\u00ecnh v\u1eadn chuy\u1ec3n.<\/li>\n<li><strong>Gia c\u1ed1 bao b\u00ec:<\/strong> T\u0103ng c\u01b0\u1eddng \u0111\u1ed9 c\u1ee9ng v\u00e0 t\u00ednh \u1ed5n \u0111\u1ecbnh c\u1ee7a bao b\u00ec, gi\u00fap b\u1ea3o v\u1ec7 t\u1ed1t h\u01a1n trong qu\u00e1 tr\u00ecnh v\u1eadn chuy\u1ec3n v\u00e0 b\u1ea3o qu\u1ea3n.<\/li>\n<\/ol>\n<p><strong>\u01afu \u0110i\u1ec3m C\u1ee7a Thanh N\u1eb9p G\u00f3c Gi\u1ea5y<\/strong><\/p>\n<ol>\n<li><strong>Thi\u1ebft k\u1ebf \u0111\u01a1n gi\u1ea3n v\u00e0 d\u1ec5 s\u1eed d\u1ee5ng:<\/strong> Thanh n\u1eb9p g\u00f3c gi\u1ea5y c\u00f3 thi\u1ebft k\u1ebf vu\u00f4ng v\u1eafn, nh\u1ecf g\u1ecdn v\u00e0 d\u1ec5 d\u00e0ng thao t\u00e1c trong qu\u00e1 tr\u00ecnh \u0111\u00f3ng g\u00f3i v\u00e0 v\u1eadn chuy\u1ec3n. Nh\u1edd v\u00e0o tr\u1ecdng l\u01b0\u1ee3ng nh\u1eb9, vi\u1ec7c l\u1eafp \u0111\u1eb7t v\u00e0 v\u1eadn chuy\u1ec3n s\u1ea3n ph\u1ea9m tr\u1edf n\u00ean d\u1ec5 d\u00e0ng v\u00e0 ti\u1ec7n l\u1ee3i.<\/li>\n<li><strong>\u0110\u1ed9 \u0111\u00e0n h\u1ed3i t\u1ed1t:<\/strong> So v\u1edbi c\u00e1c lo\u1ea1i thanh n\u1eb9p l\u00e0m t\u1eeb nh\u1ef1a, kim lo\u1ea1i ho\u1eb7c g\u1ed7, thanh n\u1eb9p g\u00f3c gi\u1ea5y c\u00f3 \u0111\u1ed9 \u0111\u00e0n h\u1ed3i t\u1ed1t h\u01a1n, gi\u00fap b\u1ea3o v\u1ec7 s\u1ea3n ph\u1ea9m t\u1ed1t h\u01a1n, \u0111\u1eb7c bi\u1ec7t l\u00e0 nh\u1eefng m\u1eb7t h\u00e0ng d\u1ec5 v\u1ee1 nh\u01b0 g\u1ed1m s\u1ee9, th\u1ee7y tinh, v.v.<\/li>\n<li><strong>M\u1eabu m\u00e3 v\u00e0 k\u00edch th\u01b0\u1edbc \u0111a d\u1ea1ng:<\/strong> Thanh n\u1eb9p g\u00f3c gi\u1ea5y c\u00f3 nhi\u1ec1u lo\u1ea1i h\u00ecnh d\u1ea1ng (ch\u1eef V, L, U, g\u00f3c vu\u00f4ng 90 \u0111\u1ed9) v\u00e0 k\u00edch th\u01b0\u1edbc kh\u00e1c nhau, gi\u00fap \u0111\u00e1p \u1ee9ng nhu c\u1ea7u s\u1eed d\u1ee5ng \u0111a d\u1ea1ng c\u1ee7a kh\u00e1ch h\u00e0ng. T\u1eeb c\u00e1c s\u1ea3n ph\u1ea9m nh\u1ecf \u0111\u1ebfn l\u1edbn, kh\u00e1ch h\u00e0ng c\u00f3 th\u1ec3 l\u1ef1a ch\u1ecdn lo\u1ea1i n\u1eb9p ph\u00f9 h\u1ee3p v\u1edbi t\u1eebng lo\u1ea1i s\u1ea3n ph\u1ea9m.<\/li>\n<li><strong>Gi\u00e1 th\u00e0nh h\u1ee3p l\u00fd:<\/strong> Thanh n\u1eb9p g\u00f3c gi\u1ea5y th\u01b0\u1eddng c\u00f3 gi\u00e1 th\u00e0nh r\u1ebb h\u01a1n so v\u1edbi c\u00e1c lo\u1ea1i v\u1eadt li\u1ec7u b\u1ea3o v\u1ec7 kh\u00e1c nh\u01b0 kim lo\u1ea1i ho\u1eb7c nh\u1ef1a. \u0110\u00e2y l\u00e0 s\u1ef1 l\u1ef1a ch\u1ecdn t\u1ed1i \u01b0u gi\u00fap c\u00e1c doanh nghi\u1ec7p ti\u1ebft ki\u1ec7m chi ph\u00ed trong qu\u00e1 tr\u00ecnh s\u1ea3n xu\u1ea5t v\u00e0 v\u1eadn chuy\u1ec3n.<\/li>\n<li><strong>Th\u00e2n thi\u1ec7n v\u1edbi m\u00f4i tr\u01b0\u1eddng:<\/strong> V\u00ec \u0111\u01b0\u1ee3c l\u00e0m t\u1eeb gi\u1ea5y t\u00e1i ch\u1ebf ho\u1eb7c gi\u1ea5y kraft, thanh n\u1eb9p g\u00f3c gi\u1ea5y kh\u00f4ng ch\u1ec9 an to\u00e0n cho ng\u01b0\u1eddi s\u1eed d\u1ee5ng m\u00e0 c\u00f2n g\u00f3p ph\u1ea7n b\u1ea3o v\u1ec7 m\u00f4i tr\u01b0\u1eddng, nh\u1edd kh\u1ea3 n\u0103ng ph\u00e2n h\u1ee7y sinh h\u1ecdc v\u00e0 t\u00e1i ch\u1ebf d\u1ec5 d\u00e0ng.<\/li>\n<\/ol>\n<p><strong>K\u00edch Th\u01b0\u1edbc Tham Kh\u1ea3o C\u1ee7a Thanh N\u1eb9p G\u00f3c Gi\u1ea5y<\/strong><\/p>\n<p>Thanh n\u1eb9p g\u00f3c gi\u1ea5y c\u00f3 th\u1ec3 \u0111\u01b0\u1ee3c s\u1ea3n xu\u1ea5t v\u1edbi nhi\u1ec1u k\u00edch th\u01b0\u1edbc kh\u00e1c nhau \u0111\u1ec3 ph\u00f9 h\u1ee3p v\u1edbi c\u00e1c s\u1ea3n ph\u1ea9m c\u1ee5 th\u1ec3. D\u01b0\u1edbi \u0111\u00e2y l\u00e0 m\u1ed9t s\u1ed1 k\u00edch th\u01b0\u1edbc ph\u1ed5 bi\u1ebfn c\u1ee7a thanh n\u1eb9p g\u00f3c gi\u1ea5y:<\/p>\n<ul>\n<li>30 x 30 x 3 mm<\/li>\n<li>40 x 40 x 3 mm<\/li>\n<li>50 x 50 x 3 mm<\/li>\n<li>30 x 30 x 4 mm<\/li>\n<li>40 x 40 x 4 mm<\/li>\n<li>50 x 50 x 4 mm<\/li>\n<li>30 x 30 x 5 mm<\/li>\n<li>40 x 40 x 5 mm<\/li>\n<li>50 x 50 x 5 mm<\/li>\n<li>40 x 40 x 6 mm<\/li>\n<li>50 x 50 x 6 mm<\/li>\n<li>40 x 40 x 7 mm<\/li>\n<li>50 x 50 x 7 mm<\/li>\n<\/ul>","protected":false},"excerpt":{"rendered":"<div class=\"tl\"><strong>K\u00edch th\u01b0\u1edbc:<\/strong>\u00a0C\u00e1nh t\u1eeb 30 \u0111\u1ebfn 100mm<\/div>\n<div><\/div>\n<div class=\"tl\"><strong>\u0110\u1ed9 d\u00e0y:<\/strong>\u00a0T\u1eeb 2 \u0111\u1ebfn 10 mm<\/div>\n<div><\/div>\n<div class=\"tl\"><strong>Chi\u1ec1u d\u00e0i:\u00a0<\/strong>\u00a0C\u1eaft theo y\u00eau c\u1ea7u<\/div>","protected":false},"featured_media":30491,"template":"","meta":[],"_links":{"self":[{"href":"http:\/\/handan.com.vn\/en\/wp-json\/wp\/v2\/product\/30487"}],"collection":[{"href":"http:\/\/handan.com.vn\/en\/wp-json\/wp\/v2\/product"}],"about":[{"href":"http:\/\/handan.com.vn\/en\/wp-json\/wp\/v2\/types\/product"}],"wp:featuredmedia":[{"embeddable":true,"href":"http:\/\/handan.com.vn\/en\/wp-json\/wp\/v2\/media\/30491"}],"wp:attachment":[{"href":"http:\/\/handan.com.vn\/en\/wp-json\/wp\/v2\/media?parent=30487"}],"curies":[{"name":"wp","href":"https:\/\/api.w.org\/{rel}","templated":true}]}}