{"id":30480,"date":"2024-12-20T15:52:38","date_gmt":"2024-12-20T08:52:38","guid":{"rendered":"https:\/\/handan.com.vn\/?post_type=product&#038;p=30480"},"modified":"2026-01-05T15:16:35","modified_gmt":"2026-01-05T08:16:35","slug":"thah-nep-goc-caryon-chu-v","status":"publish","type":"product","link":"http:\/\/handan.com.vn\/en\/product\/thah-nep-goc-caryon-chu-v\/","title":{"rendered":"Thah n\u1eb9p g\u00f3c Carton ch\u1eef V"},"content":{"rendered":"<p>Thanh n\u1eb9p g\u00f3c gi\u1ea5y ch\u1eef V l\u00e0 m\u1ed9t s\u1ea3n ph\u1ea9m \u0111\u00f3ng g\u00f3i quan tr\u1ecdng, \u0111\u01b0\u1ee3c s\u1eed d\u1ee5ng ch\u1ee7 y\u1ebfu \u0111\u1ec3 b\u1ea3o v\u1ec7 c\u00e1c g\u00f3c v\u00e0 c\u1ea1nh c\u1ee7a s\u1ea3n ph\u1ea9m trong qu\u00e1 tr\u00ecnh v\u1eadn chuy\u1ec3n, l\u01b0u kho v\u00e0 b\u1ea3o qu\u1ea3n. \u0110\u00e2y l\u00e0 m\u1ed9t ph\u1ee5 ki\u1ec7n \u0111\u00f3ng g\u00f3i b\u1eb1ng gi\u1ea5y c\u00f3 h\u00ecnh d\u1ea1ng ch\u1eef V, gi\u00fap b\u1ea3o v\u1ec7 c\u00e1c s\u1ea3n ph\u1ea9m kh\u1ecfi va \u0111\u1eadp, m\u00e0i m\u00f2n ho\u1eb7c m\u00e9o m\u00f3, \u0111\u1ed3ng th\u1eddi gia c\u1ed1 th\u00f9ng carton v\u00e0 gi\u00fap s\u1ea3n ph\u1ea9m \u1ed5n \u0111\u1ecbnh trong qu\u00e1 tr\u00ecnh di chuy\u1ec3n. Thanh n\u1eb9p g\u00f3c gi\u1ea5y ch\u1eef V \u0111\u01b0\u1ee3c thi\u1ebft k\u1ebf \u0111\u1eb7c bi\u1ec7t \u0111\u1ec3 \u1ee9ng d\u1ee5ng trong c\u00e1c ng\u00e0nh c\u00f4ng nghi\u1ec7p nh\u01b0 bao b\u00ec, s\u1ea3n xu\u1ea5t v\u00e0 v\u1eadn chuy\u1ec3n h\u00e0ng h\u00f3a.<\/p>\n<p><strong>C\u00f4ng D\u1ee5ng Ch\u00ednh C\u1ee7a Thanh N\u1eb9p G\u00f3c Gi\u1ea5y Ch\u1eef V<\/strong><\/p>\n<ol>\n<li><strong>B\u1ea3o v\u1ec7 g\u00f3c c\u1ea1nh c\u1ee7a s\u1ea3n ph\u1ea9m:<\/strong> Thanh n\u1eb9p g\u00f3c gi\u1ea5y ch\u1eef V \u0111\u01b0\u1ee3c s\u1eed d\u1ee5ng \u0111\u1ec3 b\u1ea3o v\u1ec7 c\u00e1c g\u00f3c c\u1ea1nh c\u1ee7a s\u1ea3n ph\u1ea9m nh\u01b0 th\u00f9ng carton, t\u1ea5m v\u00e1n, g\u1ed7, k\u00ednh, th\u1ee7y tinh ho\u1eb7c c\u00e1c \u0111\u1ed3 v\u1eadt d\u1ec5 v\u1ee1, d\u1ec5 tr\u1ea7y x\u01b0\u1edbc kh\u00e1c. Ch\u00fang gi\u00fap gi\u1ea3m thi\u1ec3u kh\u1ea3 n\u0103ng h\u01b0 h\u1ecfng khi s\u1ea3n ph\u1ea9m b\u1ecb va \u0111\u1eadp trong qu\u00e1 tr\u00ecnh v\u1eadn chuy\u1ec3n.<\/li>\n<li><strong>C\u1ee7ng c\u1ed1 bao b\u00ec \u0111\u00f3ng g\u00f3i:<\/strong> Ngo\u00e0i ch\u1ee9c n\u0103ng b\u1ea3o v\u1ec7, thanh n\u1eb9p g\u00f3c gi\u1ea5y c\u00f2n gi\u00fap c\u1ee7ng c\u1ed1 c\u00e1c th\u00f9ng carton ho\u1eb7c bao b\u00ec kh\u00e1c, t\u0103ng c\u01b0\u1eddng \u0111\u1ed9 c\u1ee9ng v\u00e0 t\u00ednh \u1ed5n \u0111\u1ecbnh. \u0110i\u1ec1u n\u00e0y gi\u00fap c\u00e1c s\u1ea3n ph\u1ea9m \u0111\u01b0\u1ee3c b\u1ea3o v\u1ec7 t\u1ed1t h\u01a1n kh\u1ecfi c\u00e1c t\u00e1c \u0111\u1ed9ng b\u00ean ngo\u00e0i trong su\u1ed1t qu\u00e1 tr\u00ecnh l\u01b0u kho v\u00e0 v\u1eadn chuy\u1ec3n.<\/li>\n<li><strong>Gi\u1ea3m thi\u1ec3u h\u01b0 h\u1ecfng trong qu\u00e1 tr\u00ecnh v\u1eadn chuy\u1ec3n:<\/strong> Vi\u1ec7c s\u1eed d\u1ee5ng thanh n\u1eb9p g\u00f3c gi\u1ea5y ch\u1eef V \u0111\u1ea3m b\u1ea3o r\u1eb1ng c\u00e1c s\u1ea3n ph\u1ea9m kh\u00f4ng b\u1ecb l\u1ec7ch ho\u1eb7c va \u0111\u1eadp m\u1ea1nh v\u00e0o c\u00e1c b\u1ec1 m\u1eb7t kh\u00e1c trong qu\u00e1 tr\u00ecnh v\u1eadn chuy\u1ec3n. \u0110i\u1ec1u n\u00e0y gi\u00fap gi\u1ea3m thi\u1ec3u kh\u1ea3 n\u0103ng h\u01b0 h\u1ecfng ho\u1eb7c tr\u1ea7y x\u01b0\u1edbc, gi\u1eef cho s\u1ea3n ph\u1ea9m lu\u00f4n \u1edf tr\u1ea1ng th\u00e1i t\u1ed1t nh\u1ea5t khi \u0111\u1ebfn tay kh\u00e1ch h\u00e0ng.<\/li>\n<li><strong>\u1ee8ng d\u1ee5ng trong c\u00e1c ng\u00e0nh c\u00f4ng nghi\u1ec7p:<\/strong> Thanh n\u1eb9p g\u00f3c gi\u1ea5y ch\u1eef V \u0111\u01b0\u1ee3c s\u1eed d\u1ee5ng r\u1ed9ng r\u00e3i trong ng\u00e0nh s\u1ea3n xu\u1ea5t, bao b\u00ec v\u00e0 v\u1eadn chuy\u1ec3n. N\u00f3 b\u1ea3o v\u1ec7 c\u00e1c s\u1ea3n ph\u1ea9m nh\u01b0 s\u00e1ch, h\u1ed9p gi\u1ea5y, t\u1ee7 l\u1ea1nh, \u0111\u1ed3 gia d\u1ee5ng, \u0111i\u1ec7n t\u1eed v\u00e0 c\u00e1c v\u1eadt ph\u1ea9m kh\u00e1c trong qu\u00e1 tr\u00ecnh v\u1eadn chuy\u1ec3n \u0111\u1ebfn ng\u01b0\u1eddi ti\u00eau d\u00f9ng.<\/li>\n<li><strong>Ti\u1ec7n l\u1ee3i v\u00e0 d\u1ec5 s\u1eed d\u1ee5ng:<\/strong> Thanh n\u1eb9p g\u00f3c gi\u1ea5y c\u00f3 thi\u1ebft k\u1ebf \u0111\u01a1n gi\u1ea3n, d\u1ec5 d\u00e0ng l\u1eafp \u0111\u1eb7t v\u00e0o c\u00e1c th\u00f9ng carton ho\u1eb7c s\u1ea3n ph\u1ea9m c\u1ea7n b\u1ea3o v\u1ec7. Nh\u1edd v\u00e0o thi\u1ebft k\u1ebf ch\u1eef V, thanh n\u1eb9p c\u00f3 th\u1ec3 d\u1ec5 d\u00e0ng g\u1eafn v\u00e0o g\u00f3c c\u1ee7a s\u1ea3n ph\u1ea9m, gi\u00fap gi\u1eef c\u1ed1 \u0111\u1ecbnh s\u1ea3n ph\u1ea9m v\u00e0 tr\u00e1nh s\u1ef1 x\u00ea d\u1ecbch trong su\u1ed1t qu\u00e1 tr\u00ecnh v\u1eadn chuy\u1ec3n.<\/li>\n<\/ol>\n<p><strong>\u01afu \u0110i\u1ec3m c\u1ee7a Thanh N\u1eb9p G\u00f3c Gi\u1ea5y Ch\u1eef V<\/strong><\/p>\n<ol>\n<li><strong>Tr\u1ecdng l\u01b0\u1ee3ng nh\u1eb9:<\/strong> Thanh n\u1eb9p g\u00f3c gi\u1ea5y ch\u1eef V \u0111\u01b0\u1ee3c l\u00e0m t\u1eeb gi\u1ea5y, v\u00ec v\u1eady c\u00f3 tr\u1ecdng l\u01b0\u1ee3ng nh\u1eb9, gi\u00fap gi\u1ea3m chi ph\u00ed v\u1eadn chuy\u1ec3n v\u00e0 d\u1ec5 d\u00e0ng trong vi\u1ec7c x\u1eed l\u00fd.<\/li>\n<li><strong>Chi ph\u00ed th\u1ea5p:<\/strong> So v\u1edbi c\u00e1c v\u1eadt li\u1ec7u b\u1ea3o v\u1ec7 kh\u00e1c nh\u01b0 s\u1eaft hay nh\u1ef1a, thanh n\u1eb9p g\u00f3c gi\u1ea5y ch\u1eef V c\u00f3 gi\u00e1 th\u00e0nh r\u1ebb h\u01a1n nhi\u1ec1u, gi\u00fap c\u00e1c doanh nghi\u1ec7p ti\u1ebft ki\u1ec7m chi ph\u00ed trong s\u1ea3n xu\u1ea5t v\u00e0 v\u1eadn chuy\u1ec3n.<\/li>\n<li><strong>Th\u00e2n thi\u1ec7n v\u1edbi m\u00f4i tr\u01b0\u1eddng:<\/strong> Thanh n\u1eb9p g\u00f3c gi\u1ea5y ch\u1eef V \u0111\u01b0\u1ee3c l\u00e0m t\u1eeb gi\u1ea5y t\u00e1i ch\u1ebf, gi\u00fap gi\u1ea3m thi\u1ec3u l\u01b0\u1ee3ng r\u00e1c th\u1ea3i nh\u1ef1a v\u00e0 b\u1ea3o v\u1ec7 m\u00f4i tr\u01b0\u1eddng. \u0110\u00e2y l\u00e0 l\u1ef1a ch\u1ecdn l\u00fd t\u01b0\u1edfng cho c\u00e1c doanh nghi\u1ec7p ch\u00fa tr\u1ecdng \u0111\u1ebfn y\u1ebfu t\u1ed1 b\u1ec1n v\u1eefng v\u00e0 b\u1ea3o v\u1ec7 m\u00f4i tr\u01b0\u1eddng.<\/li>\n<li><strong>T\u00ednh th\u1ea9m m\u1ef9 cao:<\/strong> Thanh n\u1eb9p gi\u1ea5y ch\u1eef V c\u00f3 th\u1ec3 \u0111\u01b0\u1ee3c thi\u1ebft k\u1ebf v\u1edbi nhi\u1ec1u h\u1ecda ti\u1ebft, m\u00e0u s\u1eafc kh\u00e1c nhau, gi\u00fap t\u1ea1o \u1ea5n t\u01b0\u1ee3ng t\u1ed1t \u0111\u1ed1i v\u1edbi kh\u00e1ch h\u00e0ng. \u0110i\u1ec1u n\u00e0y kh\u00f4ng ch\u1ec9 gi\u00fap b\u1ea3o v\u1ec7 s\u1ea3n ph\u1ea9m m\u00e0 c\u00f2n n\u00e2ng cao gi\u00e1 tr\u1ecb th\u1ea9m m\u1ef9 c\u1ee7a bao b\u00ec.<\/li>\n<li><strong>\u0110\u1ed9 \u0111\u00e0n h\u1ed3i t\u1ed1t:<\/strong> V\u00ec \u0111\u01b0\u1ee3c l\u00e0m t\u1eeb nhi\u1ec1u l\u1edbp gi\u1ea5y \u00e9p l\u1ea1i v\u1edbi nhau, thanh n\u1eb9p c\u00f3 \u0111\u1ed9 \u0111\u00e0n h\u1ed3i t\u1ed1t, gi\u00fap b\u1ea3o v\u1ec7 c\u00e1c s\u1ea3n ph\u1ea9m d\u1ec5 v\u1ee1, d\u1ec5 h\u1ecfng trong qu\u00e1 tr\u00ecnh v\u1eadn chuy\u1ec3n, nh\u01b0 th\u1ee7y tinh, g\u1ed1m s\u1ee9, thi\u1ebft b\u1ecb \u0111i\u1ec7n t\u1eed, v.v.<\/li>\n<\/ol>\n<p><strong>Nh\u01b0\u1ee3c \u0110i\u1ec3m c\u1ee7a Thanh N\u1eb9p G\u00f3c Gi\u1ea5y Ch\u1eef V<\/strong><\/p>\n<ol>\n<li><strong>Kh\u1ea3 n\u0103ng ch\u1ecbu n\u01b0\u1edbc k\u00e9m:<\/strong> Thanh n\u1eb9p g\u00f3c gi\u1ea5y ch\u1eef V c\u00f3 th\u1ec3 b\u1ecb \u1ea3nh h\u01b0\u1edfng b\u1edfi n\u01b0\u1edbc ho\u1eb7c m\u00f4i tr\u01b0\u1eddng \u1ea9m \u01b0\u1edbt, l\u00e0m gi\u1ea3m t\u00ednh n\u0103ng b\u1ea3o v\u1ec7 c\u1ee7a n\u00f3. V\u00ec v\u1eady, khi v\u1eadn chuy\u1ec3n h\u00e0ng h\u00f3a trong m\u00f4i tr\u01b0\u1eddng c\u00f3 \u0111\u1ed9 \u1ea9m cao, c\u1ea7n l\u01b0u \u00fd \u0111\u1ec3 b\u1ea3o v\u1ec7 thanh n\u1eb9p kh\u1ecfi b\u1ecb h\u01b0 h\u1ecfng.<\/li>\n<li><strong>Kh\u1ea3 n\u0103ng ch\u1ecbu l\u1ef1c h\u1ea1n ch\u1ebf:<\/strong> M\u1eb7c d\u00f9 c\u00f3 \u0111\u1ed9 \u0111\u00e0n h\u1ed3i v\u00e0 kh\u1ea3 n\u0103ng ch\u1ecbu l\u1ef1c t\u1ed1t, nh\u01b0ng thanh n\u1eb9p g\u00f3c gi\u1ea5y ch\u1eef V v\u1eabn c\u00f3 gi\u1edbi h\u1ea1n v\u1ec1 kh\u1ea3 n\u0103ng ch\u1ecbu l\u1ef1c so v\u1edbi c\u00e1c v\u1eadt li\u1ec7u kh\u00e1c nh\u01b0 kim lo\u1ea1i ho\u1eb7c nh\u1ef1a. Do \u0111\u00f3, c\u1ea7n l\u1ef1a ch\u1ecdn thanh n\u1eb9p gi\u1ea5y ph\u00f9 h\u1ee3p v\u1edbi lo\u1ea1i s\u1ea3n ph\u1ea9m c\u1ea7n b\u1ea3o v\u1ec7.<\/li>\n<\/ol>","protected":false},"excerpt":{"rendered":"<div class=\"tl\"><strong>K\u00edch th\u01b0\u1edbc:<\/strong> C\u00e1nh t\u1eeb 30 \u0111\u1ebfn 100mm<\/div>\n<div class=\"tl\"><strong> \u0110\u1ed9 d\u00e0y:<\/strong> T\u1eeb 2 \u0111\u1ebfn 10 mm<\/div>\n<div class=\"tl\"><strong>Chi\u1ec1u d\u00e0i:\u00a0<\/strong> C\u1eaft theo y\u00eau c\u1ea7u<\/div>","protected":false},"featured_media":30482,"template":"","meta":[],"_links":{"self":[{"href":"http:\/\/handan.com.vn\/en\/wp-json\/wp\/v2\/product\/30480"}],"collection":[{"href":"http:\/\/handan.com.vn\/en\/wp-json\/wp\/v2\/product"}],"about":[{"href":"http:\/\/handan.com.vn\/en\/wp-json\/wp\/v2\/types\/product"}],"wp:featuredmedia":[{"embeddable":true,"href":"http:\/\/handan.com.vn\/en\/wp-json\/wp\/v2\/media\/30482"}],"wp:attachment":[{"href":"http:\/\/handan.com.vn\/en\/wp-json\/wp\/v2\/media?parent=30480"}],"curies":[{"name":"wp","href":"https:\/\/api.w.org\/{rel}","templated":true}]}}