{"id":30474,"date":"2024-12-20T15:34:54","date_gmt":"2024-12-20T08:34:54","guid":{"rendered":"https:\/\/handan.com.vn\/?post_type=product&#038;p=30474"},"modified":"2026-01-05T15:16:36","modified_gmt":"2026-01-05T08:16:36","slug":"ong-loi-giay-carton","status":"publish","type":"product","link":"http:\/\/handan.com.vn\/en\/product\/ong-loi-giay-carton\/","title":{"rendered":"\u1ed0ng l\u00f5i gi\u1ea5y Carton"},"content":{"rendered":"<p>\u1ed0ng gi\u1ea5y carton l\u00e0 s\u1ea3n ph\u1ea9m \u0111\u01b0\u1ee3c s\u1ea3n xu\u1ea5t ch\u1ee7 y\u1ebfu t\u1eeb gi\u1ea5y Kraft, m\u1ed9t lo\u1ea1i gi\u1ea5y c\u00f3 \u0111\u1ed9 b\u1ec1n cao v\u00e0 \u0111\u01b0\u1ee3c t\u00e1i ch\u1ebf t\u1eeb nguy\u00ean li\u1ec7u t\u1ef1 nhi\u00ean nh\u01b0 m\u00f9n c\u01b0a, g\u1ed7. C\u00e1c t\u1ea5m gi\u1ea5y Kraft n\u00e0y \u0111\u01b0\u1ee3c \u00e9p ch\u1eb7t v\u00e0 k\u1ebft d\u00ednh v\u1edbi nhau \u0111\u1ec3 t\u1ea1o th\u00e0nh nh\u1eefng \u1ed1ng gi\u1ea5y c\u1ee9ng, ch\u1eafc ch\u1eafn, c\u00f3 th\u1ec3 ch\u1ecbu \u0111\u01b0\u1ee3c c\u00e1c l\u1ef1c t\u00e1c \u0111\u1ed9ng t\u1eeb b\u00ean ngo\u00e0i trong su\u1ed1t qu\u00e1 tr\u00ecnh v\u1eadn chuy\u1ec3n, l\u01b0u kho v\u00e0 s\u1eed d\u1ee5ng. V\u1edbi \u0111\u1eb7c t\u00ednh b\u1ec1n b\u1ec9, d\u1ec5 d\u00e0ng gia c\u00f4ng v\u00e0 th\u00e2n thi\u1ec7n v\u1edbi m\u00f4i tr\u01b0\u1eddng, \u1ed1ng gi\u1ea5y carton ng\u00e0y c\u00e0ng tr\u1edf th\u00e0nh l\u1ef1a ch\u1ecdn ph\u1ed5 bi\u1ebfn trong nhi\u1ec1u l\u0129nh v\u1ef1c s\u1ea3n xu\u1ea5t v\u00e0 v\u1eadn chuy\u1ec3n h\u00e0ng h\u00f3a.<\/p>\n<p><strong>Quy tr\u00ecnh s\u1ea3n xu\u1ea5t \u1ed1ng gi\u1ea5y carton<\/strong><\/p>\n<p>Qu\u00e1 tr\u00ecnh s\u1ea3n xu\u1ea5t \u1ed1ng gi\u1ea5y carton g\u1ed3m nhi\u1ec1u b\u01b0\u1edbc, b\u1eaft \u0111\u1ea7u t\u1eeb vi\u1ec7c l\u1ef1a ch\u1ecdn nguy\u00ean li\u1ec7u gi\u1ea5y Kraft ch\u1ea5t l\u01b0\u1ee3ng cao, sau \u0111\u00f3 c\u1eaft, x\u1eed l\u00fd v\u00e0 \u00e9p gi\u1ea5y qua nhi\u1ec1u c\u00f4ng \u0111o\u1ea1n \u0111\u1ec3 t\u1ea1o ra c\u00e1c t\u1ea5m gi\u1ea5y c\u1ee9ng. Nh\u1eefng t\u1ea5m gi\u1ea5y n\u00e0y \u0111\u01b0\u1ee3c cu\u1ed9n v\u00e0 g\u1eafn k\u1ebft l\u1ea1i v\u1edbi nhau b\u1eb1ng keo chuy\u00ean d\u1ee5ng, t\u1ea1o th\u00e0nh \u1ed1ng gi\u1ea5y c\u00f3 \u0111\u1ed9 b\u1ec1n v\u00e0 \u0111\u1ed9 c\u1ee9ng c\u1ea7n thi\u1ebft. Sau khi ho\u00e0n t\u1ea5t, \u1ed1ng gi\u1ea5y \u0111\u01b0\u1ee3c c\u1eaft theo k\u00edch th\u01b0\u1edbc y\u00eau c\u1ea7u, ki\u1ec3m tra ch\u1ea5t l\u01b0\u1ee3ng v\u00e0 s\u1eb5n s\u00e0ng \u0111\u01b0a v\u00e0o \u1ee9ng d\u1ee5ng.<\/p>\n<p><strong>\u1ee8ng d\u1ee5ng c\u1ee7a \u1ed1ng gi\u1ea5y carton<\/strong><\/p>\n<p>\u1ed0ng gi\u1ea5y carton c\u00f3 \u1ee9ng d\u1ee5ng r\u1ed9ng r\u00e3i trong c\u00e1c ng\u00e0nh c\u00f4ng nghi\u1ec7p kh\u00e1c nhau. M\u1ed9t s\u1ed1 \u1ee9ng d\u1ee5ng ph\u1ed5 bi\u1ebfn bao g\u1ed3m:<\/p>\n<ul>\n<li><strong>Cu\u1ed9n c\u00e1c v\u1eadt li\u1ec7u cu\u1ed9n tr\u00f2n<\/strong>: \u1ed0ng gi\u1ea5y carton th\u01b0\u1eddng \u0111\u01b0\u1ee3c s\u1eed d\u1ee5ng \u0111\u1ec3 cu\u1ed9n c\u00e1c s\u1ea3n ph\u1ea9m nh\u01b0 b\u0103ng keo, m\u00e0ng co, ch\u1ec9, v\u1ea3i, m\u00e0ng PE, simili, hay c\u00e1c lo\u1ea1i gi\u1ea5y kh\u00e1c trong ng\u00e0nh c\u00f4ng nghi\u1ec7p bao b\u00ec.<\/li>\n<li><strong>L\u01b0u tr\u1eef v\u00e0 v\u1eadn chuy\u1ec3n<\/strong>: \u1ed0ng gi\u1ea5y carton gi\u00fap b\u1ea3o v\u1ec7 c\u00e1c s\u1ea3n ph\u1ea9m trong qu\u00e1 tr\u00ecnh v\u1eadn chuy\u1ec3n, gi\u1ea3m thi\u1ec3u s\u1ef1 h\u01b0 h\u1ea1i v\u00e0 t\u1ed5n th\u1ea5t do va \u0111\u1eadp.<\/li>\n<li><strong>\u1ee8ng d\u1ee5ng trong ng\u00e0nh c\u00f4ng nghi\u1ec7p d\u1ec7t may v\u00e0 s\u1ee3i<\/strong>: C\u00e1c x\u01b0\u1edfng d\u1ec7t s\u1eed d\u1ee5ng \u1ed1ng gi\u1ea5y carton \u0111\u1ec3 qu\u1ea5n s\u1ee3i ch\u1ec9, gi\u1eef cho s\u1ea3n ph\u1ea9m kh\u00f4ng b\u1ecb r\u1ed1i ho\u1eb7c h\u01b0 h\u1ecfng.<\/li>\n<li><strong>Ng\u00e0nh xu\u1ea5t nh\u1eadp kh\u1ea9u<\/strong>: V\u1edbi thi\u1ebft k\u1ebf nh\u1eb9 v\u00e0 b\u1ec1n, \u1ed1ng gi\u1ea5y carton l\u00e0 l\u1ef1a ch\u1ecdn l\u00fd t\u01b0\u1edfng \u0111\u1ec3 v\u1eadn chuy\u1ec3n c\u00e1c s\u1ea3n ph\u1ea9m d\u1ec5 v\u1ee1 ho\u1eb7c y\u00eau c\u1ea7u s\u1ef1 b\u1ea3o v\u1ec7 cao.<\/li>\n<\/ul>\n<p><strong>L\u1ee3i \u00edch v\u00e0 \u01b0u \u0111i\u1ec3m c\u1ee7a \u1ed1ng gi\u1ea5y carton<\/strong><\/p>\n<ol>\n<li><strong>Eco - friendly<\/strong>: \u0110\u01b0\u1ee3c s\u1ea3n xu\u1ea5t t\u1eeb nguy\u00ean li\u1ec7u t\u00e1i ch\u1ebf, \u1ed1ng gi\u1ea5y carton g\u00f3p ph\u1ea7n gi\u1ea3m thi\u1ec3u l\u01b0\u1ee3ng r\u00e1c th\u1ea3i v\u00e0 b\u1ea3o v\u1ec7 m\u00f4i tr\u01b0\u1eddng. N\u00f3 c\u0169ng c\u00f3 th\u1ec3 t\u00e1i ch\u1ebf sau khi s\u1eed d\u1ee5ng, gi\u00fap ti\u1ebft ki\u1ec7m t\u00e0i nguy\u00ean.<\/li>\n<li><strong>Tr\u1ecdng l\u01b0\u1ee3ng nh\u1eb9<\/strong>: \u1ed0ng gi\u1ea5y carton c\u00f3 tr\u1ecdng l\u01b0\u1ee3ng nh\u1eb9, gi\u00fap ti\u1ebft ki\u1ec7m chi ph\u00ed v\u1eadn chuy\u1ec3n v\u00e0 d\u1ec5 d\u00e0ng x\u1eed l\u00fd trong qu\u00e1 tr\u00ecnh s\u1ea3n xu\u1ea5t v\u00e0 s\u1eed d\u1ee5ng.<\/li>\n<li><strong>\u0110\u1ed9 b\u1ec1n cao<\/strong>: S\u1ea3n ph\u1ea9m c\u00f3 kh\u1ea3 n\u0103ng ch\u1ecbu \u0111\u01b0\u1ee3c \u00e1p l\u1ef1c v\u00e0 va \u0111\u1eadp trong su\u1ed1t qu\u00e1 tr\u00ecnh v\u1eadn chuy\u1ec3n, b\u1ea3o v\u1ec7 t\u1ed1t c\u00e1c s\u1ea3n ph\u1ea9m b\u00ean trong.<\/li>\n<li><strong>Kinh t\u1ebf v\u00e0 ti\u1ebft ki\u1ec7m chi ph\u00ed<\/strong>: So v\u1edbi c\u00e1c lo\u1ea1i bao b\u00ec kh\u00e1c nh\u01b0 pallet nh\u1ef1a hay pallet g\u1ed7, \u1ed1ng gi\u1ea5y carton c\u00f3 chi ph\u00ed s\u1ea3n xu\u1ea5t th\u1ea5p h\u01a1n, gi\u00fap ti\u1ebft ki\u1ec7m chi ph\u00ed cho doanh nghi\u1ec7p.<\/li>\n<li><strong>T\u00ednh linh ho\u1ea1t v\u00e0 \u0111a d\u1ea1ng<\/strong>: \u1ed0ng gi\u1ea5y carton c\u00f3 th\u1ec3 \u0111\u01b0\u1ee3c s\u1ea3n xu\u1ea5t theo nhi\u1ec1u k\u00edch th\u01b0\u1edbc v\u00e0 ki\u1ec3u d\u00e1ng kh\u00e1c nhau, ph\u00f9 h\u1ee3p v\u1edbi nhu c\u1ea7u v\u00e0 y\u00eau c\u1ea7u \u0111\u1eb7c th\u00f9 c\u1ee7a t\u1eebng ng\u00e0nh h\u00e0ng.<\/li>\n<\/ol>\n<p><strong>Ch\u1ea5t l\u01b0\u1ee3ng c\u1ee7a \u1ed1ng gi\u1ea5y carton<\/strong><\/p>\n<p>Ch\u1ea5t l\u01b0\u1ee3ng c\u1ee7a \u1ed1ng gi\u1ea5y carton ph\u1ee5 thu\u1ed9c v\u00e0o nhi\u1ec1u y\u1ebfu t\u1ed1, trong \u0111\u00f3 \u0111\u1ed9 c\u1ee9ng v\u00e0 \u0111\u1ed9 b\u1ec1n c\u1ee7a \u1ed1ng l\u00e0 y\u1ebfu t\u1ed1 quan tr\u1ecdng nh\u1ea5t. \u1ed0ng gi\u1ea5y c\u1ea7n ph\u1ea3i \u0111\u1ee7 c\u1ee9ng \u0111\u1ec3 b\u1ea3o v\u1ec7 s\u1ea3n ph\u1ea9m b\u00ean trong kh\u1ecfi c\u00e1c y\u1ebfu t\u1ed1 b\u00ean ngo\u00e0i v\u00e0 \u0111\u1ea3m b\u1ea3o qu\u00e1 tr\u00ecnh s\u1eed d\u1ee5ng kh\u00f4ng g\u1eb7p ph\u1ea3i s\u1ef1 c\u1ed1 nh\u01b0 m\u00e9o m\u00f3 hay v\u1ee1 n\u1ee9t. Ch\u00ednh v\u00ec v\u1eady, c\u00e1c x\u01b0\u1edfng s\u1ea3n xu\u1ea5t \u1ed1ng gi\u1ea5y c\u1ea7n ch\u00fa tr\u1ecdng \u0111\u1ebfn quy tr\u00ecnh ki\u1ec3m tra ch\u1ea5t l\u01b0\u1ee3ng nghi\u00eam ng\u1eb7t, \u0111\u1ea3m b\u1ea3o s\u1ea3n ph\u1ea9m cu\u1ed1i c\u00f9ng \u0111\u00e1p \u1ee9ng \u0111\u1ea7y \u0111\u1ee7 c\u00e1c y\u00eau c\u1ea7u v\u1ec1 \u0111\u1ed9 c\u1ee9ng, \u0111\u1ed9 b\u1ec1n v\u00e0 t\u00ednh th\u1ea9m m\u1ef9.<\/p>\n<p><strong>K\u1ebft lu\u1eadn<\/strong><\/p>\n<p>\u1ed0ng gi\u1ea5y carton kh\u00f4ng ch\u1ec9 mang l\u1ea1i nhi\u1ec1u l\u1ee3i \u00edch v\u1ec1 kinh t\u1ebf v\u00e0 m\u00f4i tr\u01b0\u1eddng m\u00e0 c\u00f2n \u0111\u00e1p \u1ee9ng \u0111\u01b0\u1ee3c y\u00eau c\u1ea7u b\u1ea3o v\u1ec7 h\u00e0ng h\u00f3a trong qu\u00e1 tr\u00ecnh v\u1eadn chuy\u1ec3n v\u00e0 l\u01b0u tr\u1eef. V\u1edbi s\u1ef1 ph\u00e1t tri\u1ec3n c\u1ee7a c\u00f4ng ngh\u1ec7 s\u1ea3n xu\u1ea5t v\u00e0 nhu c\u1ea7u s\u1eed d\u1ee5ng ng\u00e0y c\u00e0ng cao, \u1ed1ng gi\u1ea5y carton \u0111ang d\u1ea7n thay th\u1ebf c\u00e1c v\u1eadt li\u1ec7u bao b\u00ec truy\u1ec1n th\u1ed1ng, tr\u1edf th\u00e0nh gi\u1ea3i ph\u00e1p t\u1ed1i \u01b0u cho nhi\u1ec1u ng\u00e0nh c\u00f4ng nghi\u1ec7p.<\/p>","protected":false},"excerpt":{"rendered":"<p>\u1ed0ng gi\u1ea5y carton l\u00e0 s\u1ea3n ph\u1ea9m \u0111\u01b0\u1ee3c s\u1ea3n xu\u1ea5t ch\u1ee7 y\u1ebfu t\u1eeb gi\u1ea5y Kraft, m\u1ed9t lo\u1ea1i gi\u1ea5y c\u00f3 \u0111\u1ed9 b\u1ec1n cao v\u00e0 \u0111\u01b0\u1ee3c t\u00e1i ch\u1ebf t\u1eeb nguy\u00ean li\u1ec7u t\u1ef1 nhi\u00ean nh\u01b0 m\u00f9n c\u01b0a, g\u1ed7. C\u00e1c t\u1ea5m gi\u1ea5y Kraft n\u00e0y \u0111\u01b0\u1ee3c \u00e9p ch\u1eb7t v\u00e0 k\u1ebft d\u00ednh v\u1edbi nhau \u0111\u1ec3 t\u1ea1o th\u00e0nh nh\u1eefng \u1ed1ng gi\u1ea5y c\u1ee9ng, ch\u1eafc [&#8230;]","protected":false},"featured_media":30477,"template":"","meta":[],"_links":{"self":[{"href":"http:\/\/handan.com.vn\/en\/wp-json\/wp\/v2\/product\/30474"}],"collection":[{"href":"http:\/\/handan.com.vn\/en\/wp-json\/wp\/v2\/product"}],"about":[{"href":"http:\/\/handan.com.vn\/en\/wp-json\/wp\/v2\/types\/product"}],"wp:featuredmedia":[{"embeddable":true,"href":"http:\/\/handan.com.vn\/en\/wp-json\/wp\/v2\/media\/30477"}],"wp:attachment":[{"href":"http:\/\/handan.com.vn\/en\/wp-json\/wp\/v2\/media?parent=30474"}],"curies":[{"name":"wp","href":"https:\/\/api.w.org\/{rel}","templated":true}]}}