{"id":30470,"date":"2024-12-20T14:40:27","date_gmt":"2024-12-20T07:40:27","guid":{"rendered":"https:\/\/handan.com.vn\/?post_type=product&#038;p=30470"},"modified":"2026-01-05T15:16:36","modified_gmt":"2026-01-05T08:16:36","slug":"palet-giay-carton","status":"publish","type":"product","link":"http:\/\/handan.com.vn\/en\/product\/palet-giay-carton\/","title":{"rendered":"Palet gi\u1ea5y carton"},"content":{"rendered":"<p>Pallet gi\u1ea5y \u0111\u01b0\u1ee3c ch\u1ebf t\u1ea1o t\u1eeb nhi\u1ec1u l\u1edbp gi\u1ea5y \u0111\u00e3 qua x\u1eed l\u00fd h\u00f3a h\u1ecdc, k\u1ebft d\u00ednh v\u1edbi nhau b\u1eb1ng keo \u0111\u1eb7c bi\u1ec7t, t\u1ea1o th\u00e0nh m\u1ed9t kh\u1ed1i v\u1eefng ch\u1eafc. Nguy\u00ean li\u1ec7u ch\u00ednh ch\u1ee7 y\u1ebfu l\u00e0 gi\u1ea5y t\u00e1i ch\u1ebf, bao g\u1ed3m m\u00f9n c\u01b0a v\u00e0 g\u1ed7 \u0111\u00e3 qua s\u1eed d\u1ee5ng, tr\u1ea3i qua quy tr\u00ecnh x\u1eed l\u00fd ph\u1ee9c t\u1ea1p \u0111\u1ec3 t\u1ea1o ra s\u1ea3n ph\u1ea9m th\u00f4. Sau \u0111\u00f3, c\u00e1c t\u1ea5m gi\u1ea5y \u0111\u01b0\u1ee3c \u00e9p ch\u1eb7t v\u00e0 li\u00ean k\u1ebft l\u1ea1i th\u00e0nh pallet th\u00f4ng qua m\u1ed9t l\u1edbp keo chuy\u00ean d\u1ee5ng.<\/p>\n<p><strong>C\u00e1c lo\u1ea1i pallet gi\u1ea5y ph\u1ed5 bi\u1ebfn:<\/strong><\/p>\n<ol>\n<li><strong>Pallet gi\u1ea5y 3 ch\u00e2n<\/strong><br \/>\nPallet gi\u1ea5y 3 ch\u00e2n c\u00f3 thi\u1ebft k\u1ebf \u0111\u01a1n gi\u1ea3n v\u1edbi ba thanh ngang, g\u1eafn k\u1ebft v\u1edbi m\u1ed9t t\u1ea5m gi\u1ea5y ph\u1eb3ng l\u1edbn. \u0110\u00e2y l\u00e0 ki\u1ec3u pallet ph\u1ed5 bi\u1ebfn, d\u1ec5 d\u00e0ng h\u00ecnh dung qua h\u00ecnh minh h\u1ecda d\u01b0\u1edbi \u0111\u00e2y.<\/p>\n<p><strong>\u01afu \u0111i\u1ec3m pallet gi\u1ea5y 3 ch\u00e2n:<\/strong><\/p>\n<ul>\n<li>C\u1ea5u tr\u00fac v\u1eefng ch\u1eafc, thi\u1ebft k\u1ebf nh\u1ecf g\u1ecdn.<\/li>\n<li>K\u00edch th\u01b0\u1edbc ch\u00ednh x\u00e1c, kh\u1ea3 n\u0103ng ch\u1ecbu t\u1ea3i t\u1eeb 500-2000kg.<\/li>\n<li>\u1ed4n \u0111\u1ecbnh nhi\u1ec7t.<\/li>\n<li>Tr\u1ecdng l\u01b0\u1ee3ng nh\u1eb9, thu\u1eadn ti\u1ec7n di chuy\u1ec3n theo c\u1ea3 hai chi\u1ec1u.<\/li>\n<\/ul>\n<\/li>\n<li><strong>Pallet gi\u1ea5y 9 ch\u00e2n<\/strong><br \/>\nPallet gi\u1ea5y 9 ch\u00e2n c\u00f3 c\u1ea5u tr\u00fac t\u01b0\u01a1ng t\u1ef1 nh\u01b0 pallet nh\u1ef1a, bao g\u1ed3m 9 ch\u00e2n, trong \u0111\u00f3 ba ch\u00e2n gi\u1eefa gi\u00fap ph\u00e2n ph\u1ed1i \u0111\u1ec1u kh\u1ed1i l\u01b0\u1ee3ng h\u00e0ng h\u00f3a tr\u00ean pallet.<\/p>\n<p><strong>\u01afu \u0111i\u1ec3m pallet gi\u1ea5y 9 ch\u00e2n:<\/strong><\/p>\n<ul>\n<li>C\u1ea5u tr\u00fac ch\u1eafc ch\u1eafn, thi\u1ebft k\u1ebf g\u1ecdn g\u00e0ng.<\/li>\n<li>\u0110\u1ed9 ch\u00ednh x\u00e1c v\u1ec1 k\u00edch th\u01b0\u1edbc cao, ch\u1ecbu t\u1ea3i t\u1ed1t t\u1eeb 500-2000kg.<\/li>\n<li>\u1ed4n \u0111\u1ecbnh nhi\u1ec7t.<\/li>\n<li>Tr\u1ecdng l\u01b0\u1ee3ng nh\u1eb9, c\u00f3 th\u1ec3 di chuy\u1ec3n theo b\u1ed1n chi\u1ec1u thu\u1eadn ti\u1ec7n.<\/li>\n<\/ul>\n<\/li>\n<li><strong>Pallet gi\u1ea5y t\u1ed5 ong<\/strong><br \/>\nPallet gi\u1ea5y t\u1ed5 ong \u0111\u01b0\u1ee3c l\u00e0m t\u1eeb c\u00e1c t\u1ea5m gi\u1ea5y t\u1ed5 ong, b\u1ea3o v\u1ec7 b\u1edfi l\u1edbp gi\u1ea5y b\u1ecdc b\u00ean ngo\u00e0i. Lo\u1ea1i pallet n\u00e0y c\u00f3 kh\u1ea3 n\u0103ng ch\u1ecbu \u00e1p l\u1ef1c m\u1ea1nh, ch\u1ed1ng u\u1ed1n cong, ch\u1ed1ng x\u00e9 v\u00e0 c\u00f3 kh\u1ea3 n\u0103ng ch\u1ecbu t\u1ea3i l\u00ean \u0111\u1ebfn 2000kg m\u1ed7i m\u00e9t vu\u00f4ng trong \u0111i\u1ec1u ki\u1ec7n t\u0129nh.<\/p>\n<p><strong>\u01afu \u0111i\u1ec3m pallet gi\u1ea5y t\u1ed5 ong:<\/strong><\/p>\n<ul>\n<li>Nh\u1eb9, gi\u00e1 th\u00e0nh r\u1ebb, s\u1ea1ch s\u1ebd v\u00e0 \u0111\u1eb9p m\u1eaft.<\/li>\n<li>Th\u00e2n thi\u1ec7n v\u1edbi m\u00f4i tr\u01b0\u1eddng v\u00e0 tu\u00e2n th\u1ee7 c\u00e1c ch\u00ednh s\u00e1ch mi\u1ec5n tr\u1eeb kh\u1eed tr\u00f9ng.<\/li>\n<li>Ph\u00f9 h\u1ee3p v\u1edbi c\u00e1c s\u1ea3n ph\u1ea9m \u0111i\u1ec7n t\u1eed, gia d\u1ee5ng, ph\u1ee5 t\u00f9ng \u00f4 t\u00f4, gi\u1ea5y, qu\u1ea7n \u00e1o xu\u1ea5t kh\u1ea9u.<\/li>\n<li>Thay th\u1ebf ho\u00e0n to\u00e0n pallet g\u1ed7, EPS, pallet nh\u1ef1a v\u00e0 kh\u00f4ng c\u1ea7n qua c\u00e1c qu\u00e1 tr\u00ecnh kh\u1eed tr\u00f9ng.<\/li>\n<\/ul>\n<\/li>\n<\/ol>\n<p><strong>\u01afu \u0111i\u1ec3m n\u1ed5i b\u1eadt c\u1ee7a pallet gi\u1ea5y:<\/strong> Pallet gi\u1ea5y l\u00e0 m\u1ed9t gi\u1ea3i ph\u00e1p b\u1ec1n v\u1eefng, th\u00e2n thi\u1ec7n v\u1edbi m\u00f4i tr\u01b0\u1eddng, \u0111\u01b0\u1ee3c l\u00e0m t\u1eeb nh\u1eefng t\u1edd gi\u1ea5y t\u00e1i ch\u1ebf, k\u1ebft h\u1ee3p v\u1edbi keo d\u00ednh v\u00e0 \u00e1p l\u1ef1c m\u1ea1nh \u0111\u1ec3 t\u1ea1o ra s\u1ea3n ph\u1ea9m ch\u1eafc ch\u1eafn, c\u00f3 kh\u1ea3 n\u0103ng ch\u1ecbu t\u1ea3i l\u1edbn. D\u01b0\u1edbi \u0111\u00e2y l\u00e0 m\u1ed9t s\u1ed1 l\u00fd do gi\u00fap pallet gi\u1ea5y ng\u00e0y c\u00e0ng tr\u1edf n\u00ean ph\u1ed5 bi\u1ebfn v\u00e0 ph\u00e1t tri\u1ec3n m\u1ea1nh m\u1ebd:<\/p>\n<ul>\n<li><strong>Tr\u1ecdng t\u1ea3i cao<\/strong> v\u00e0 kh\u1ea3 n\u0103ng ch\u1ecbu l\u1ef1c t\u1ed1t.<\/li>\n<li><strong>Nh\u1eb9 v\u00e0 d\u1ec5 v\u1eadn chuy\u1ec3n<\/strong>, gi\u1ea3m chi ph\u00ed v\u1eadn chuy\u1ec3n, \u0111\u1eb7c bi\u1ec7t trong c\u00e1c chuy\u1ebfn h\u00e0ng d\u00e0i.<\/li>\n<li><strong>Eco - friendly<\/strong>, do \u0111\u01b0\u1ee3c s\u1ea3n xu\u1ea5t t\u1eeb v\u1eadt li\u1ec7u t\u00e1i ch\u1ebf.<\/li>\n<li><strong>Gi\u1ea3i ph\u00e1p ti\u1ebft ki\u1ec7m chi ph\u00ed<\/strong>, nh\u1edd kh\u1ed1i l\u01b0\u1ee3ng nh\u1eb9 gi\u00fap gi\u1ea3m \u0111\u00e1ng k\u1ec3 chi ph\u00ed v\u1eadn chuy\u1ec3n \u0111\u01b0\u1eddng h\u00e0ng kh\u00f4ng, \u0111\u01b0\u1eddng th\u1ee7y.<\/li>\n<li><strong>C\u00f3 th\u1ec3 t\u00e1i ch\u1ebf<\/strong>, l\u00e0m gi\u1ea3m l\u01b0\u1ee3ng r\u00e1c th\u1ea3i v\u00e0 chi ph\u00ed s\u1ea3n xu\u1ea5t.<\/li>\n<li><strong>Thi\u1ebft k\u1ebf \u0111a d\u1ea1ng<\/strong>, \u0111\u00e1p \u1ee9ng nhu c\u1ea7u s\u1eed d\u1ee5ng trong nhi\u1ec1u ng\u00e0nh c\u00f4ng nghi\u1ec7p.<\/li>\n<li><strong>B\u1ea3o \u0111\u1ea3m an to\u00e0n<\/strong> cho h\u00e0ng h\u00f3a trong qu\u00e1 tr\u00ecnh v\u1eadn chuy\u1ec3n v\u00e0 l\u01b0u tr\u1eef.<\/li>\n<\/ul>\n<p><strong>\u1ee8ng d\u1ee5ng c\u1ee7a pallet gi\u1ea5y:<\/strong> Ng\u00e0y nay, pallet gi\u1ea5y \u0111\u00e3 tr\u1edf th\u00e0nh l\u1ef1a ch\u1ecdn ph\u1ed5 bi\u1ebfn trong v\u1eadn chuy\u1ec3n h\u00e0ng h\u00f3a, \u0111\u1eb7c bi\u1ec7t l\u00e0 c\u00e1c m\u1eb7t h\u00e0ng d\u1ec5 v\u1ee1 ho\u1eb7c c\u00f3 gi\u00e1 tr\u1ecb cao. Khi xu\u1ea5t kh\u1ea9u, pallet gi\u1ea5y nh\u1eb9 v\u00e0 kh\u00f4ng y\u00eau c\u1ea7u ki\u1ec3m duy\u1ec7t nghi\u00eam ng\u1eb7t nh\u01b0 c\u00e1c lo\u1ea1i pallet kh\u00e1c, gi\u00fap doanh nghi\u1ec7p ti\u1ebft ki\u1ec7m th\u1eddi gian v\u00e0 chi ph\u00ed khi l\u01b0u th\u00f4ng h\u00e0ng h\u00f3a qua c\u00e1c c\u1eeda kh\u1ea9u, b\u1ebfn t\u00e0u, c\u1ea3ng. \u0110i\u1ec1u n\u00e0y kh\u00f4ng ch\u1ec9 t\u1ed1i \u01b0u h\u00f3a qu\u00e1 tr\u00ecnh logistics m\u00e0 c\u00f2n gia t\u0103ng gi\u00e1 tr\u1ecb cho doanh nghi\u1ec7p.<\/p>","protected":false},"excerpt":{"rendered":"<p>Pallet gi\u1ea5y \u0111\u01b0\u1ee3c ch\u1ebf t\u1ea1o t\u1eeb nhi\u1ec1u l\u1edbp gi\u1ea5y \u0111\u00e3 qua x\u1eed l\u00fd h\u00f3a h\u1ecdc, k\u1ebft d\u00ednh v\u1edbi nhau b\u1eb1ng keo \u0111\u1eb7c bi\u1ec7t, t\u1ea1o th\u00e0nh m\u1ed9t kh\u1ed1i v\u1eefng ch\u1eafc. Nguy\u00ean li\u1ec7u ch\u00ednh ch\u1ee7 y\u1ebfu l\u00e0 gi\u1ea5y t\u00e1i ch\u1ebf, bao g\u1ed3m m\u00f9n c\u01b0a v\u00e0 g\u1ed7 \u0111\u00e3 qua s\u1eed d\u1ee5ng, tr\u1ea3i qua quy tr\u00ecnh x\u1eed l\u00fd ph\u1ee9c [&#8230;]","protected":false},"featured_media":30473,"template":"","meta":[],"_links":{"self":[{"href":"http:\/\/handan.com.vn\/en\/wp-json\/wp\/v2\/product\/30470"}],"collection":[{"href":"http:\/\/handan.com.vn\/en\/wp-json\/wp\/v2\/product"}],"about":[{"href":"http:\/\/handan.com.vn\/en\/wp-json\/wp\/v2\/types\/product"}],"wp:featuredmedia":[{"embeddable":true,"href":"http:\/\/handan.com.vn\/en\/wp-json\/wp\/v2\/media\/30473"}],"wp:attachment":[{"href":"http:\/\/handan.com.vn\/en\/wp-json\/wp\/v2\/media?parent=30470"}],"curies":[{"name":"wp","href":"https:\/\/api.w.org\/{rel}","templated":true}]}}