{"id":30462,"date":"2024-12-14T10:56:47","date_gmt":"2024-12-14T03:56:47","guid":{"rendered":"https:\/\/handan.com.vn\/?post_type=product&#038;p=30462"},"modified":"2026-01-05T15:16:36","modified_gmt":"2026-01-05T08:16:36","slug":"thung-carton-5-lop","status":"publish","type":"product","link":"http:\/\/handan.com.vn\/en\/product\/thung-carton-5-lop\/","title":{"rendered":"Th\u00f9ng carton 5 l\u1edbp"},"content":{"rendered":"<p>Th\u00f9ng carton 5 l\u1edbp, hay c\u00f2n g\u1ecdi l\u00e0 bao b\u00ec carton 5 l\u1edbp, l\u00e0 lo\u1ea1i th\u00f9ng carton \u0111\u01b0\u1ee3c s\u1eed d\u1ee5ng ph\u1ed5 bi\u1ebfn nh\u1ea5t hi\u1ec7n nay trong c\u00e1c ng\u00e0nh c\u00f4ng nghi\u1ec7p \u0111\u00f3ng g\u00f3i. \u0110\u01b0\u1ee3c thi\u1ebft k\u1ebf v\u1edbi c\u1ea5u t\u1ea1o 5 l\u1edbp gi\u1ea5y, lo\u1ea1i th\u00f9ng n\u00e0y th\u01b0\u1eddng \u0111\u01b0\u1ee3c s\u1eed d\u1ee5ng trong c\u00e1c ho\u1ea1t \u0111\u1ed9ng \u0111\u00f3ng g\u00f3i h\u00e0ng h\u00f3a nh\u01b0 may m\u1eb7c, \u0111i\u1ec7n t\u1eed, \u0111\u1ed3 ti\u00eau d\u00f9ng, b\u00e1nh k\u1eb9o, th\u1ef1c ph\u1ea9m, hoa qu\u1ea3, gi\u00e0y d\u00e9p, \u0111\u1ed3 g\u1ed7, v\u00e0 c\u1ea3 xu\u1ea5t kh\u1ea9u l\u1eabn ti\u00eau d\u00f9ng trong n\u01b0\u1edbc. V\u1edbi k\u1ebft c\u1ea5u ch\u1eafc ch\u1eafn, th\u00f9ng carton 5 l\u1edbp r\u1ea5t ph\u00f9 h\u1ee3p cho vi\u1ec7c \u0111\u00f3ng g\u00f3i c\u00e1c s\u1ea3n ph\u1ea9m c\u00f3 tr\u1ecdng l\u01b0\u1ee3ng l\u1edbn v\u00e0 y\u00eau c\u1ea7u \u0111\u1ed9 b\u1ea3o v\u1ec7 cao.<\/p>\n<p>C\u1ea5u t\u1ea1o c\u1ee7a th\u00f9ng carton 5 l\u1edbp g\u1ed3m:<\/p>\n<ul>\n<li><strong>L\u1edbp m\u1eb7t:<\/strong> \u0110\u00e2y l\u00e0 l\u1edbp gi\u1ea5y ngo\u00e0i c\u00f9ng, th\u01b0\u1eddng \u0111\u01b0\u1ee3c l\u00e0m t\u1eeb gi\u1ea5y ph\u1eb3ng, c\u00f3 m\u00e0u s\u1eafc nh\u01b0 tr\u1eafng, v\u00e0ng ho\u1eb7c n\u00e2u, gi\u00fap t\u1ea1o t\u00ednh th\u1ea9m m\u1ef9 cho s\u1ea3n ph\u1ea9m \u0111\u1ed3ng th\u1eddi b\u1ea3o v\u1ec7 c\u00e1c h\u00e0ng h\u00f3a b\u00ean trong kh\u1ecfi t\u00e1c \u0111\u1ed9ng t\u1eeb m\u00f4i tr\u01b0\u1eddng b\u00ean ngo\u00e0i.<\/li>\n<li><strong>L\u1edbp s\u00f3ng (2 l\u1edbp):<\/strong> L\u1edbp s\u00f3ng \u0111\u01b0\u1ee3c t\u1ea1o th\u00e0nh t\u1eeb c\u00e1c l\u1edbp gi\u1ea5y s\u00f3ng, c\u00f3 nhi\u1ec7m v\u1ee5 t\u1ea1o \u0111\u1ed9 c\u1ee9ng v\u00e0 kh\u1ea3 n\u0103ng ch\u1ecbu l\u1ef1c cho th\u00f9ng. C\u00e1c l\u1edbp s\u00f3ng n\u00e0y \u0111\u01b0\u1ee3c xen k\u1ebd gi\u1eefa c\u00e1c l\u1edbp gi\u1ea5y ph\u1eb3ng v\u00e0 \u0111\u00f3ng vai tr\u00f2 nh\u01b0 l\u1edbp \u0111\u1ec7m, b\u1ea3o v\u1ec7 s\u1ea3n ph\u1ea9m kh\u1ecfi nh\u1eefng va \u0111\u1eadp trong qu\u00e1 tr\u00ecnh v\u1eadn chuy\u1ec3n.<\/li>\n<li><strong>L\u1edbp \u0111\u00e1y:<\/strong> \u0110\u00e2y l\u00e0 l\u1edbp gi\u1ea5y ph\u1eb3ng n\u1eb1m \u1edf \u0111\u00e1y c\u1ee7a th\u00f9ng carton, gi\u00fap gi\u1eef th\u00f9ng ch\u1eafc ch\u1eafn v\u00e0 ch\u1ecbu \u0111\u01b0\u1ee3c tr\u1ecdng l\u01b0\u1ee3ng h\u00e0ng h\u00f3a l\u1edbn. L\u1edbp \u0111\u00e1y n\u00e0y c\u00f3 th\u1ec3 l\u00e0 m\u1ed9t l\u1edbp gi\u1ea5y c\u1ee9ng \u0111\u1ec3 \u0111\u1ea3m b\u1ea3o \u0111\u1ed9 b\u1ec1n cao cho th\u00f9ng carton.<\/li>\n<\/ul>\n<p>Th\u00f9ng carton 5 l\u1edbp th\u01b0\u1eddng \u0111\u01b0\u1ee3c s\u1eed d\u1ee5ng cho nh\u1eefng m\u1eb7t h\u00e0ng c\u00f3 tr\u1ecdng l\u01b0\u1ee3ng l\u1edbn, d\u1ec5 b\u1ecb h\u01b0 h\u1ecfng trong qu\u00e1 tr\u00ecnh v\u1eadn chuy\u1ec3n. V\u1edbi kh\u1ea3 n\u0103ng ch\u1ecbu l\u1ef1c t\u1ed1t, th\u00f9ng n\u00e0y c\u00f3 th\u1ec3 \u0111\u00f3ng g\u00f3i c\u00e1c lo\u1ea1i h\u00e0ng h\u00f3a nh\u01b0 may m\u1eb7c, \u0111\u1ed3 g\u1ed7, th\u1ef1c ph\u1ea9m, gi\u00e0y da, \u0111i\u1ec7n t\u1eed, m\u00e1y m\u00f3c, n\u1ed9i th\u1ea5t, v.v. Do c\u00f3 c\u1ea5u tr\u00fac b\u1ec1n ch\u1eafc, th\u00f9ng carton 5 l\u1edbp l\u00e0 s\u1ef1 l\u1ef1a ch\u1ecdn l\u00fd t\u01b0\u1edfng cho vi\u1ec7c \u0111\u00f3ng g\u00f3i h\u00e0ng h\u00f3a xu\u1ea5t kh\u1ea9u v\u00e0 ti\u00eau d\u00f9ng trong n\u01b0\u1edbc, \u0111\u1eb7c bi\u1ec7t l\u00e0 khi c\u1ea7n b\u1ea3o v\u1ec7 h\u00e0ng h\u00f3a kh\u1ecfi va \u0111\u1eadp, n\u00e9n \u00e9p v\u00e0 t\u00e1c \u0111\u1ed9ng t\u1eeb m\u00f4i tr\u01b0\u1eddng.<\/p>\n<p>V\u1edbi t\u00ednh linh ho\u1ea1t trong vi\u1ec7c s\u1eed d\u1ee5ng v\u00e0 kh\u1ea3 n\u0103ng b\u1ea3o v\u1ec7 cao, th\u00f9ng carton 5 l\u1edbp \u0111\u01b0\u1ee3c coi l\u00e0 l\u1ef1a ch\u1ecdn t\u1ed1i \u01b0u trong ng\u00e0nh \u0111\u00f3ng g\u00f3i hi\u1ec7n \u0111\u1ea1i.<\/p>","protected":false},"excerpt":{"rendered":"<p>Th\u00f9ng carton 5 l\u1edbp, hay c\u00f2n g\u1ecdi l\u00e0 bao b\u00ec carton 5 l\u1edbp, l\u00e0 lo\u1ea1i th\u00f9ng carton \u0111\u01b0\u1ee3c s\u1eed d\u1ee5ng ph\u1ed5 bi\u1ebfn nh\u1ea5t hi\u1ec7n nay trong c\u00e1c ng\u00e0nh c\u00f4ng nghi\u1ec7p \u0111\u00f3ng g\u00f3i. \u0110\u01b0\u1ee3c thi\u1ebft k\u1ebf v\u1edbi c\u1ea5u t\u1ea1o 5 l\u1edbp gi\u1ea5y, lo\u1ea1i th\u00f9ng n\u00e0y th\u01b0\u1eddng \u0111\u01b0\u1ee3c s\u1eed d\u1ee5ng trong c\u00e1c ho\u1ea1t \u0111\u1ed9ng \u0111\u00f3ng g\u00f3i h\u00e0ng [&#8230;]","protected":false},"featured_media":30463,"template":"","meta":[],"_links":{"self":[{"href":"http:\/\/handan.com.vn\/en\/wp-json\/wp\/v2\/product\/30462"}],"collection":[{"href":"http:\/\/handan.com.vn\/en\/wp-json\/wp\/v2\/product"}],"about":[{"href":"http:\/\/handan.com.vn\/en\/wp-json\/wp\/v2\/types\/product"}],"wp:featuredmedia":[{"embeddable":true,"href":"http:\/\/handan.com.vn\/en\/wp-json\/wp\/v2\/media\/30463"}],"wp:attachment":[{"href":"http:\/\/handan.com.vn\/en\/wp-json\/wp\/v2\/media?parent=30462"}],"curies":[{"name":"wp","href":"https:\/\/api.w.org\/{rel}","templated":true}]}}