{"id":30460,"date":"2024-12-14T10:52:44","date_gmt":"2024-12-14T03:52:44","guid":{"rendered":"https:\/\/handan.com.vn\/?post_type=product&#038;p=30460"},"modified":"2026-01-05T15:16:36","modified_gmt":"2026-01-05T08:16:36","slug":"thung-carton-3-lop","status":"publish","type":"product","link":"http:\/\/handan.com.vn\/en\/product\/thung-carton-3-lop\/","title":{"rendered":"Th\u00f9ng Carton 3  l\u1edbp"},"content":{"rendered":"<p>Th\u00f9ng carton 3 l\u1edbp, hay c\u00f2n g\u1ecdi l\u00e0 bao b\u00ec carton 3 l\u1edbp, l\u00e0 lo\u1ea1i th\u00f9ng c\u00f3 c\u1ea5u tr\u00fac bao g\u1ed3m m\u1ed9t l\u1edbp s\u00f3ng h\u00ecnh sin \u1edf gi\u1eefa v\u00e0 hai l\u1edbp gi\u1ea5y ph\u1eb3ng \u1edf hai m\u1eb7t ngo\u00e0i. V\u1edbi thi\u1ebft k\u1ebf n\u00e0y, th\u00f9ng carton 3 l\u1edbp \u0111\u01b0\u1ee3c t\u1ea1o th\u00e0nh t\u1eeb ba l\u1edbp gi\u1ea5y: hai l\u1edbp gi\u1ea5y ph\u1eb3ng \u1edf ngo\u00e0i c\u00f9ng v\u00e0 m\u1ed9t l\u1edbp s\u00f3ng \u1edf gi\u1eefa, t\u1eeb \u0111\u00f3 t\u1ea1o ra \u0111\u1ed9 b\u1ec1n v\u00e0 kh\u1ea3 n\u0103ng ch\u1ecbu l\u1ef1c t\u1ed1t. Ch\u00ednh v\u00ec c\u1ea5u t\u1ea1o n\u00e0y, th\u00f9ng carton 3 l\u1edbp th\u01b0\u1eddng \u0111\u01b0\u1ee3c s\u1eed d\u1ee5ng cho c\u00e1c s\u1ea3n ph\u1ea9m c\u00f3 tr\u1ecdng l\u01b0\u1ee3ng nh\u1eb9, gi\u00e1 th\u00e0nh th\u1ea5p v\u00e0 d\u1ec5 d\u00e0ng v\u1eadn chuy\u1ec3n m\u00e0 kh\u00f4ng lo b\u1ecb bi\u1ebfn d\u1ea1ng, nh\u01b0 thu\u1ed1c b\u1ea3o v\u1ec7 th\u1ef1c v\u1eadt, th\u00f9ng m\u1ef3, kh\u0103n gi\u1ea5y, v.v.<\/p>\n<p>C\u1ea5u t\u1ea1o chi ti\u1ebft c\u1ee7a th\u00f9ng carton 3 l\u1edbp nh\u01b0 sau:<\/p>\n<ul>\n<li><strong>L\u1edbp m\u1eb7t:<\/strong> \u0110\u00e2y l\u00e0 l\u1edbp gi\u1ea5y ngo\u00e0i c\u00f9ng, c\u00f3 m\u00e0u s\u1eafc \u0111a d\u1ea1ng nh\u01b0 tr\u1eafng, v\u00e0ng ho\u1eb7c n\u00e2u, th\u01b0\u1eddng l\u00e0 lo\u1ea1i gi\u1ea5y ph\u1eb3ng, m\u1ecbn, \u0111\u1eb9p, gi\u00fap t\u1ea1o s\u1ef1 chuy\u00ean nghi\u1ec7p v\u00e0 b\u1ea3o v\u1ec7 s\u1ea3n ph\u1ea9m b\u00ean trong kh\u1ecfi c\u00e1c y\u1ebfu t\u1ed1 b\u00ean ngo\u00e0i.<\/li>\n<li><strong>L\u1edbp gi\u1eefa (L\u1edbp s\u00f3ng):<\/strong> L\u1edbp n\u00e0y \u0111\u01b0\u1ee3c l\u00e0m t\u1eeb c\u00e1c l\u1edbp s\u00f3ng gi\u1ea5y, t\u1ea1o th\u00e0nh c\u00e1c r\u00e3nh u\u1ed1n l\u01b0\u1ee3n, \u0111\u00f3ng vai tr\u00f2 nh\u01b0 l\u1edbp \u0111\u1ec7m gi\u00fap th\u00f9ng carton c\u00f3 kh\u1ea3 n\u0103ng ch\u1ecbu l\u1ef1c t\u1ed1t h\u01a1n, b\u1ea3o v\u1ec7 s\u1ea3n ph\u1ea9m tr\u00e1nh va \u0111\u1eadp. L\u1edbp s\u00f3ng n\u00e0y \u0111\u01b0\u1ee3c d\u00e1n ch\u1eafc ch\u1eafn v\u00e0o l\u1edbp m\u1eb7t v\u00e0 l\u1edbp \u0111\u00e1y, t\u1ea1o th\u00e0nh m\u1ed9t kh\u1ed1i \u0111\u1ed3ng nh\u1ea5t.<\/li>\n<li><strong>L\u1edbp \u0111\u00e1y:<\/strong> T\u00f9y v\u00e0o y\u00eau c\u1ea7u s\u1eed d\u1ee5ng, l\u1edbp \u0111\u00e1y c\u00f3 th\u1ec3 l\u00e0 gi\u1ea5y th\u00f4ng th\u01b0\u1eddng ho\u1eb7c gi\u1ea5y c\u1ee9ng h\u01a1n \u0111\u1ec3 h\u1ed7 tr\u1ee3 l\u1ef1c, gi\u00fap th\u00f9ng carton gi\u1eef v\u1eefng h\u00ecnh d\u00e1ng v\u00e0 b\u1ea3o v\u1ec7 s\u1ea3n ph\u1ea9m t\u1ed1t h\u01a1n trong qu\u00e1 tr\u00ecnh v\u1eadn chuy\u1ec3n.<\/li>\n<\/ul>\n<p>Ch\u1ea5t l\u01b0\u1ee3ng v\u00e0 k\u1ebft c\u1ea5u c\u1ee7a th\u00f9ng carton 3 l\u1edbp \u0111\u01b0\u1ee3c thi\u1ebft k\u1ebf \u0111\u1eb7c bi\u1ec7t t\u00f9y thu\u1ed9c v\u00e0o m\u1ee5c \u0111\u00edch s\u1eed d\u1ee5ng. L\u1edbp gi\u1ea5y ph\u1ee7 m\u1eb7t c\u00f3 th\u1ec3 l\u00e0 gi\u1ea5y tr\u1eafng, n\u00e2u ho\u1eb7c v\u00e0ng, t\u00f9y theo y\u00eau c\u1ea7u th\u1ea9m m\u1ef9 v\u00e0 t\u00ednh n\u0103ng b\u1ea3o v\u1ec7 s\u1ea3n ph\u1ea9m.<\/p>\n<p>\u0110\u1eb7c bi\u1ec7t, c\u00f3 b\u1ed1n lo\u1ea1i s\u00f3ng ch\u00ednh t\u1ea1o th\u00e0nh c\u00e1c r\u00e3nh v\u00e0 v\u00f2ng u\u1ed1n l\u01b0\u1ee3n c\u1ee7a gi\u1ea5y t\u1ea5m carton, bao g\u1ed3m:<\/p>\n<ul>\n<li><strong>S\u00f3ng A:<\/strong> S\u00f3ng l\u1edbn v\u1edbi kho\u1ea3ng c\u00e1ch gi\u1eefa c\u00e1c \u0111\u1ec9nh s\u00f3ng kh\u00e1 r\u1ed9ng, ph\u00f9 h\u1ee3p cho c\u00e1c \u1ee9ng d\u1ee5ng y\u00eau c\u1ea7u \u0111\u1ed9 b\u1ec1n cao v\u00e0 kh\u1ea3 n\u0103ng c\u00e1ch \u00e2m, c\u00e1ch nhi\u1ec7t.<\/li>\n<li><strong>S\u00f3ng B:<\/strong> S\u00f3ng nh\u1ecf v\u00e0 d\u00e0y \u0111\u1eb7c, th\u00edch h\u1ee3p cho vi\u1ec7c \u0111\u00f3ng g\u00f3i s\u1ea3n ph\u1ea9m nh\u1ecf g\u1ecdn, nh\u1eb9 v\u00e0 c\u1ea7n s\u1ef1 b\u1ea3o v\u1ec7 cao.<\/li>\n<li><strong>S\u00f3ng C:<\/strong> S\u00f3ng c\u00f3 k\u00edch th\u01b0\u1edbc trung b\u00ecnh, \u0111\u01b0\u1ee3c s\u1eed d\u1ee5ng ph\u1ed5 bi\u1ebfn trong c\u00e1c \u1ee9ng d\u1ee5ng \u0111\u00f3ng g\u00f3i ti\u00eau d\u00f9ng.<\/li>\n<li><strong>S\u00f3ng E:<\/strong> S\u00f3ng r\u1ea5t nh\u1ecf v\u00e0 m\u1ecbn, th\u01b0\u1eddng \u0111\u01b0\u1ee3c d\u00f9ng cho c\u00e1c s\u1ea3n ph\u1ea9m c\u00f3 y\u00eau c\u1ea7u \u0111\u00f3ng g\u00f3i nh\u1eb9 v\u00e0 tinh t\u1ebf.<\/li>\n<\/ul>\n<p>Nh\u1edd v\u00e0o c\u1ea5u t\u1ea1o \u0111\u1eb7c bi\u1ec7t v\u00e0 \u0111a d\u1ea1ng trong \u1ee9ng d\u1ee5ng, th\u00f9ng carton 3 l\u1edbp l\u00e0 m\u1ed9t l\u1ef1a ch\u1ecdn ph\u1ed5 bi\u1ebfn trong ng\u00e0nh \u0111\u00f3ng g\u00f3i, \u0111\u1eb7c bi\u1ec7t l\u00e0 \u0111\u1ed1i v\u1edbi c\u00e1c m\u1eb7t h\u00e0ng c\u00f3 tr\u1ecdng l\u01b0\u1ee3ng nh\u1eb9 v\u00e0 chi ph\u00ed s\u1ea3n xu\u1ea5t th\u1ea5p.<\/p>","protected":false},"excerpt":{"rendered":"<p>Th\u00f9ng carton 3 l\u1edbp, hay c\u00f2n g\u1ecdi l\u00e0 bao b\u00ec carton 3 l\u1edbp, l\u00e0 lo\u1ea1i th\u00f9ng c\u00f3 c\u1ea5u tr\u00fac bao g\u1ed3m m\u1ed9t l\u1edbp s\u00f3ng h\u00ecnh sin \u1edf gi\u1eefa v\u00e0 hai l\u1edbp gi\u1ea5y ph\u1eb3ng \u1edf hai m\u1eb7t ngo\u00e0i. V\u1edbi thi\u1ebft k\u1ebf n\u00e0y, th\u00f9ng carton 3 l\u1edbp \u0111\u01b0\u1ee3c t\u1ea1o th\u00e0nh t\u1eeb ba l\u1edbp gi\u1ea5y: hai l\u1edbp gi\u1ea5y [&#8230;]","protected":false},"featured_media":30461,"template":"","meta":[],"_links":{"self":[{"href":"http:\/\/handan.com.vn\/en\/wp-json\/wp\/v2\/product\/30460"}],"collection":[{"href":"http:\/\/handan.com.vn\/en\/wp-json\/wp\/v2\/product"}],"about":[{"href":"http:\/\/handan.com.vn\/en\/wp-json\/wp\/v2\/types\/product"}],"wp:featuredmedia":[{"embeddable":true,"href":"http:\/\/handan.com.vn\/en\/wp-json\/wp\/v2\/media\/30461"}],"wp:attachment":[{"href":"http:\/\/handan.com.vn\/en\/wp-json\/wp\/v2\/media?parent=30460"}],"curies":[{"name":"wp","href":"https:\/\/api.w.org\/{rel}","templated":true}]}}