{"id":30453,"date":"2024-12-13T16:08:11","date_gmt":"2024-12-13T09:08:11","guid":{"rendered":"https:\/\/handan.com.vn\/?post_type=product&#038;p=30453"},"modified":"2026-01-05T15:16:36","modified_gmt":"2026-01-05T08:16:36","slug":"hop-carton-nap-cai","status":"publish","type":"product","link":"http:\/\/handan.com.vn\/en\/product\/hop-carton-nap-cai\/","title":{"rendered":"H\u1ed9p Carton n\u1eafp c\u00e0i"},"content":{"rendered":"<p><strong>H\u1ed9p Carton N\u1eafp C\u00e0i<\/strong> l\u00e0 s\u1ea3n ph\u1ea9m \u0111\u00f3ng g\u00f3i ph\u1ed5 bi\u1ebfn, l\u00fd t\u01b0\u1edfng cho c\u00e1c m\u1eb7t h\u00e0ng nh\u01b0 <strong>qu\u1ea7n \u00e1o, m\u1ef9 ph\u1ea9m, ph\u1ee5 ki\u1ec7n<\/strong>. V\u1edbi c\u1ea5u t\u1ea1o \u0111\u1eb7c bi\u1ec7t, \u0111\u00e1y c\u1ee7a h\u1ed9p \u0111\u01b0\u1ee3c thi\u1ebft k\u1ebf \u0111\u1ec3 c\u00e0i c\u1ed1 \u0111\u1ecbnh v\u1edbi nhau, trong khi ph\u1ea7n n\u1eafp c\u00f3 th\u1ec3 d\u1ec5 d\u00e0ng m\u1edf ra v\u00e0 \u0111\u00f3ng l\u1ea1i, mang \u0111\u1ebfn s\u1ef1 ti\u1ec7n d\u1ee5ng t\u1ed1i \u0111a cho ng\u01b0\u1eddi s\u1eed d\u1ee5ng. Lo\u1ea1i h\u1ed9p n\u00e0y gi\u00fap b\u1ea3o v\u1ec7 s\u1ea3n ph\u1ea9m an to\u00e0n trong su\u1ed1t qu\u00e1 tr\u00ecnh v\u1eadn chuy\u1ec3n, tr\u00ean m\u1ecdi ph\u01b0\u01a1ng ti\u1ec7n v\u1eadn t\u1ea3i.<\/p>\n<h3><strong>\u0110\u1eb7c \u0111i\u1ec3m n\u1ed5i b\u1eadt c\u1ee7a H\u1ed9p Carton N\u1eafp C\u00e0i:<\/strong><\/h3>\n<ul>\n<li><strong>In \u1ea5n v\u00e0 m\u00e0u s\u1eafc<\/strong>: H\u1ed9p c\u00f3 th\u1ec3 \u0111\u01b0\u1ee3c in \u1ea5n theo y\u00eau c\u1ea7u c\u1ee7a kh\u00e1ch h\u00e0ng, gi\u00fap t\u1ea1o d\u1ea5u \u1ea5n th\u01b0\u01a1ng hi\u1ec7u ho\u1eb7c th\u00f4ng tin s\u1ea3n ph\u1ea9m. M\u00e0u s\u1eafc v\u00e0 ch\u1ea5t li\u1ec7u bao g\u1ed3m: <strong>M\u1ed9c<\/strong>, <strong>Tr\u1eafng<\/strong>, <strong>V\u00e0ng<\/strong>, v\u00e0 <strong>Vi\u1ec7t Tr\u00ec<\/strong>.<\/li>\n<li><strong>Lo\u1ea1i carton<\/strong>: H\u1ed9p carton n\u1eafp c\u00e0i c\u00f3 th\u1ec3 \u0111\u01b0\u1ee3c s\u1ea3n xu\u1ea5t t\u1eeb <strong>3 l\u1edbp<\/strong> ho\u1eb7c <strong>5 l\u1edbp<\/strong>, t\u00f9y thu\u1ed9c v\u00e0o y\u00eau c\u1ea7u v\u1ec1 \u0111\u1ed9 b\u1ec1n v\u00e0 kh\u1ea3 n\u0103ng b\u1ea3o v\u1ec7 s\u1ea3n ph\u1ea9m.<\/li>\n<li><strong>C\u00e1c lo\u1ea1i s\u00f3ng<\/strong>: H\u1ed9p c\u00f3 th\u1ec3 s\u1eed d\u1ee5ng c\u00e1c lo\u1ea1i s\u00f3ng nh\u01b0 <strong>AB<\/strong>, <strong>E<\/strong>, <strong>B<\/strong>, v\u00e0 <strong>A<\/strong> \u0111\u1ec3 ph\u00f9 h\u1ee3p v\u1edbi t\u00ednh ch\u1ea5t h\u00e0ng h\u00f3a v\u00e0 nhu c\u1ea7u v\u1eadn chuy\u1ec3n.<\/li>\n<li><strong>Ti\u1ebft ki\u1ec7m chi ph\u00ed v\u1eadn chuy\u1ec3n<\/strong>: Thi\u1ebft k\u1ebf c\u1ee7a h\u1ed9p gi\u00fap t\u1ed1i \u01b0u h\u00f3a kh\u00f4ng gian, gi\u1ea3m thi\u1ec3u di\u1ec7n t\u00edch l\u01b0u tr\u1eef v\u00e0 chi ph\u00ed v\u1eadn chuy\u1ec3n. \u0110\u00e2y l\u00e0 l\u1ef1a ch\u1ecdn l\u00fd t\u01b0\u1edfng cho nhi\u1ec1u ng\u00e0nh ngh\u1ec1 v\u00e0 s\u1ea3n ph\u1ea9m kh\u00e1c nhau.<\/li>\n<li><strong>Thi\u1ebft k\u1ebf t\u1ed1i \u01b0u<\/strong>: H\u1ed9p carton n\u1eafp c\u00e0i \u0111\u01b0\u1ee3c thi\u1ebft k\u1ebf \u0111\u1ec3 d\u1ec5 d\u00e0ng v\u1eadn chuy\u1ec3n, v\u1edbi tr\u1ecdng l\u01b0\u1ee3ng nh\u1eb9 v\u00e0 g\u1ecdn g\u00e0ng. Ch\u00fang \u0111\u1ea3m b\u1ea3o r\u1eb1ng h\u00e0ng h\u00f3a s\u1ebd \u0111\u01b0\u1ee3c b\u1ea3o v\u1ec7 an to\u00e0n trong su\u1ed1t qu\u00e1 tr\u00ecnh v\u1eadn chuy\u1ec3n qua <strong>m\u00e1y bay, t\u00e0u h\u1ecfa, xe kh\u00e1ch, xe t\u1ea3i, ho\u1eb7c d\u1ecbch v\u1ee5 chuy\u1ec3n ph\u00e1t nhanh<\/strong>.<\/li>\n<\/ul>\n<p>V\u1edbi nh\u1eefng t\u00ednh n\u0103ng v\u01b0\u1ee3t tr\u1ed9i v\u00e0 kh\u1ea3 n\u0103ng b\u1ea3o v\u1ec7 h\u00e0ng h\u00f3a t\u1ed1i \u0111a, <strong>h\u1ed9p carton n\u1eafp c\u00e0i<\/strong> hi\u1ec7n \u0111ang l\u00e0 l\u1ef1a ch\u1ecdn \u0111\u01b0\u1ee3c \u01b0a chu\u1ed9ng trong ng\u00e0nh b\u00e1n l\u1ebb v\u00e0 c\u00e1c ng\u00e0nh c\u1ea7n \u0111\u00f3ng g\u00f3i s\u1ea3n ph\u1ea9m m\u1ed9t c\u00e1ch an to\u00e0n v\u00e0 hi\u1ec7u qu\u1ea3.<\/p>","protected":false},"excerpt":{"rendered":"<p>H\u1ed9p Carton N\u1eafp C\u00e0i l\u00e0 s\u1ea3n ph\u1ea9m \u0111\u00f3ng g\u00f3i ph\u1ed5 bi\u1ebfn, l\u00fd t\u01b0\u1edfng cho c\u00e1c m\u1eb7t h\u00e0ng nh\u01b0 qu\u1ea7n \u00e1o, m\u1ef9 ph\u1ea9m, ph\u1ee5 ki\u1ec7n. V\u1edbi c\u1ea5u t\u1ea1o \u0111\u1eb7c bi\u1ec7t, \u0111\u00e1y c\u1ee7a h\u1ed9p \u0111\u01b0\u1ee3c thi\u1ebft k\u1ebf \u0111\u1ec3 c\u00e0i c\u1ed1 \u0111\u1ecbnh v\u1edbi nhau, trong khi ph\u1ea7n n\u1eafp c\u00f3 th\u1ec3 d\u1ec5 d\u00e0ng m\u1edf ra v\u00e0 \u0111\u00f3ng l\u1ea1i, mang [&#8230;]","protected":false},"featured_media":30457,"template":"","meta":[],"_links":{"self":[{"href":"http:\/\/handan.com.vn\/en\/wp-json\/wp\/v2\/product\/30453"}],"collection":[{"href":"http:\/\/handan.com.vn\/en\/wp-json\/wp\/v2\/product"}],"about":[{"href":"http:\/\/handan.com.vn\/en\/wp-json\/wp\/v2\/types\/product"}],"wp:featuredmedia":[{"embeddable":true,"href":"http:\/\/handan.com.vn\/en\/wp-json\/wp\/v2\/media\/30457"}],"wp:attachment":[{"href":"http:\/\/handan.com.vn\/en\/wp-json\/wp\/v2\/media?parent=30453"}],"curies":[{"name":"wp","href":"https:\/\/api.w.org\/{rel}","templated":true}]}}