{"id":30445,"date":"2024-12-13T15:59:08","date_gmt":"2024-12-13T08:59:08","guid":{"rendered":"https:\/\/handan.com.vn\/?post_type=product&#038;p=30445"},"modified":"2026-01-05T15:16:37","modified_gmt":"2026-01-05T08:16:37","slug":"thung-carton-be-am-duong","status":"publish","type":"product","link":"http:\/\/handan.com.vn\/en\/product\/thung-carton-be-am-duong\/","title":{"rendered":"Th\u00f9ng Carton b\u1ebf \u00e2m d\u01b0\u01a1ng"},"content":{"rendered":"<p><strong>Th\u00f9ng Carton B\u1ebf \u00c2m D\u01b0\u01a1ng<\/strong> l\u00e0 lo\u1ea1i th\u00f9ng carton c\u00f3 thi\u1ebft k\u1ebf \u0111\u1eb7c bi\u1ec7t v\u1edbi ph\u1ea7n <strong>n\u1eafp v\u00e0 th\u00e2n t\u00e1ch r\u1eddi<\/strong>, trong \u0111\u00f3 ph\u1ea7n n\u1eafp r\u1ed9ng h\u01a1n ph\u1ea7n th\u00e2n \u0111\u1ec3 c\u00f3 th\u1ec3 bao tr\u00f9m v\u00e0 \u0111\u1eady k\u00edn h\u1ed9p. Th\u00f9ng n\u00e0y th\u01b0\u1eddng \u0111\u01b0\u1ee3c s\u1eed d\u1ee5ng \u0111\u1ec3 \u0111\u1ef1ng c\u00e1c m\u1eb7t h\u00e0ng nh\u1eb9 nh\u01b0 <strong>h\u1ed3 s\u01a1, gi\u1ea5y t\u1edd<\/strong> v\u00e0 c\u00f3 th\u1ec3 \u0111\u01b0\u1ee3c l\u00e0m t\u1eeb nhi\u1ec1u lo\u1ea1i gi\u1ea5y carton kh\u00e1c nhau, t\u00f9y v\u00e0o y\u00eau c\u1ea7u v\u1ec1 ch\u1ea5t l\u01b0\u1ee3ng v\u00e0 m\u1ee5c \u0111\u00edch s\u1eed d\u1ee5ng.<\/p>\n<h3><strong>C\u00e1c lo\u1ea1i th\u00f9ng carton b\u1ebf \u00e2m d\u01b0\u01a1ng v\u00e0 \u1ee9ng d\u1ee5ng:<\/strong><\/h3>\n<ol>\n<li><strong>Th\u00f9ng Carton 3 l\u1edbp (2 m\u1ed9c)<\/strong><br \/>\n\u0110\u00e2y l\u00e0 lo\u1ea1i th\u00f9ng c\u00f3 gi\u00e1 th\u00e0nh r\u1ebb, th\u01b0\u1eddng \u0111\u01b0\u1ee3c l\u00e0m t\u1eeb gi\u1ea5y carton 3 l\u1edbp, ph\u00f9 h\u1ee3p cho c\u00e1c m\u1eb7t h\u00e0ng nh\u1eb9, kh\u00f4ng d\u1ec5 v\u1ee1 v\u00e0 ch\u1ec9 di chuy\u1ec3n trong ph\u1ea1m vi g\u1ea7n. Lo\u1ea1i n\u00e0y th\u01b0\u1eddng \u0111\u01b0\u1ee3c s\u1eed d\u1ee5ng l\u00e0m t\u1ea5m l\u00f3t h\u00e0ng trong c\u00e1c th\u00f9ng l\u1edbn ho\u1eb7c container. Sau khi t\u1ea1o ph\u00f4i, c\u00e1c bi\u00ean d\u1ea1ng th\u00f9ng s\u1ebd \u0111\u01b0\u1ee3c d\u1eadp (b\u1ebf) th\u00e0nh ph\u1ea9m. M\u1eb7c d\u00f9 gi\u00e1 r\u1ebb, lo\u1ea1i n\u00e0y c\u00f3 ch\u1ea5t l\u01b0\u1ee3ng th\u1ea5p h\u01a1n v\u00e0 kh\u00f4ng th\u00edch h\u1ee3p cho nh\u1eefng s\u1ea3n ph\u1ea9m \u0111\u00f2i h\u1ecfi b\u1ea3o v\u1ec7 cao.<\/li>\n<li><strong>Th\u00f9ng Carton 3 l\u1edbp 1 v\u00e0ng<\/strong><br \/>\nV\u1edbi ch\u1ea5t l\u01b0\u1ee3ng trung b\u00ecnh, th\u00f9ng carton 3 l\u1edbp 1 v\u00e0ng th\u00edch h\u1ee3p cho vi\u1ec7c ch\u1ee9a \u0111\u1ef1ng c\u00e1c m\u1eb7t h\u00e0ng nh\u1eb9, v\u1eadn chuy\u1ec3n trong ph\u1ea1m vi g\u1ea7n. Lo\u1ea1i th\u00f9ng n\u00e0y l\u00e0 s\u1ef1 l\u1ef1a ch\u1ecdn kinh t\u1ebf, v\u1eeba ti\u1ebft ki\u1ec7m chi ph\u00ed m\u00e0 v\u1eabn \u0111\u1ea3m b\u1ea3o \u0111\u01b0\u1ee3c \u0111\u1ed9 \u1ed5n \u0111\u1ecbnh v\u1ec1 ch\u1ea5t l\u01b0\u1ee3ng. \u0110\u00e2y l\u00e0 l\u1ef1a ch\u1ecdn ph\u1ed5 bi\u1ebfn cho nh\u1eefng kh\u00e1ch h\u00e0ng c\u00f3 nhu c\u1ea7u \u0111\u00f3ng g\u00f3i \u0111\u01a1n gi\u1ea3n nh\u01b0ng v\u1eabn hi\u1ec7u qu\u1ea3.<\/li>\n<li><strong>Th\u00f9ng Carton 3 l\u1edbp 2 v\u00e0ng<\/strong><br \/>\nTh\u00f9ng carton 3 l\u1edbp 2 v\u00e0ng c\u00f3 ch\u1ea5t l\u01b0\u1ee3ng t\u1ed1t h\u01a1n, th\u00edch h\u1ee3p cho c\u00e1c m\u1eb7t h\u00e0ng t\u1eeb nh\u1eb9 \u0111\u1ebfn trung b\u00ecnh v\u00e0 c\u1ea7n v\u1eadn chuy\u1ec3n trong ph\u1ea1m vi r\u1ed9ng h\u01a1n. Lo\u1ea1i th\u00f9ng n\u00e0y \u0111\u00e1p \u1ee9ng t\u1ed1t y\u00eau c\u1ea7u v\u1ec1 th\u1ea9m m\u1ef9, ch\u1ea5t l\u01b0\u1ee3ng v\u00e0 gi\u00e1 th\u00e0nh c\u1ea1nh tranh. N\u00f3 \u0111\u01b0\u1ee3c nhi\u1ec1u doanh nghi\u1ec7p l\u1edbn tin d\u00f9ng, ch\u1eb3ng h\u1ea1n nh\u01b0 <strong>S\u1eefa M\u1ed9c Ch\u00e2u<\/strong>, <strong>Canon<\/strong>, hay <strong>T\u1ed5ng c\u1ee5c H\u1eadu C\u1ea7n<\/strong>.<\/li>\n<li><strong>Th\u00f9ng Carton 3 l\u1edbp 1 m\u1eb7t gi\u1ea5y n\u00e2u Vi\u1ec7t Tr\u00ec<\/strong><br \/>\nV\u1edbi ch\u1ea5t l\u01b0\u1ee3ng t\u01b0\u01a1ng \u0111\u1ed1i t\u1ed1t, th\u00f9ng carton n\u00e0y th\u00edch h\u1ee3p cho h\u00e0ng h\u00f3a c\u00f3 kh\u1ed1i l\u01b0\u1ee3ng nh\u1eb9 (d\u01b0\u1edbi 10kg). \u0110\u00e2y l\u00e0 s\u1ea3n ph\u1ea9m thu\u1ed9c ph\u00e2n kh\u00fac ch\u1ea5t l\u01b0\u1ee3ng cao, \u0111\u1ea3m b\u1ea3o c\u1ea3 y\u00eau c\u1ea7u v\u1ec1 ch\u1ea5t l\u01b0\u1ee3ng v\u00e0 th\u1ea9m m\u1ef9, l\u00e0m h\u00e0i l\u00f2ng c\u1ea3 nh\u1eefng kh\u00e1ch h\u00e0ng kh\u00f3 t\u00ednh. Tuy nhi\u00ean, m\u1ee9c gi\u00e1 c\u1ee7a lo\u1ea1i n\u00e0y s\u1ebd cao h\u01a1n so v\u1edbi c\u00e1c lo\u1ea1i th\u00f9ng 3 l\u1edbp kh\u00e1c.<\/li>\n<li><strong>Th\u00f9ng Carton 3 l\u1edbp 2 m\u1eb7t gi\u1ea5y n\u00e2u Vi\u1ec7t Tr\u00ec<\/strong><br \/>\nLo\u1ea1i th\u00f9ng n\u00e0y c\u00f3 ch\u1ea5t l\u01b0\u1ee3ng cao, th\u01b0\u1eddng \u0111\u01b0\u1ee3c s\u1eed d\u1ee5ng cho h\u00e0ng h\u00f3a c\u00f3 kh\u1ed1i l\u01b0\u1ee3ng tr\u00ean 10kg v\u00e0 v\u1eadn chuy\u1ec3n g\u1ea7n. V\u1edbi m\u1ee9c \u0111\u1ed9 b\u1ea3o v\u1ec7 v\u00e0 th\u1ea9m m\u1ef9 v\u01b0\u1ee3t tr\u1ed9i, \u0111\u00e2y l\u00e0 l\u1ef1a ch\u1ecdn ho\u00e0n h\u1ea3o cho nh\u1eefng s\u1ea3n ph\u1ea9m y\u00eau c\u1ea7u c\u1ea3 v\u1ec1 ch\u1ea5t l\u01b0\u1ee3ng l\u1eabn v\u1ebb ngo\u00e0i. Th\u00f9ng carton 3 l\u1edbp 2 m\u1eb7t gi\u1ea5y n\u00e2u Vi\u1ec7t Tr\u00ec mang \u0111\u1ebfn s\u1ef1 ho\u00e0n h\u1ea3o v\u1ec1 c\u1ea3 ba y\u1ebfu t\u1ed1: ch\u1ea5t l\u01b0\u1ee3ng, th\u1ea9m m\u1ef9 v\u00e0 gi\u00e1 th\u00e0nh.<\/li>\n<\/ol>\n<p>&nbsp;<\/p>","protected":false},"excerpt":{"rendered":"<p>Th\u00f9ng Carton B\u1ebf \u00c2m D\u01b0\u01a1ng l\u00e0 lo\u1ea1i th\u00f9ng carton c\u00f3 thi\u1ebft k\u1ebf \u0111\u1eb7c bi\u1ec7t v\u1edbi ph\u1ea7n n\u1eafp v\u00e0 th\u00e2n t\u00e1ch r\u1eddi, trong \u0111\u00f3 ph\u1ea7n n\u1eafp r\u1ed9ng h\u01a1n ph\u1ea7n th\u00e2n \u0111\u1ec3 c\u00f3 th\u1ec3 bao tr\u00f9m v\u00e0 \u0111\u1eady k\u00edn h\u1ed9p. Th\u00f9ng n\u00e0y th\u01b0\u1eddng \u0111\u01b0\u1ee3c s\u1eed d\u1ee5ng \u0111\u1ec3 \u0111\u1ef1ng c\u00e1c m\u1eb7t h\u00e0ng nh\u1eb9 nh\u01b0 h\u1ed3 s\u01a1, gi\u1ea5y t\u1edd [&#8230;]","protected":false},"featured_media":30450,"template":"","meta":[],"_links":{"self":[{"href":"http:\/\/handan.com.vn\/en\/wp-json\/wp\/v2\/product\/30445"}],"collection":[{"href":"http:\/\/handan.com.vn\/en\/wp-json\/wp\/v2\/product"}],"about":[{"href":"http:\/\/handan.com.vn\/en\/wp-json\/wp\/v2\/types\/product"}],"wp:featuredmedia":[{"embeddable":true,"href":"http:\/\/handan.com.vn\/en\/wp-json\/wp\/v2\/media\/30450"}],"wp:attachment":[{"href":"http:\/\/handan.com.vn\/en\/wp-json\/wp\/v2\/media?parent=30445"}],"curies":[{"name":"wp","href":"https:\/\/api.w.org\/{rel}","templated":true}]}}