{"id":30441,"date":"2024-12-13T15:16:59","date_gmt":"2024-12-13T08:16:59","guid":{"rendered":"https:\/\/handan.com.vn\/?post_type=product&#038;p=30441"},"modified":"2026-01-05T15:16:37","modified_gmt":"2026-01-05T08:16:37","slug":"thung-carton-tieu-chuan","status":"publish","type":"product","link":"http:\/\/handan.com.vn\/en\/product\/thung-carton-tieu-chuan\/","title":{"rendered":"Th\u00f9ng Carton ti\u00eau chu\u1ea9n"},"content":{"rendered":"<p><strong>Th\u00f9ng Carton: C\u00f4ng C\u1ee5 H\u1ed7 Tr\u1ee3 V\u1eadn Chuy\u1ec3n H\u00e0ng H\u00f3a<\/strong><\/p>\n<p>Th\u00f9ng carton l\u00e0 v\u1eadt d\u1ee5ng thi\u1ebft y\u1ebfu trong v\u1eadn chuy\u1ec3n h\u00e0ng h\u00f3a, gi\u00fap b\u1ea3o v\u1ec7 s\u1ea3n ph\u1ea9m trong qu\u00e1 tr\u00ecnh di chuy\u1ec3n. Th\u00f9ng carton \u0111\u01b0\u1ee3c l\u00e0m t\u1eeb gi\u1ea5y c\u00f3 l\u1edbp s\u00f3ng gi\u1eefa c\u00e1c l\u1edbp gi\u1ea5y, chia th\u00e0nh 3 lo\u1ea1i ch\u00ednh: 3 l\u1edbp, 5 l\u1edbp v\u00e0 7 l\u1edbp, m\u1ed7i lo\u1ea1i c\u00f3 \u0111\u1eb7c \u0111i\u1ec3m ri\u00eang bi\u1ec7t \u0111\u1ec3 \u0111\u00e1p \u1ee9ng c\u00e1c nhu c\u1ea7u kh\u00e1c nhau.<\/p>\n<p><strong>C\u00f4ng D\u1ee5ng C\u1ee7a Th\u00f9ng Carton:<\/strong><\/p>\n<ul>\n<li>B\u1ea3o qu\u1ea3n v\u00e0 v\u1eadn chuy\u1ec3n h\u00e0ng h\u00f3a d\u1ec5 d\u00e0ng.<\/li>\n<li>In \u1ea5n logo, th\u01b0\u01a1ng hi\u1ec7u \u0111\u1ec3 qu\u1ea3ng b\u00e1 s\u1ea3n ph\u1ea9m.<\/li>\n<li>Th\u00e2n thi\u1ec7n v\u1edbi m\u00f4i tr\u01b0\u1eddng, c\u00f3 th\u1ec3 t\u00e1i s\u1eed d\u1ee5ng v\u00e0 t\u00e1i ch\u1ebf th\u00e0nh v\u1eadt d\u1ee5ng kh\u00e1c.<\/li>\n<\/ul>\n<p><strong>C\u00e1ch X\u00e1c \u0110\u1ecbnh K\u00edch Th\u01b0\u1edbc Th\u00f9ng Carton:<\/strong> Th\u00f9ng carton c\u00f3 3 th\u00f4ng s\u1ed1 ch\u00ednh: chi\u1ec1u d\u00e0i, chi\u1ec1u r\u1ed9ng v\u00e0 chi\u1ec1u cao. L\u1ef1a ch\u1ecdn k\u00edch th\u01b0\u1edbc ph\u00f9 h\u1ee3p gi\u00fap ti\u1ebft ki\u1ec7m di\u1ec7n t\u00edch v\u00e0 t\u1ed1i \u01b0u h\u00f3a qu\u00e1 tr\u00ecnh b\u1ea3o qu\u1ea3n, v\u1eadn chuy\u1ec3n.<\/p>\n<p><strong>C\u00e1c K\u00edch Th\u01b0\u1edbc Th\u00f9ng Carton Th\u01b0\u1eddng D\u00f9ng:<\/strong><\/p>\n<ul>\n<li><strong>Lo\u1ea1i 1:<\/strong> 30x20x30 (cm) &#8211; D\u00f9ng \u0111\u00f3ng g\u00f3i t\u00e0i li\u1ec7u, gi\u1ea5y kh\u1ed5 A4.<\/li>\n<li><strong>Lo\u1ea1i 2:<\/strong> 50x30x40 (cm), 30x30x20 (cm) &#8211; D\u00f9ng \u0111\u00f3ng g\u00f3i qu\u1ea7n \u00e1o, gi\u00e0y d\u00e9p, \u0111\u1ed3 d\u00f9ng.<\/li>\n<li><strong>Lo\u1ea1i 3:<\/strong> H\u00e0ng nh\u1eb9: 60x40x40 (cm), h\u00e0ng n\u1eb7ng: 50x40x40 (cm) v\u1edbi tr\u1ecdng l\u01b0\u1ee3ng t\u1eeb 20-30 kg.<\/li>\n<\/ul>\n<p><strong>C\u00e1c K\u00edch Th\u01b0\u1edbc Th\u00f9ng Carton Ti\u00eau Chu\u1ea9n:<\/strong><\/p>\n<ul>\n<li><strong>K\u00edch th\u01b0\u1edbc th\u00f9ng carton \u0111i M\u1ef9:<\/strong> 60 x 40 x 40 cm (h\u00e0ng nh\u1eb9), 50 x 40 x 40 cm (h\u00e0ng n\u1eb7ng).<\/li>\n<li><strong>K\u00edch th\u01b0\u1edbc th\u00f9ng carton \u0111i m\u00e1y bay:<\/strong> H\u00e0ng nh\u1eb9 60 x 40 x 40 cm, h\u00e0ng n\u1eb7ng 50 x 40 x 40 cm.<\/li>\n<li><strong>K\u00edch th\u01b0\u1edbc th\u00f9ng carton 10kg:<\/strong> 30 x 20 x 30 (cm), th\u01b0\u1eddng d\u00f9ng \u0111\u00f3ng g\u00f3i h\u1ed3 s\u01a1 t\u00e0i li\u1ec7u.<\/li>\n<li><strong>K\u00edch th\u01b0\u1edbc th\u00f9ng carton 20kg:<\/strong> T\u01b0\u01a1ng t\u1ef1 nh\u01b0 k\u00edch th\u01b0\u1edbc th\u00f9ng carton \u0111i m\u00e1y bay.<\/li>\n<li><strong>K\u00edch th\u01b0\u1edbc th\u00f9ng carton 30kg:<\/strong>\n<ul>\n<li>30cm x 20cm x 30cm<\/li>\n<li>50cm x 30cm x 40cm<\/li>\n<li>50cm x 40cm x 40cm ho\u1eb7c 60cm x 40cm x 40cm<\/li>\n<li>K\u00edch th\u01b0\u1edbc l\u1edbn 68 x 38 x 40 cm<\/li>\n<\/ul>\n<\/li>\n<\/ul>\n<p><strong>K\u00edch Th\u01b0\u1edbc Th\u00f9ng Carton Nh\u1ecf:<\/strong><\/p>\n<ul>\n<li>11 cm x 11 cm x 11 cm<\/li>\n<li>12 cm x 4 cm x 6 cm<\/li>\n<li>16 cm x 13 cm x 11 cm<\/li>\n<li>18 cm x 18 cm x 10 cm<\/li>\n<li>18 cm x 14 cm x 39 cm<\/li>\n<\/ul>\n<p><strong>K\u00edch Th\u01b0\u1edbc Th\u00f9ng Carton Trung B\u00ecnh:<\/strong><\/p>\n<ul>\n<li>30 cm x 30 cm x 15 cm<\/li>\n<li>30 cm x 30 cm x 8 cm<\/li>\n<li>35 cm x 16 cm x 12 cm<\/li>\n<li>20 cm x 20 cm x 10 cm<\/li>\n<\/ul>\n<p><strong>K\u00edch Th\u01b0\u1edbc Th\u00f9ng Carton L\u1edbn:<\/strong><\/p>\n<ul>\n<li>65 cm x 45 cm x 50 cm<\/li>\n<li>60 cm x 50 cm x 45 cm<\/li>\n<li>60 cm x 40 cm x 40 cm<\/li>\n<li>50 cm x 40 cm x 40 cm<\/li>\n<li>40 cm x 40 cm x 40 cm<\/li>\n<\/ul>\n<p><strong>Li\u00ean h\u1ec7 v\u1edbi ch\u00fang t\u00f4i \u0111\u1ec3 nh\u1eadn t\u01b0 v\u1ea5n chuy\u00ean s\u00e2u v\u00e0 nh\u1eefng gi\u1ea3i ph\u00e1p hi\u1ec7u qu\u1ea3 nh\u1ea5t,\u00a0 cho nhu c\u1ea7u c\u1ee7a b\u1ea1n. C\u00e1c k\u00edch th\u01b0\u1edbc ch\u1ea5t li\u1ec7u b\u00ean c\u00f4ng ty c\u00f3 l\u00e0m theo y\u00eau c\u1ea7u c\u1ee7a b\u1ea1n \u0111\u01b0\u1ee3c<\/strong><\/p>","protected":false},"excerpt":{"rendered":"<p>Th\u00f9ng Carton: C\u00f4ng C\u1ee5 H\u1ed7 Tr\u1ee3 V\u1eadn Chuy\u1ec3n H\u00e0ng H\u00f3a Th\u00f9ng carton l\u00e0 v\u1eadt d\u1ee5ng thi\u1ebft y\u1ebfu trong v\u1eadn chuy\u1ec3n h\u00e0ng h\u00f3a, gi\u00fap b\u1ea3o v\u1ec7 s\u1ea3n ph\u1ea9m trong qu\u00e1 tr\u00ecnh di chuy\u1ec3n. Th\u00f9ng carton \u0111\u01b0\u1ee3c l\u00e0m t\u1eeb gi\u1ea5y c\u00f3 l\u1edbp s\u00f3ng gi\u1eefa c\u00e1c l\u1edbp gi\u1ea5y, chia th\u00e0nh 3 lo\u1ea1i ch\u00ednh: 3 l\u1edbp, 5 l\u1edbp v\u00e0 [&#8230;]","protected":false},"featured_media":30442,"template":"","meta":[],"_links":{"self":[{"href":"http:\/\/handan.com.vn\/en\/wp-json\/wp\/v2\/product\/30441"}],"collection":[{"href":"http:\/\/handan.com.vn\/en\/wp-json\/wp\/v2\/product"}],"about":[{"href":"http:\/\/handan.com.vn\/en\/wp-json\/wp\/v2\/types\/product"}],"wp:featuredmedia":[{"embeddable":true,"href":"http:\/\/handan.com.vn\/en\/wp-json\/wp\/v2\/media\/30442"}],"wp:attachment":[{"href":"http:\/\/handan.com.vn\/en\/wp-json\/wp\/v2\/media?parent=30441"}],"curies":[{"name":"wp","href":"https:\/\/api.w.org\/{rel}","templated":true}]}}