{"id":30427,"date":"2024-12-13T12:02:59","date_gmt":"2024-12-13T05:02:59","guid":{"rendered":"https:\/\/handan.com.vn\/?post_type=product&#038;p=30427"},"modified":"2026-01-05T15:16:37","modified_gmt":"2026-01-05T08:16:37","slug":"thung-quay-carton","status":"publish","type":"product","link":"http:\/\/handan.com.vn\/en\/product\/thung-quay-carton\/","title":{"rendered":"Th\u00f9ng qu\u00e2y Carton"},"content":{"rendered":"<p><strong>Th\u00f9ng Qu\u00e2y Kh\u1ed5 L\u1edbn<\/strong><\/p>\n<p>Th\u00f9ng qu\u00e2y kh\u1ed5 l\u1edbn c\u00f3 c\u1ea5u t\u1ea1o t\u01b0\u01a1ng t\u1ef1 c\u00e1c lo\u1ea1i th\u00f9ng carton th\u00f4ng th\u01b0\u1eddng, nh\u01b0ng v\u1edbi k\u00edch th\u01b0\u1edbc v\u01b0\u1ee3t tr\u1ed9i h\u01a1n. Th\u00f9ng qu\u00e2y kh\u1ed5 l\u1edbn th\u01b0\u1eddng c\u00f3 chi\u1ec1u d\u00e0i gi\u1ea5y t\u1eeb 1.75m tr\u1edf l\u00ean, l\u1edbn h\u01a1n so v\u1edbi c\u00e1c lo\u1ea1i th\u00f9ng carton ti\u00eau chu\u1ea9n.<\/p>\n<p>V\u1edbi k\u00edch th\u01b0\u1edbc l\u1edbn, th\u00f9ng qu\u00e2y n\u00e0y th\u01b0\u1eddng \u0111\u01b0\u1ee3c s\u1ea3n xu\u1ea5t t\u1eeb gi\u1ea5y carton 5 l\u1edbp \u0111\u1ec3 \u0111\u1ea3m b\u1ea3o s\u1ef1 ch\u1eafc ch\u1eafn v\u00e0 \u0111\u1ed9 b\u1ec1n cao. C\u00e1c th\u00f9ng qu\u00e2y n\u00e0y ch\u1ee7 y\u1ebfu c\u00f3 t\u1eeb 5 \u0111\u1ebfn 7 l\u1edbp \u0111\u1ec3 ch\u1ecbu \u0111\u01b0\u1ee3c tr\u1ecdng l\u01b0\u1ee3ng l\u1edbn v\u00e0 b\u1ea3o v\u1ec7 h\u00e0ng h\u00f3a m\u1ed9t c\u00e1ch an to\u00e0n. Tuy nhi\u00ean, m\u1ed9t s\u1ed1 lo\u1ea1i th\u00f9ng qu\u00e2y c\u0169ng s\u1eed d\u1ee5ng gi\u1ea5y 3 l\u1edbp, m\u1eb7c d\u00f9 \u00edt ph\u1ed5 bi\u1ebfn h\u01a1n.<\/p>\n<p>Ngo\u00e0i ra, th\u00f9ng qu\u00e2y kh\u1ed5 l\u1edbn c\u00f2n c\u00f3 nhi\u1ec1u m\u00e0u s\u1eafc v\u00e0 \u0111\u01b0\u1ee3c in \u1ea5n \u0111\u1eb9p m\u1eaft, ph\u1ee5c v\u1ee5 cho nhu c\u1ea7u x\u00e2y d\u1ef1ng th\u01b0\u01a1ng hi\u1ec7u c\u1ee7a c\u00e1c doanh nghi\u1ec7p.<\/p>\n<hr \/>\n<p><strong>Th\u00f9ng Qu\u00e2y C\u0169 K\u00edch Th\u01b0\u1edbc L\u1edbn<\/strong><\/p>\n<p>Th\u00f9ng qu\u00e2y c\u0169 k\u00edch th\u01b0\u1edbc l\u1edbn l\u00e0 nh\u1eefng th\u00f9ng \u0111\u00e3 qua s\u1eed d\u1ee5ng, sau \u0111\u00f3 \u0111\u01b0\u1ee3c thu h\u1ed3i v\u00e0 b\u00e1n l\u1ea1i cho nh\u1eefng ng\u01b0\u1eddi c\u00f3 nhu c\u1ea7u. Vi\u1ec7c mua th\u00f9ng qu\u00e2y c\u0169 ng\u00e0y c\u00e0ng tr\u1edf n\u00ean ph\u1ed5 bi\u1ebfn, nh\u1edd v\u00e0o t\u00ednh ch\u1ea5t th\u00e2n thi\u1ec7n v\u1edbi m\u00f4i tr\u01b0\u1eddng v\u00e0 ti\u1ebft ki\u1ec7m chi ph\u00ed.<\/p>\n<p>Th\u00f9ng qu\u00e2y c\u0169 c\u1ee1 l\u1edbn r\u1ea5t h\u1eefu \u00edch trong vi\u1ec7c \u0111\u00f3ng g\u00f3i h\u00e0ng chuy\u1ec3n nh\u00e0, g\u1eedi h\u00e0ng COD, ho\u1eb7c c\u00f3 th\u1ec3 t\u00e1i ch\u1ebf \u0111\u1ec3 t\u1ea1o ra c\u00e1c s\u1ea3n ph\u1ea9m trang tr\u00ed, \u0111\u1ed3 ch\u01a1i s\u00e1ng t\u1ea1o.<\/p>\n<hr \/>\n<p><strong>C\u00e1c Lo\u1ea1i Th\u00f9ng Qu\u00e2y Kh\u1ed5 L\u1edbn<\/strong><\/p>\n<ol>\n<li><strong>Th\u00f9ng Qu\u00e2y Kh\u1ed5 L\u1edbn 3 L\u1edbp<\/strong><br \/>\nTh\u00f9ng qu\u00e2y 3 l\u1edbp c\u00f3 k\u00edch th\u01b0\u1edbc nh\u1ecf nh\u1ea5t trong nh\u00f3m th\u00f9ng qu\u00e2y kh\u1ed5 l\u1edbn, nh\u01b0ng \u0111\u1ed9 b\u1ec1n c\u1ee7a ch\u00fang kh\u00f4ng cao v\u00e0 kh\u00f4ng ph\u00f9 h\u1ee3p \u0111\u1ec3 b\u1ea3o v\u1ec7 c\u00e1c s\u1ea3n ph\u1ea9m c\u00f3 tr\u1ecdng l\u01b0\u1ee3ng l\u1edbn. Lo\u1ea1i th\u00f9ng n\u00e0y th\u01b0\u1eddng \u0111\u01b0\u1ee3c l\u00e0m t\u1eeb gi\u1ea5y s\u00f3ng A ho\u1eb7c s\u00f3ng C \u0111\u1ec3 t\u0103ng c\u01b0\u1eddng \u0111\u1ed9 c\u1ee9ng c\u00e1p. C\u00e1c lo\u1ea1i gi\u1ea5y \u0111\u01b0\u1ee3c s\u1eed d\u1ee5ng th\u01b0\u1eddng l\u00e0 Kraft ho\u1eb7c Duplex.<br \/>\nC\u00e1c k\u00edch th\u01b0\u1edbc ph\u1ed5 bi\u1ebfn c\u1ee7a th\u00f9ng qu\u00e2y 3 l\u1edbp bao g\u1ed3m 50x30x30 cm v\u00e0 60x40x40 cm.<\/li>\n<li><strong>Th\u00f9ng Qu\u00e2y Kh\u1ed5 L\u1edbn 5 L\u1edbp<\/strong><br \/>\n\u0110\u00e2y l\u00e0 lo\u1ea1i th\u00f9ng qu\u00e2y ph\u1ed5 bi\u1ebfn nh\u1ea5t v\u00e0 \u0111\u01b0\u1ee3c \u01b0a chu\u1ed9ng v\u00ec kh\u1ea3 n\u0103ng ch\u1ecbu l\u1ef1c t\u1ed1t v\u00e0 \u0111\u1ed9 b\u1ec1n cao. V\u1edbi c\u1ea5u t\u1ea1o 5 l\u1edbp gi\u1ea5y, th\u00f9ng qu\u00e2y n\u00e0y c\u00f3 th\u1ec3 b\u1ea3o v\u1ec7 h\u00e0ng h\u00f3a m\u1ed9t c\u00e1ch hi\u1ec7u qu\u1ea3. Ch\u1ea5t li\u1ec7u gi\u1ea5y th\u01b0\u1eddng \u0111\u01b0\u1ee3c nh\u1eadp kh\u1ea9u t\u1eeb c\u00e1c qu\u1ed1c gia nh\u01b0 H\u00e0n Qu\u1ed1c, Th\u00e1i Lan v\u00e0 \u0110\u00e0i Loan, v\u1edbi c\u00e1c lo\u1ea1i s\u00f3ng AB ho\u1eb7c s\u00f3ng BC gi\u00fap ph\u00e2n t\u00e1n l\u1ef1c v\u00e0 gi\u1eef cho th\u00f9ng lu\u00f4n v\u1eefng ch\u1eafc. Th\u00f9ng qu\u00e2y 5 l\u1edbp r\u1ea5t ph\u00f9 h\u1ee3p \u0111\u1ec3 \u0111\u00f3ng g\u00f3i c\u00e1c s\u1ea3n ph\u1ea9m n\u1eb7ng v\u00e0 c\u00f3 k\u00edch th\u01b0\u1edbc l\u1edbn nh\u01b0 t\u1ee7 l\u1ea1nh, tivi, n\u1ed9i th\u1ea5t\u2026<br \/>\nC\u00e1c k\u00edch th\u01b0\u1edbc ph\u1ed5 bi\u1ebfn c\u1ee7a th\u00f9ng qu\u00e2y 5 l\u1edbp l\u00e0 60x60x60 cm v\u00e0 60x40x40 cm.<\/li>\n<li><strong>Th\u00f9ng Qu\u00e2y Kh\u1ed5 L\u1edbn 7 L\u1edbp<\/strong><br \/>\nTh\u00f9ng qu\u00e2y 7 l\u1edbp l\u00e0 lo\u1ea1i th\u00f9ng c\u00f3 \u0111\u1ed9 d\u00e0y r\u1ea5t l\u1edbn, ph\u00f9 h\u1ee3p cho nh\u1eefng h\u00e0ng h\u00f3a c\u00f3 tr\u1ecdng l\u01b0\u1ee3ng c\u1ef1c k\u1ef3 n\u1eb7ng ho\u1eb7c y\u00eau c\u1ea7u b\u1ea3o v\u1ec7 \u0111\u1eb7c bi\u1ec7t. V\u1edbi c\u1ea5u t\u1ea1o n\u00e0y, th\u00f9ng qu\u00e2y 7 l\u1edbp h\u1ea7u nh\u01b0 ch\u1ec9 c\u00f3 k\u00edch th\u01b0\u1edbc l\u1edbn, v\u00ec \u0111\u1ed9 d\u00e0y c\u1ee7a gi\u1ea5y kh\u00f4ng th\u1ec3 l\u00e0m ra c\u00e1c th\u00f9ng qu\u00e2y nh\u1ecf.<\/li>\n<\/ol>\n<hr \/>\n<p><strong>K\u00edch Th\u01b0\u1edbc Th\u00f9ng Qu\u00e2y Kh\u1ed5 L\u1edbn<\/strong><\/p>\n<p>D\u01b0\u1edbi \u0111\u00e2y l\u00e0 m\u1ed9t s\u1ed1 k\u00edch th\u01b0\u1edbc ph\u1ed5 bi\u1ebfn c\u1ee7a c\u00e1c lo\u1ea1i th\u00f9ng qu\u00e2y kh\u1ed5 l\u1edbn:<\/p>\n<ul>\n<li><strong>Th\u00f9ng Qu\u00e2y 3 L\u1edbp<\/strong>\n<ul>\n<li>50x30x30 cm<\/li>\n<li>50x20x20 cm<\/li>\n<li>60x40x40 cm<\/li>\n<li>60x45x40 cm<\/li>\n<li>45.5&#215;45.5&#215;45 cm<\/li>\n<li>61x45x45 cm<\/li>\n<\/ul>\n<\/li>\n<li><strong>Th\u00f9ng Qu\u00e2y 5 L\u1edbp<\/strong>\n<ul>\n<li>60x45x40 cm<\/li>\n<li>60x40x40 cm<\/li>\n<li>60x60x60 cm<\/li>\n<li>61x61x61 cm<\/li>\n<\/ul>\n<\/li>\n<li><strong>Th\u00f9ng Qu\u00e2y 7 L\u1edbp<\/strong>\n<ul>\n<li>Th\u00f9ng qu\u00e2y 7 l\u1edbp c\u00f3 r\u1ea5t nhi\u1ec1u k\u00edch th\u01b0\u1edbc kh\u00e1c nhau, nh\u01b0ng do \u0111\u1ed9 d\u00e0y c\u1ee7a l\u1edbp gi\u1ea5y, c\u00e1c th\u00f9ng n\u00e0y th\u01b0\u1eddng c\u00f3 k\u00edch th\u01b0\u1edbc l\u1edbn.<\/li>\n<\/ul>\n<\/li>\n<\/ul>\n<p><strong>Li\u00ean h\u1ec7 v\u1edbi ch\u00fang t\u00f4i \u0111\u1ec3 nh\u1eadn t\u01b0 v\u1ea5n chuy\u00ean s\u00e2u v\u00e0 nh\u1eefng gi\u1ea3i ph\u00e1p hi\u1ec7u qu\u1ea3 nh\u1ea5t,\u00a0 cho nhu c\u1ea7u c\u1ee7a b\u1ea1n. C\u00e1c k\u00edch th\u01b0\u1edbc ch\u1ea5t li\u1ec7u b\u00ean c\u00f4ng ty c\u00f3 l\u00e0m theo y\u00eau c\u1ea7y c\u1ee7a b\u1ea1n \u0111\u01b0\u1ee3c<\/strong><\/p>","protected":false},"excerpt":{"rendered":"<p>Th\u00f9ng Qu\u00e2y Kh\u1ed5 L\u1edbn Th\u00f9ng qu\u00e2y kh\u1ed5 l\u1edbn c\u00f3 c\u1ea5u t\u1ea1o t\u01b0\u01a1ng t\u1ef1 c\u00e1c lo\u1ea1i th\u00f9ng carton th\u00f4ng th\u01b0\u1eddng, nh\u01b0ng v\u1edbi k\u00edch th\u01b0\u1edbc v\u01b0\u1ee3t tr\u1ed9i h\u01a1n. Th\u00f9ng qu\u00e2y kh\u1ed5 l\u1edbn th\u01b0\u1eddng c\u00f3 chi\u1ec1u d\u00e0i gi\u1ea5y t\u1eeb 1.75m tr\u1edf l\u00ean, l\u1edbn h\u01a1n so v\u1edbi c\u00e1c lo\u1ea1i th\u00f9ng carton ti\u00eau chu\u1ea9n. V\u1edbi k\u00edch th\u01b0\u1edbc l\u1edbn, th\u00f9ng qu\u00e2y [&#8230;]","protected":false},"featured_media":30428,"template":"","meta":[],"_links":{"self":[{"href":"http:\/\/handan.com.vn\/en\/wp-json\/wp\/v2\/product\/30427"}],"collection":[{"href":"http:\/\/handan.com.vn\/en\/wp-json\/wp\/v2\/product"}],"about":[{"href":"http:\/\/handan.com.vn\/en\/wp-json\/wp\/v2\/types\/product"}],"wp:featuredmedia":[{"embeddable":true,"href":"http:\/\/handan.com.vn\/en\/wp-json\/wp\/v2\/media\/30428"}],"wp:attachment":[{"href":"http:\/\/handan.com.vn\/en\/wp-json\/wp\/v2\/media?parent=30427"}],"curies":[{"name":"wp","href":"https:\/\/api.w.org\/{rel}","templated":true}]}}