{"id":30421,"date":"2024-12-13T09:23:32","date_gmt":"2024-12-13T02:23:32","guid":{"rendered":"https:\/\/handan.com.vn\/?post_type=product&#038;p=30421"},"modified":"2026-01-05T15:16:37","modified_gmt":"2026-01-05T08:16:37","slug":"giay-carton-to-ong","status":"publish","type":"product","link":"http:\/\/handan.com.vn\/en\/product\/giay-carton-to-ong\/","title":{"rendered":"Gi\u1ea5y Carton t\u1ed5 ong"},"content":{"rendered":"<p>Gi\u1ea5y Carton t\u1ed5 ong (Honeycomb Paperboard) l\u00e0 m\u1ed9t lo\u1ea1i v\u1eadt li\u1ec7u bao b\u00ec \u0111\u1eb7c bi\u1ec7t \u0111\u01b0\u1ee3c thi\u1ebft k\u1ebf v\u1edbi c\u1ea5u tr\u00fac t\u1ed5 ong, t\u1ea1o n\u00ean m\u1ed9t h\u1ec7 th\u1ed1ng c\u00e1c \u00f4 h\u00ecnh l\u1ee5c gi\u00e1c \u0111\u1ec1u. C\u1ea5u tr\u00fac n\u00e0y kh\u00f4ng ch\u1ec9 mang l\u1ea1i \u0111\u1ed9 b\u1ec1n v\u00e0 kh\u1ea3 n\u0103ng ch\u1ecbu l\u1ef1c cao m\u00e0 c\u00f2n gi\u00fap gi\u1ea3m tr\u1ecdng l\u01b0\u1ee3ng c\u1ee7a s\u1ea3n ph\u1ea9m so v\u1edbi c\u00e1c lo\u1ea1i bao b\u00ec th\u00f4ng th\u01b0\u1eddng. Gi\u1ea5y carton t\u1ed5 ong \u0111\u01b0\u1ee3c s\u1ea3n xu\u1ea5t t\u1eeb gi\u1ea5y kraft, v\u1edbi c\u00e1c l\u1edbp gi\u1ea5y \u0111\u01b0\u1ee3c d\u00e1n ch\u1eb7t v\u00e0o nhau v\u00e0 t\u1ea1o th\u00e0nh c\u00e1c \u00f4 r\u1ed7ng gi\u1ed1ng nh\u01b0 t\u1ed5 ong.<\/p>\n<h3>C\u1ea5u tr\u00fac v\u00e0 t\u00ednh n\u0103ng:<\/h3>\n<ul>\n<li><strong>C\u1ea5u tr\u00fac t\u1ed5 ong<\/strong>: Gi\u1ea5y carton t\u1ed5 ong c\u00f3 m\u1ed9t thi\u1ebft k\u1ebf \u0111\u1eb7c bi\u1ec7t v\u1edbi c\u00e1c l\u1edbp gi\u1ea5y \u0111\u01b0\u1ee3c x\u1ebfp ch\u1ed3ng l\u00ean nhau, t\u1ea1o th\u00e0nh c\u00e1c khe h\u1edf h\u00ecnh l\u1ee5c gi\u00e1c. \u0110i\u1ec1u n\u00e0y gi\u00fap t\u0103ng c\u01b0\u1eddng kh\u1ea3 n\u0103ng ch\u1ed1ng va \u0111\u1eadp v\u00e0 kh\u1ea3 n\u0103ng ch\u1ecbu l\u1ef1c v\u01b0\u1ee3t tr\u1ed9i so v\u1edbi c\u00e1c lo\u1ea1i gi\u1ea5y carton th\u00f4ng th\u01b0\u1eddng.<\/li>\n<li><strong>T\u00ednh nh\u1eb9 v\u00e0 b\u1ec1n<\/strong>: M\u1eb7c d\u00f9 c\u00f3 c\u1ea5u tr\u00fac r\u1ed7ng, gi\u1ea5y carton t\u1ed5 ong v\u1eabn gi\u1eef \u0111\u01b0\u1ee3c \u0111\u1ed9 b\u1ec1n cao nh\u1edd v\u00e0o thi\u1ebft k\u1ebf h\u1ee3p l\u00fd, l\u00e0m gi\u1ea3m tr\u1ecdng l\u01b0\u1ee3ng nh\u01b0ng kh\u00f4ng l\u00e0m gi\u1ea3m kh\u1ea3 n\u0103ng b\u1ea3o v\u1ec7 s\u1ea3n ph\u1ea9m.<\/li>\n<li><strong>Kh\u1ea3 n\u0103ng c\u00e1ch \u00e2m v\u00e0 c\u00e1ch nhi\u1ec7t<\/strong>: Gi\u1ea5y carton t\u1ed5 ong c\u00f3 kh\u1ea3 n\u0103ng c\u00e1ch \u00e2m v\u00e0 c\u00e1ch nhi\u1ec7t t\u1ef1 nhi\u00ean nh\u1edd v\u00e0o kh\u00f4ng gian r\u1ed7ng b\u00ean trong c\u00e1c \u00f4 t\u1ed5 ong. \u0110i\u1ec1u n\u00e0y gi\u00fap b\u1ea3o v\u1ec7 s\u1ea3n ph\u1ea9m kh\u1ecfi nhi\u1ec7t \u0111\u1ed9 v\u00e0 ti\u1ebfng \u1ed3n b\u00ean ngo\u00e0i trong qu\u00e1 tr\u00ecnh v\u1eadn chuy\u1ec3n v\u00e0 l\u01b0u tr\u1eef.<\/li>\n<\/ul>\n<h3>\u01afu \u0111i\u1ec3m:<\/h3>\n<ol>\n<li><strong>Ch\u1ed1ng va \u0111\u1eadp v\u00e0 b\u1ea3o v\u1ec7 t\u1ed1t<\/strong>: V\u1edbi c\u1ea5u tr\u00fac t\u1ed5 ong ch\u1eafc ch\u1eafn, gi\u1ea5y carton t\u1ed5 ong mang l\u1ea1i kh\u1ea3 n\u0103ng b\u1ea3o v\u1ec7 s\u1ea3n ph\u1ea9m hi\u1ec7u qu\u1ea3 trong su\u1ed1t qu\u00e1 tr\u00ecnh v\u1eadn chuy\u1ec3n. N\u00f3 gi\u00fap gi\u1ea3m thi\u1ec3u h\u01b0 h\u1ecfng do va \u0111\u1eadp ho\u1eb7c s\u1ef1 thay \u0111\u1ed5i nhi\u1ec7t \u0111\u1ed9.<\/li>\n<li><strong>Ti\u1ebft ki\u1ec7m chi ph\u00ed<\/strong>: V\u00ec c\u00f3 thi\u1ebft k\u1ebf nh\u1eb9 nh\u01b0ng v\u1eabn b\u1ec1n ch\u1eafc, gi\u1ea5y carton t\u1ed5 ong gi\u00fap ti\u1ebft ki\u1ec7m chi ph\u00ed v\u1eadn chuy\u1ec3n v\u00e0 l\u01b0u kho do gi\u1ea3m \u0111\u01b0\u1ee3c tr\u1ecdng l\u01b0\u1ee3ng v\u00e0 ti\u1ebft ki\u1ec7m kh\u00f4ng gian.<\/li>\n<li><strong>Eco - friendly<\/strong>: Gi\u1ea5y carton t\u1ed5 ong \u0111\u01b0\u1ee3c l\u00e0m t\u1eeb nguy\u00ean li\u1ec7u t\u00e1i ch\u1ebf, c\u00f3 th\u1ec3 t\u00e1i s\u1eed d\u1ee5ng v\u00e0 ph\u00e2n h\u1ee7y sinh h\u1ecdc, gi\u00fap gi\u1ea3m thi\u1ec3u t\u00e1c \u0111\u1ed9ng \u0111\u1ebfn m\u00f4i tr\u01b0\u1eddng so v\u1edbi c\u00e1c v\u1eadt li\u1ec7u bao b\u00ec nh\u1ef1a ho\u1eb7c kim lo\u1ea1i.<\/li>\n<li><strong>D\u1ec5 d\u00e0ng t\u00f9y ch\u1ec9nh<\/strong>: Gi\u1ea5y carton t\u1ed5 ong c\u00f3 th\u1ec3 \u0111\u01b0\u1ee3c c\u1eaft, g\u1ea5p v\u00e0 t\u1ea1o h\u00ecnh linh ho\u1ea1t theo y\u00eau c\u1ea7u c\u1ee7a kh\u00e1ch h\u00e0ng, ph\u00f9 h\u1ee3p v\u1edbi nhi\u1ec1u lo\u1ea1i s\u1ea3n ph\u1ea9m v\u00e0 k\u00edch th\u01b0\u1edbc kh\u00e1c nhau.<\/li>\n<\/ol>\n<h3>\u1ee8ng d\u1ee5ng:<\/h3>\n<p>Gi\u1ea5y carton t\u1ed5 ong \u0111\u01b0\u1ee3c s\u1eed d\u1ee5ng r\u1ed9ng r\u00e3i trong nhi\u1ec1u ng\u00e0nh c\u00f4ng nghi\u1ec7p, \u0111\u1eb7c bi\u1ec7t l\u00e0:<\/p>\n<ul>\n<li><strong>\u0110\u00f3ng g\u00f3i h\u00e0ng h\u00f3a<\/strong>: Th\u01b0\u1eddng \u0111\u01b0\u1ee3c s\u1eed d\u1ee5ng \u0111\u1ec3 \u0111\u00f3ng g\u00f3i c\u00e1c s\u1ea3n ph\u1ea9m d\u1ec5 v\u1ee1, nh\u01b0 \u0111\u1ed3 \u0111i\u1ec7n t\u1eed, th\u1ee7y tinh, g\u1ed1m s\u1ee9, thi\u1ebft b\u1ecb gia d\u1ee5ng, v.v.<\/li>\n<li><strong>Ng\u00e0nh c\u00f4ng nghi\u1ec7p \u00f4 t\u00f4<\/strong>: D\u00f9ng \u0111\u1ec3 \u0111\u00f3ng g\u00f3i c\u00e1c b\u1ed9 ph\u1eadn c\u1ee7a \u00f4 t\u00f4, gi\u00fap b\u1ea3o v\u1ec7 c\u00e1c chi ti\u1ebft trong qu\u00e1 tr\u00ecnh v\u1eadn chuy\u1ec3n v\u00e0 l\u01b0u tr\u1eef.<\/li>\n<li><strong>Ng\u00e0nh c\u00f4ng nghi\u1ec7p x\u00e2y d\u1ef1ng<\/strong>: \u0110\u01b0\u1ee3c s\u1eed d\u1ee5ng \u0111\u1ec3 \u0111\u00f3ng g\u00f3i c\u00e1c v\u1eadt li\u1ec7u x\u00e2y d\u1ef1ng nh\u01b0 g\u1ea1ch, \u0111\u00e1, v\u00e0 c\u00e1c v\u1eadt li\u1ec7u c\u00f3 t\u00ednh ch\u1ea5t d\u1ec5 v\u1ee1 kh\u00e1c.<\/li>\n<li><strong>Chuy\u1ec3n nh\u00e0 v\u00e0 l\u01b0u tr\u1eef<\/strong>: Gi\u1ea5y carton t\u1ed5 ong c\u0169ng r\u1ea5t ph\u1ed5 bi\u1ebfn trong vi\u1ec7c \u0111\u00f3ng g\u00f3i \u0111\u1ed3 \u0111\u1ea1c khi chuy\u1ec3n nh\u00e0, gi\u00fap b\u1ea3o v\u1ec7 c\u00e1c \u0111\u1ed3 v\u1eadt trong qu\u00e1 tr\u00ecnh di chuy\u1ec3n.<\/li>\n<\/ul>\n<h3>K\u1ebft lu\u1eadn:<\/h3>\n<p>Gi\u1ea5y carton t\u1ed5 ong l\u00e0 m\u1ed9t gi\u1ea3i ph\u00e1p bao b\u00ec hi\u1ec7u qu\u1ea3, k\u1ebft h\u1ee3p gi\u1eefa \u0111\u1ed9 b\u1ec1n cao, kh\u1ea3 n\u0103ng b\u1ea3o v\u1ec7 t\u1ed1t, t\u00ednh ti\u1ebft ki\u1ec7m v\u00e0 th\u00e2n thi\u1ec7n v\u1edbi m\u00f4i tr\u01b0\u1eddng. V\u1edbi nh\u1eefng \u01b0u \u0111i\u1ec3m v\u01b0\u1ee3t tr\u1ed9i, lo\u1ea1i v\u1eadt li\u1ec7u n\u00e0y \u0111ang ng\u00e0y c\u00e0ng tr\u1edf th\u00e0nh l\u1ef1a ch\u1ecdn ph\u1ed5 bi\u1ebfn trong nhi\u1ec1u ng\u00e0nh c\u00f4ng nghi\u1ec7p v\u00e0 trong vi\u1ec7c v\u1eadn chuy\u1ec3n h\u00e0ng h\u00f3a.<\/p>\n<p>&nbsp;<\/p>\n<p><strong>Li\u00ean h\u1ec7 v\u1edbi ch\u00fang t\u00f4i \u0111\u1ec3 nh\u1eadn t\u01b0 v\u1ea5n chuy\u00ean s\u00e2u v\u00e0 nh\u1eefng gi\u1ea3i ph\u00e1p hi\u1ec7u qu\u1ea3 nh\u1ea5t cho nhu c\u1ea7u c\u1ee7a b\u1ea1n<\/strong><\/p>\n<p>&nbsp;<\/p>","protected":false},"excerpt":{"rendered":"<p>Gi\u1ea5y Carton t\u1ed5 ong (Honeycomb Paperboard) l\u00e0 m\u1ed9t lo\u1ea1i v\u1eadt li\u1ec7u bao b\u00ec \u0111\u1eb7c bi\u1ec7t \u0111\u01b0\u1ee3c thi\u1ebft k\u1ebf v\u1edbi c\u1ea5u tr\u00fac t\u1ed5 ong, t\u1ea1o n\u00ean m\u1ed9t h\u1ec7 th\u1ed1ng c\u00e1c \u00f4 h\u00ecnh l\u1ee5c gi\u00e1c \u0111\u1ec1u. C\u1ea5u tr\u00fac n\u00e0y kh\u00f4ng ch\u1ec9 mang l\u1ea1i \u0111\u1ed9 b\u1ec1n v\u00e0 kh\u1ea3 n\u0103ng ch\u1ecbu l\u1ef1c cao m\u00e0 c\u00f2n gi\u00fap gi\u1ea3m tr\u1ecdng l\u01b0\u1ee3ng [&#8230;]","protected":false},"featured_media":30424,"template":"","meta":[],"_links":{"self":[{"href":"http:\/\/handan.com.vn\/en\/wp-json\/wp\/v2\/product\/30421"}],"collection":[{"href":"http:\/\/handan.com.vn\/en\/wp-json\/wp\/v2\/product"}],"about":[{"href":"http:\/\/handan.com.vn\/en\/wp-json\/wp\/v2\/types\/product"}],"wp:featuredmedia":[{"embeddable":true,"href":"http:\/\/handan.com.vn\/en\/wp-json\/wp\/v2\/media\/30424"}],"wp:attachment":[{"href":"http:\/\/handan.com.vn\/en\/wp-json\/wp\/v2\/media?parent=30421"}],"curies":[{"name":"wp","href":"https:\/\/api.w.org\/{rel}","templated":true}]}}