{"id":30391,"date":"2024-12-11T10:25:37","date_gmt":"2024-12-11T03:25:37","guid":{"rendered":"https:\/\/handan.com.vn\/?post_type=product&#038;p=30391"},"modified":"2026-01-05T15:16:38","modified_gmt":"2026-01-05T08:16:38","slug":"kim-mui-sieu-nho-pn-20-m-exso","status":"publish","type":"product","link":"http:\/\/handan.com.vn\/en\/product\/kim-mui-sieu-nho-pn-20-m-exso\/","title":{"rendered":"K\u00ecm m\u0169i si\u00eau nh\u1ecf PN-20-M Exso"},"content":{"rendered":"","protected":false},"excerpt":{"rendered":"<table>\n<tbody>\n<tr>\n<td width=\"65\"><strong>Material<\/strong><\/td>\n<td width=\"75\">45g<\/td>\n<\/tr>\n<tr>\n<td width=\"65\"><strong>Size<\/strong><\/td>\n<td width=\"75\">125mm<\/td>\n<\/tr>\n<\/tbody>\n<\/table>","protected":false},"featured_media":30392,"template":"","meta":[],"_links":{"self":[{"href":"http:\/\/handan.com.vn\/en\/wp-json\/wp\/v2\/product\/30391"}],"collection":[{"href":"http:\/\/handan.com.vn\/en\/wp-json\/wp\/v2\/product"}],"about":[{"href":"http:\/\/handan.com.vn\/en\/wp-json\/wp\/v2\/types\/product"}],"wp:featuredmedia":[{"embeddable":true,"href":"http:\/\/handan.com.vn\/en\/wp-json\/wp\/v2\/media\/30392"}],"wp:attachment":[{"href":"http:\/\/handan.com.vn\/en\/wp-json\/wp\/v2\/media?parent=30391"}],"curies":[{"name":"wp","href":"https:\/\/api.w.org\/{rel}","templated":true}]}}