{"id":30380,"date":"2024-12-10T11:50:51","date_gmt":"2024-12-10T04:50:51","guid":{"rendered":"https:\/\/handan.com.vn\/?post_type=product&#038;p=30380"},"modified":"2026-01-05T15:16:38","modified_gmt":"2026-01-05T08:16:38","slug":"kim-mui-dai-tr-501-exso","status":"publish","type":"product","link":"http:\/\/handan.com.vn\/en\/product\/kim-mui-dai-tr-501-exso\/","title":{"rendered":"K\u00ecm m\u0169i d\u00e0i TR-501 Exso"},"content":{"rendered":"","protected":false},"excerpt":{"rendered":"<table>\n<tbody>\n<tr>\n<td width=\"65\"><strong>Material<\/strong><\/td>\n<td width=\"75\">55# STEEL<\/td>\n<\/tr>\n<tr>\n<td width=\"65\"><strong>Size<\/strong><\/td>\n<td width=\"75\">130mm<\/td>\n<\/tr>\n<\/tbody>\n<\/table>","protected":false},"featured_media":30383,"template":"","meta":[],"_links":{"self":[{"href":"http:\/\/handan.com.vn\/en\/wp-json\/wp\/v2\/product\/30380"}],"collection":[{"href":"http:\/\/handan.com.vn\/en\/wp-json\/wp\/v2\/product"}],"about":[{"href":"http:\/\/handan.com.vn\/en\/wp-json\/wp\/v2\/types\/product"}],"wp:featuredmedia":[{"embeddable":true,"href":"http:\/\/handan.com.vn\/en\/wp-json\/wp\/v2\/media\/30383"}],"wp:attachment":[{"href":"http:\/\/handan.com.vn\/en\/wp-json\/wp\/v2\/media?parent=30380"}],"curies":[{"name":"wp","href":"https:\/\/api.w.org\/{rel}","templated":true}]}}