{"id":30344,"date":"2024-12-09T11:13:44","date_gmt":"2024-12-09T04:13:44","guid":{"rendered":"https:\/\/handan.com.vn\/?post_type=product&#038;p=30344"},"modified":"2026-01-05T15:17:32","modified_gmt":"2026-01-05T08:17:32","slug":"may-hut-khoi-han-jy-sa20-exso","status":"publish","type":"product","link":"http:\/\/handan.com.vn\/en\/product\/may-hut-khoi-han-jy-sa20-exso\/","title":{"rendered":"M\u00e1y h\u00fat kh\u00f3i h\u00e0n JY-SA20 Exso"},"content":{"rendered":"","protected":false},"excerpt":{"rendered":"<table id=\"tablepress-148\" class=\"tablepress tablepress-id-148 spec\">\n<thead>\n<tr class=\"row-1 odd\">\n<th class=\"column-1\" style=\"text-align: left;\">Model<\/th>\n<th class=\"column-2\" style=\"text-align: left;\">JY-SA20<\/th>\n<\/tr>\n<\/thead>\n<tbody class=\"row-hover\">\n<tr class=\"row-2 even\">\n<td class=\"column-1\"><strong>Wind speed<\/strong><\/td>\n<td class=\"column-2\">1.5 Rube<\/td>\n<\/tr>\n<tr class=\"row-3 odd\">\n<td class=\"column-1\"><strong>RPM<\/strong><\/td>\n<td class=\"column-2\">3,250<\/td>\n<\/tr>\n<tr class=\"row-4 even\">\n<td class=\"column-1\"><strong>Size<\/strong><\/td>\n<td class=\"column-2\">160 * 270 * 320 mm<\/td>\n<\/tr>\n<tr class=\"row-5 odd\">\n<td class=\"column-1\"><strong>Blower noise<\/strong><\/td>\n<td class=\"column-2\">60dB<\/td>\n<\/tr>\n<tr class=\"row-6 even\">\n<td class=\"column-1\"><strong>Weight<\/strong><\/td>\n<td class=\"column-2\">1.77Kg<\/td>\n<\/tr>\n<\/tbody>\n<\/table>","protected":false},"featured_media":30345,"template":"","meta":[],"_links":{"self":[{"href":"http:\/\/handan.com.vn\/en\/wp-json\/wp\/v2\/product\/30344"}],"collection":[{"href":"http:\/\/handan.com.vn\/en\/wp-json\/wp\/v2\/product"}],"about":[{"href":"http:\/\/handan.com.vn\/en\/wp-json\/wp\/v2\/types\/product"}],"wp:featuredmedia":[{"embeddable":true,"href":"http:\/\/handan.com.vn\/en\/wp-json\/wp\/v2\/media\/30345"}],"wp:attachment":[{"href":"http:\/\/handan.com.vn\/en\/wp-json\/wp\/v2\/media?parent=30344"}],"curies":[{"name":"wp","href":"https:\/\/api.w.org\/{rel}","templated":true}]}}