{"id":30338,"date":"2024-12-09T09:12:51","date_gmt":"2024-12-09T02:12:51","guid":{"rendered":"https:\/\/handan.com.vn\/?post_type=product&#038;p=30338"},"modified":"2026-01-05T15:17:32","modified_gmt":"2026-01-05T08:17:32","slug":"may-hut-khoi-han-jy-sa2esd","status":"publish","type":"product","link":"http:\/\/handan.com.vn\/en\/product\/may-hut-khoi-han-jy-sa2esd\/","title":{"rendered":"M\u00e1y h\u00fat kh\u00f3i h\u00e0n JY-SA2ESD"},"content":{"rendered":"","protected":false},"excerpt":{"rendered":"<p><strong>Voltage<\/strong>: 220V, 50\/60Hz<\/p>\n<p><strong>Maximum Air Volume<\/strong>: 105~126 CFM (Cubic Feet per Minute)<\/p>\n<p><strong>Weight<\/strong>: 1.2 kg<\/p>","protected":false},"featured_media":30339,"template":"","meta":[],"_links":{"self":[{"href":"http:\/\/handan.com.vn\/en\/wp-json\/wp\/v2\/product\/30338"}],"collection":[{"href":"http:\/\/handan.com.vn\/en\/wp-json\/wp\/v2\/product"}],"about":[{"href":"http:\/\/handan.com.vn\/en\/wp-json\/wp\/v2\/types\/product"}],"wp:featuredmedia":[{"embeddable":true,"href":"http:\/\/handan.com.vn\/en\/wp-json\/wp\/v2\/media\/30339"}],"wp:attachment":[{"href":"http:\/\/handan.com.vn\/en\/wp-json\/wp\/v2\/media?parent=30338"}],"curies":[{"name":"wp","href":"https:\/\/api.w.org\/{rel}","templated":true}]}}