{"id":30334,"date":"2024-12-09T09:05:52","date_gmt":"2024-12-09T02:05:52","guid":{"rendered":"https:\/\/handan.com.vn\/?post_type=product&#038;p=30334"},"modified":"2026-01-05T15:17:33","modified_gmt":"2026-01-05T08:17:33","slug":"may-hut-khoi-jy-sa1-exso","status":"publish","type":"product","link":"http:\/\/handan.com.vn\/en\/product\/may-hut-khoi-jy-sa1-exso\/","title":{"rendered":"M\u00e1y h\u00fat kh\u00f3i  JY-SA1  Exso"},"content":{"rendered":"","protected":false},"excerpt":{"rendered":"<p><strong>Voltage<\/strong>: 110V, 60Hz<\/p>\n<p><strong>Maximum Air Volume<\/strong>: 105~126 CFM (Cubic Feet per Minute)<\/p>\n<p><strong>Weight<\/strong>: 1.2 kg<\/p>","protected":false},"featured_media":30335,"template":"","meta":[],"_links":{"self":[{"href":"http:\/\/handan.com.vn\/en\/wp-json\/wp\/v2\/product\/30334"}],"collection":[{"href":"http:\/\/handan.com.vn\/en\/wp-json\/wp\/v2\/product"}],"about":[{"href":"http:\/\/handan.com.vn\/en\/wp-json\/wp\/v2\/types\/product"}],"wp:featuredmedia":[{"embeddable":true,"href":"http:\/\/handan.com.vn\/en\/wp-json\/wp\/v2\/media\/30335"}],"wp:attachment":[{"href":"http:\/\/handan.com.vn\/en\/wp-json\/wp\/v2\/media?parent=30334"}],"curies":[{"name":"wp","href":"https:\/\/api.w.org\/{rel}","templated":true}]}}