{"id":30314,"date":"2024-12-04T16:55:15","date_gmt":"2024-12-04T09:55:15","guid":{"rendered":"https:\/\/handan.com.vn\/?post_type=product&#038;p=30314"},"modified":"2026-01-05T15:18:01","modified_gmt":"2026-01-05T08:18:01","slug":"loc-hpea-exc-6001-6002-exc-6001-m","status":"publish","type":"product","link":"http:\/\/handan.com.vn\/en\/product\/loc-hpea-exc-6001-6002-exc-6001-m\/","title":{"rendered":"[L\u1ecdc HPEA EXC-6001\/6002] EXC-6001-M"},"content":{"rendered":"<p>D\u00f9ng \u0111\u1ec3 <strong>l\u1ecdc c\u00e1c kh\u00ed \u0111\u1ed9c h\u1ea1i<\/strong>, hi\u1ec7u su\u1ea5t l\u1ecdc \u0111\u1ea1t tr\u00ean 95%.<\/p>\n<p>\u0110\u1ec3 m\u00f4 t\u1ea3 chi ti\u1ebft h\u01a1n v\u1ec1 c\u00f4ng d\u1ee5ng c\u1ee7a b\u1ed9 l\u1ecdc n\u00e0y:<\/p>\n<p><strong>EXC-6001-M<\/strong> l\u00e0 b\u1ed9 l\u1ecdc ch\u00ednh \u0111\u01b0\u1ee3c thi\u1ebft k\u1ebf \u0111\u1ec3 <strong>l\u1ecdc c\u00e1c kh\u00ed \u0111\u1ed9c h\u1ea1i<\/strong> trong kh\u00f4ng kh\u00ed, bao g\u1ed3m c\u00e1c h\u1ee3p ch\u1ea5t h\u00f3a h\u1ecdc, kh\u00ed th\u1ea3i, v\u00e0 c\u00e1c ch\u1ea5t g\u00e2y \u00f4 nhi\u1ec5m c\u00f3 th\u1ec3 g\u00e2y h\u1ea1i cho s\u1ee9c kh\u1ecfe con ng\u01b0\u1eddi ho\u1eb7c \u1ea3nh h\u01b0\u1edfng \u0111\u1ebfn m\u00f4i tr\u01b0\u1eddng. V\u1edbi <strong>hi\u1ec7u su\u1ea5t l\u1ecdc tr\u00ean 95%<\/strong>, b\u1ed9 l\u1ecdc n\u00e0y c\u00f3 kh\u1ea3 n\u0103ng lo\u1ea1i b\u1ecf m\u1ed9t l\u01b0\u1ee3ng l\u1edbn c\u00e1c ch\u1ea5t \u0111\u1ed9c h\u1ea1i, gi\u00fap duy tr\u00ec kh\u00f4ng kh\u00ed s\u1ea1ch s\u1ebd v\u00e0 an to\u00e0n. B\u1ed9 l\u1ecdc n\u00e0y th\u01b0\u1eddng \u0111\u01b0\u1ee3c s\u1eed d\u1ee5ng trong c\u00e1c m\u00f4i tr\u01b0\u1eddng c\u00f4ng nghi\u1ec7p, c\u00e1c h\u1ec7 th\u1ed1ng th\u00f4ng gi\u00f3 ho\u1eb7c c\u00e1c ph\u00f2ng y\u00eau c\u1ea7u ki\u1ec3m so\u00e1t ch\u1ea5t l\u01b0\u1ee3ng kh\u00f4ng kh\u00ed ch\u1eb7t ch\u1ebd nh\u01b0 ph\u00f2ng th\u00ed nghi\u1ec7m, b\u1ec7nh vi\u1ec7n, ho\u1eb7c c\u00e1c c\u01a1 s\u1edf s\u1ea3n xu\u1ea5t.<\/p>","protected":false},"excerpt":{"rendered":"<p>D\u00f9ng \u0111\u1ec3 l\u1ecdc c\u00e1c kh\u00ed \u0111\u1ed9c h\u1ea1i, hi\u1ec7u su\u1ea5t l\u1ecdc \u0111\u1ea1t tr\u00ean 95%. \u0110\u1ec3 m\u00f4 t\u1ea3 chi ti\u1ebft h\u01a1n v\u1ec1 c\u00f4ng d\u1ee5ng c\u1ee7a b\u1ed9 l\u1ecdc n\u00e0y: EXC-6001-M l\u00e0 b\u1ed9 l\u1ecdc ch\u00ednh \u0111\u01b0\u1ee3c thi\u1ebft k\u1ebf \u0111\u1ec3 l\u1ecdc c\u00e1c kh\u00ed \u0111\u1ed9c h\u1ea1i trong kh\u00f4ng kh\u00ed, bao g\u1ed3m c\u00e1c h\u1ee3p ch\u1ea5t h\u00f3a h\u1ecdc, kh\u00ed th\u1ea3i, v\u00e0 c\u00e1c ch\u1ea5t [&#8230;]","protected":false},"featured_media":30310,"template":"","meta":[],"_links":{"self":[{"href":"http:\/\/handan.com.vn\/en\/wp-json\/wp\/v2\/product\/30314"}],"collection":[{"href":"http:\/\/handan.com.vn\/en\/wp-json\/wp\/v2\/product"}],"about":[{"href":"http:\/\/handan.com.vn\/en\/wp-json\/wp\/v2\/types\/product"}],"wp:featuredmedia":[{"embeddable":true,"href":"http:\/\/handan.com.vn\/en\/wp-json\/wp\/v2\/media\/30310"}],"wp:attachment":[{"href":"http:\/\/handan.com.vn\/en\/wp-json\/wp\/v2\/media?parent=30314"}],"curies":[{"name":"wp","href":"https:\/\/api.w.org\/{rel}","templated":true}]}}