{"id":30313,"date":"2024-12-04T16:53:37","date_gmt":"2024-12-04T09:53:37","guid":{"rendered":"https:\/\/handan.com.vn\/?post_type=product&#038;p=30313"},"modified":"2026-01-05T15:18:01","modified_gmt":"2026-01-05T08:18:01","slug":"loc-thu-cap-exc-6001-6002-exc-6001-c","status":"publish","type":"product","link":"http:\/\/handan.com.vn\/en\/product\/loc-thu-cap-exc-6001-6002-exc-6001-c\/","title":{"rendered":"[L\u1ecdc th\u1ee9 c\u1ea5p EXC-6001\/6002] EXC-6001-C"},"content":{"rendered":"<p>B\u1ed9 l\u1ecdc n\u00e0y \u0111\u01b0\u1ee3c thi\u1ebft k\u1ebf \u0111\u1ec3 <strong>l\u1ecdc c\u00e1c h\u1ea1t b\u1ee5i<\/strong> trong kh\u00f4ng kh\u00ed, \u0111\u1eb7c bi\u1ec7t l\u00e0 c\u00e1c h\u1ea1t c\u00f3 k\u00edch th\u01b0\u1edbc nh\u1ecf h\u01a1n 0.3 \u03bcm. V\u1edbi <strong>hi\u1ec7u su\u1ea5t l\u1ecdc \u0111\u1ea1t 99,97% \u0111\u1ed1i v\u1edbi c\u00e1c h\u1ea1t c\u00f3 k\u00edch th\u01b0\u1edbc tr\u00ean 0.3 \u03bcm<\/strong>, EXC-6001-C c\u00f3 kh\u1ea3 n\u0103ng lo\u1ea1i b\u1ecf c\u00e1c h\u1ea1t si\u00eau nh\u1ecf nh\u01b0 vi khu\u1ea9n, virus, v\u00e0 c\u00e1c ch\u1ea5t \u00f4 nhi\u1ec5m m\u1ecbn, gi\u00fap kh\u00f4ng kh\u00ed tr\u1edf n\u00ean s\u1ea1ch h\u01a1n v\u00e0 b\u1ea3o v\u1ec7 h\u1ec7 th\u1ed1ng th\u00f4ng gi\u00f3 ho\u1eb7c c\u00e1c thi\u1ebft b\u1ecb x\u1eed l\u00fd kh\u00f4ng kh\u00ed.<\/p>\n<p>B\u1ed9 l\u1ecdc n\u00e0y th\u01b0\u1eddng \u0111\u01b0\u1ee3c s\u1eed d\u1ee5ng trong c\u00e1c m\u00f4i tr\u01b0\u1eddng y\u00eau c\u1ea7u kh\u00f4ng kh\u00ed s\u1ea1ch, ch\u1eb3ng h\u1ea1n nh\u01b0 trong c\u00e1c ph\u00f2ng s\u1ea1ch, b\u1ec7nh vi\u1ec7n, ph\u00f2ng th\u00ed nghi\u1ec7m, ho\u1eb7c c\u00e1c h\u1ec7 th\u1ed1ng th\u00f4ng gi\u00f3 c\u00f4ng nghi\u1ec7p. Nh\u1edd v\u00e0o kh\u1ea3 n\u0103ng lo\u1ea1i b\u1ecf c\u00e1c h\u1ea1t b\u1ee5i m\u1ecbn v\u00e0 c\u00e1c t\u00e1c nh\u00e2n \u00f4 nhi\u1ec5m kh\u00e1c, EXC-6001-C gi\u00fap duy tr\u00ec ch\u1ea5t l\u01b0\u1ee3ng kh\u00f4ng kh\u00ed v\u00e0 \u0111\u1ea3m b\u1ea3o s\u1ee9c kh\u1ecfe cho con ng\u01b0\u1eddi.<\/p>","protected":false},"excerpt":{"rendered":"<p><em><strong>\u0110\u1ed9 l\u1ecdc:<\/strong><\/em> c\u00e1c h\u1ea1t c\u00f3 k\u00edch th\u01b0\u1edbc nh\u1ecf h\u01a1n 0.3 \u03bcm<\/p>","protected":false},"featured_media":30312,"template":"","meta":[],"_links":{"self":[{"href":"http:\/\/handan.com.vn\/en\/wp-json\/wp\/v2\/product\/30313"}],"collection":[{"href":"http:\/\/handan.com.vn\/en\/wp-json\/wp\/v2\/product"}],"about":[{"href":"http:\/\/handan.com.vn\/en\/wp-json\/wp\/v2\/types\/product"}],"wp:featuredmedia":[{"embeddable":true,"href":"http:\/\/handan.com.vn\/en\/wp-json\/wp\/v2\/media\/30312"}],"wp:attachment":[{"href":"http:\/\/handan.com.vn\/en\/wp-json\/wp\/v2\/media?parent=30313"}],"curies":[{"name":"wp","href":"https:\/\/api.w.org\/{rel}","templated":true}]}}