{"id":30309,"date":"2024-12-04T16:50:23","date_gmt":"2024-12-04T09:50:23","guid":{"rendered":"https:\/\/handan.com.vn\/?post_type=product&#038;p=30309"},"modified":"2026-01-05T15:18:01","modified_gmt":"2026-01-05T08:18:01","slug":"loc-so-cap-exc-6001-6002-exc-6001-p","status":"publish","type":"product","link":"http:\/\/handan.com.vn\/en\/product\/loc-so-cap-exc-6001-6002-exc-6001-p\/","title":{"rendered":"[L\u1ecdc s\u01a1 c\u1ea5p EXC-6001\/6002] EXC-6001-P"},"content":{"rendered":"<p>C\u00f4ng d\u1ee5ng c\u1ee7a b\u1ed9 l\u1ecdc n\u00e0y l\u00e0 <strong>l\u1ecdc c\u00e1c h\u1ea1t l\u1edbn h\u01a1n 50 \u03bcm<\/strong> c\u00f3 trong kh\u00f3i, b\u1ee5i ho\u1eb7c c\u00e1c ch\u1ea5t th\u1ea3i kh\u00ed. B\u1ed9 l\u1ecdc n\u00e0y gi\u00fap lo\u1ea1i b\u1ecf nh\u1eefng ph\u1ea7n t\u1eed l\u1edbn, nh\u01b0 b\u1ee5i th\u00f4, m\u1ea3nh v\u1ee5n ho\u1eb7c c\u00e1c ch\u1ea5t \u00f4 nhi\u1ec5m c\u00f3 k\u00edch th\u01b0\u1edbc l\u1edbn, nh\u1eb1m b\u1ea3o v\u1ec7 c\u00e1c h\u1ec7 th\u1ed1ng l\u1ecdc ti\u1ebfp theo (nh\u01b0 l\u1ecdc HEPA ho\u1eb7c b\u1ed9 l\u1ecdc tinh) kh\u1ecfi b\u1ecb t\u1eafc ngh\u1ebdn ho\u1eb7c gi\u1ea3m hi\u1ec7u su\u1ea5t. Ngo\u00e0i ra, EXC-6001-P c\u00f2n gi\u00fap k\u00e9o d\u00e0i tu\u1ed5i th\u1ecd c\u1ee7a c\u00e1c thi\u1ebft b\u1ecb l\u1ecdc kh\u00e1c trong h\u1ec7 th\u1ed1ng v\u00e0 duy tr\u00ec hi\u1ec7u qu\u1ea3 ho\u1ea1t \u0111\u1ed9ng c\u1ee7a h\u1ec7 th\u1ed1ng th\u00f4ng gi\u00f3 ho\u1eb7c x\u1eed l\u00fd kh\u00ed<\/p>","protected":false},"excerpt":{"rendered":"<p><em><strong>\u0110\u1ed9 l\u1ecdc: <\/strong><\/em>C\u00e1c h\u1ea1t l\u1edbn h\u01a1n 50 \u03bcm<\/p>","protected":false},"featured_media":30311,"template":"","meta":[],"_links":{"self":[{"href":"http:\/\/handan.com.vn\/en\/wp-json\/wp\/v2\/product\/30309"}],"collection":[{"href":"http:\/\/handan.com.vn\/en\/wp-json\/wp\/v2\/product"}],"about":[{"href":"http:\/\/handan.com.vn\/en\/wp-json\/wp\/v2\/types\/product"}],"wp:featuredmedia":[{"embeddable":true,"href":"http:\/\/handan.com.vn\/en\/wp-json\/wp\/v2\/media\/30311"}],"wp:attachment":[{"href":"http:\/\/handan.com.vn\/en\/wp-json\/wp\/v2\/media?parent=30309"}],"curies":[{"name":"wp","href":"https:\/\/api.w.org\/{rel}","templated":true}]}}