{"id":30293,"date":"2024-11-27T10:37:47","date_gmt":"2024-11-27T03:37:47","guid":{"rendered":"https:\/\/handan.com.vn\/?post_type=product&#038;p=30293"},"modified":"2026-01-05T15:18:01","modified_gmt":"2026-01-05T08:18:01","slug":"may-hut-khoi-han-ky-thuat-so-exc-6001d-exso","status":"publish","type":"product","link":"http:\/\/handan.com.vn\/en\/product\/may-hut-khoi-han-ky-thuat-so-exc-6001d-exso\/","title":{"rendered":"M\u00e1y h\u00fat kh\u00f3i h\u00e0n  EXC-6001D Exso"},"content":{"rendered":"","protected":false},"excerpt":{"rendered":"<table id=\"tablepress-142\" class=\"tablepress tablepress-id-142 spec\">\n<thead>\n<tr class=\"row-1 odd\">\n<th class=\"column-1\">Model<\/th>\n<th class=\"column-2\">EXC-6001D<\/th>\n<\/tr>\n<\/thead>\n<tbody class=\"row-hover\">\n<tr class=\"row-2 even\">\n<td class=\"column-1\"><strong>Rated voltage<\/strong><\/td>\n<td class=\"column-2\">AC 220V<\/td>\n<\/tr>\n<tr class=\"row-3 odd\">\n<td class=\"column-1\"><strong>Power consumption<\/strong><\/td>\n<td class=\"column-2\">80W<\/td>\n<\/tr>\n<tr class=\"row-4 even\">\n<td class=\"column-1\"><strong>Pipe<\/strong><\/td>\n<td class=\"column-2\">1<\/td>\n<\/tr>\n<tr class=\"row-5 odd\">\n<td class=\"column-1\"><strong>Inhalation<\/strong><\/td>\n<td class=\"column-2\">235\u33a5\/h<\/td>\n<\/tr>\n<tr class=\"row-6 even\">\n<td class=\"column-1\"><strong>Inhalation Speed<\/strong><\/td>\n<td class=\"column-2\">17m\/s<\/td>\n<\/tr>\n<tr class=\"row-7 odd\">\n<td class=\"column-1\"><strong>Inhalation force<\/strong><\/td>\n<td class=\"column-2\">0.3\u339b99.97%<\/td>\n<\/tr>\n<tr class=\"row-8 even\">\n<td class=\"column-1\"><strong>Pipe length<\/strong><\/td>\n<td class=\"column-2\">\u00d875mm*1.4m<\/td>\n<\/tr>\n<tr class=\"row-9 odd\">\n<td class=\"column-1\"><strong>Noise<\/strong><\/td>\n<td class=\"column-2\">&lt;55dB<\/td>\n<\/tr>\n<tr class=\"row-10 even\">\n<td class=\"column-1\"><strong>Product size<\/strong><\/td>\n<td class=\"column-2\">420*245*400<\/td>\n<\/tr>\n<tr class=\"row-11 odd\">\n<td class=\"column-1\"><strong>Weight<\/strong><\/td>\n<td class=\"column-2\">12kg<\/td>\n<\/tr>\n<\/tbody>\n<\/table>","protected":false},"featured_media":30294,"template":"","meta":[],"_links":{"self":[{"href":"http:\/\/handan.com.vn\/en\/wp-json\/wp\/v2\/product\/30293"}],"collection":[{"href":"http:\/\/handan.com.vn\/en\/wp-json\/wp\/v2\/product"}],"about":[{"href":"http:\/\/handan.com.vn\/en\/wp-json\/wp\/v2\/types\/product"}],"wp:featuredmedia":[{"embeddable":true,"href":"http:\/\/handan.com.vn\/en\/wp-json\/wp\/v2\/media\/30294"}],"wp:attachment":[{"href":"http:\/\/handan.com.vn\/en\/wp-json\/wp\/v2\/media?parent=30293"}],"curies":[{"name":"wp","href":"https:\/\/api.w.org\/{rel}","templated":true}]}}