{"id":30231,"date":"2024-11-20T16:28:20","date_gmt":"2024-11-20T09:28:20","guid":{"rendered":"https:\/\/handan.com.vn\/?post_type=product&#038;p=30231"},"modified":"2026-01-05T15:18:18","modified_gmt":"2026-01-05T08:18:18","slug":"loi-loc-nuoc-tinh-khiet-meissner-sf0-1-2c2e","status":"publish","type":"product","link":"http:\/\/handan.com.vn\/en\/product\/loi-loc-nuoc-tinh-khiet-meissner-sf0-1-2c2e\/","title":{"rendered":"L\u00f5i l\u1ecdc n\u01b0\u1edbc tinh khi\u1ebft Meissner SF0.1-2C2E"},"content":{"rendered":"<h3><strong>C\u00e1c th\u00e0nh ph\u1ea7n v\u00e0 v\u1eadt li\u1ec7u c\u1ea5u th\u00e0nh<\/strong>:<\/h3>\n<ul>\n<li><strong>M\u00e0ng l\u1ecdc<\/strong>: <strong>Polyethersulfone<\/strong> \u2013 V\u1eadt li\u1ec7u n\u00e0y c\u00f3 \u0111\u1eb7c t\u00ednh b\u1ec1n, kh\u00e1ng h\u00f3a ch\u1ea5t v\u00e0 c\u00f3 \u0111\u1ed9 \u1ed5n \u0111\u1ecbnh cao.<\/li>\n<li><strong>H\u1ed7 tr\u1ee3 ph\u00eda tr\u00ean v\u00e0 d\u01b0\u1edbi<\/strong>: <strong>Polypropylene<\/strong> \u2013 M\u1ed9t v\u1eadt li\u1ec7u nh\u1ef1a c\u00f3 \u0111\u1ed9 b\u1ec1n cao v\u00e0 ch\u1ecbu \u0111\u01b0\u1ee3c c\u00e1c \u0111i\u1ec1u ki\u1ec7n kh\u1eafc nghi\u1ec7t.<\/li>\n<li><strong>V\u1ecf ngo\u00e0i v\u00e0 n\u1eafp k\u1ebft th\u00fac<\/strong>: <strong>Polypropylene<\/strong> \u2013 Gi\u00fap b\u1ea3o v\u1ec7 m\u00e0ng l\u1ecdc v\u00e0 c\u00e1c b\u1ed9 ph\u1eadn b\u00ean trong, \u0111\u1ed3ng th\u1eddi k\u1ebft n\u1ed1i v\u1edbi h\u1ec7 th\u1ed1ng l\u1ecdc.<\/li>\n<li><strong>O-ring<\/strong>: <strong>Silicone<\/strong> \u2013 M\u1ed9t v\u1eadt li\u1ec7u \u0111\u00e0n h\u1ed3i, t\u1ea1o k\u00edn m\u1ed1i n\u1ed1i \u0111\u1ec3 ng\u0103n ng\u1eeba r\u00f2 r\u1ec9.<\/li>\n<\/ul>\n<h3><strong>\u0110\u1eb7c \u0111i\u1ec3m v\u00e0 hi\u1ec7u su\u1ea5t<\/strong>:<\/h3>\n<ul>\n<li><strong>C\u1ea5p \u0111\u1ed9 l\u1ecdc<\/strong>: <strong>0.1 \u00b5m<\/strong> \u2013 Chuy\u00ean d\u1ee5ng \u0111\u1ec3 lo\u1ea1i b\u1ecf c\u00e1c t\u1ea1p ch\u1ea5t vi sinh, vi khu\u1ea9n v\u00e0 c\u00e1c h\u1ea1t l\u01a1 l\u1eedng c\u00f3 trong n\u01b0\u1edbc.<\/li>\n<li><strong>T\u00ednh ch\u1ea5t l\u1ecdc<\/strong>: L\u00f5i l\u1ecdc c\u00f3 kh\u1ea3 n\u0103ng lo\u1ea1i b\u1ecf h\u01a1n 10 tri\u1ec7u vi khu\u1ea9n tr\u00ean m\u1ed7i cm\u00b2, \u0111\u00e1p \u1ee9ng c\u00e1c y\u00eau c\u1ea7u v\u1ec1 lo\u1ea1i b\u1ecf vi khu\u1ea9n theo ti\u00eau chu\u1ea9n ASTM F838-05.<\/li>\n<li><strong>\u00c1p su\u1ea5t b\u1ecdt kh\u00ed<\/strong>: B\u1ed9 l\u1ecdc ho\u1ea1t \u0111\u1ed9ng t\u1ed1t v\u1edbi <strong>80 psi (5,5 bar)<\/strong> khi s\u1eed d\u1ee5ng n\u01b0\u1edbc v\u00e0 <strong>30 psi (2,1 bar)<\/strong> khi s\u1eed d\u1ee5ng dung d\u1ecbch <strong>IPA 60%<\/strong>.<\/li>\n<li><strong>T\u1ed1c \u0111\u1ed9 d\u00f2ng ch\u1ea3y t\u1ed1i \u0111a<\/strong>: 30 mL\/ph\u00fat m\u1ed7i 10&#8243; @ 40 psi, n\u01b0\u1edbc (30 mL\/ph\u00fat m\u1ed7i 25 cm @ 2,8 bar, n\u01b0\u1edbc)<\/li>\n<\/ul>\n<h3><strong>Kh\u1ea3 n\u0103ng ti\u1ec7t tr\u00f9ng<\/strong>:<\/h3>\n<ul>\n<li><strong>Autoclave<\/strong>: L\u00f5i l\u1ecdc c\u00f3 th\u1ec3 \u0111\u01b0\u1ee3c ti\u1ec7t tr\u00f9ng b\u1eb1ng ph\u01b0\u01a1ng ph\u00e1p autoclave \u1edf nhi\u1ec7t \u0111\u1ed9 121-135\u00b0C, v\u1edbi \u00e1p su\u1ea5t 1-2 bar, trong kho\u1ea3ng th\u1eddi gian 30-60 ph\u00fat, \u00edt nh\u1ea5t 3 chu k\u1ef3.<\/li>\n<li><strong>Steam-in-place<\/strong>: Ti\u1ec7t tr\u00f9ng tr\u1ef1c ti\u1ebfp trong h\u1ec7 th\u1ed1ng v\u1edbi nhi\u1ec7t \u0111\u1ed9 121-135\u00b0C, \u00e1p su\u1ea5t 1-2 bar, trong kho\u1ea3ng 30-60 ph\u00fat, \u00edt nh\u1ea5t 3 chu k\u1ef3.<\/li>\n<\/ul>\n<h3><strong>An to\u00e0n sinh h\u1ecdc<\/strong>:<\/h3>\n<ul>\n<li>B\u1ed9 l\u1ecdc \u0111\u1ea1t c\u00e1c y\u00eau c\u1ea7u an to\u00e0n sinh h\u1ecdc v\u00e0 kh\u00f4ng ch\u1ee9a c\u00e1c ch\u1ea5t \u0111\u1ed9c h\u1ea1i, kh\u00f4ng s\u1eed d\u1ee5ng ch\u1ea5t k\u1ebft d\u00ednh hay keo.<\/li>\n<li><strong>M\u1ee9c endotoxin vi khu\u1ea9n<\/strong> trong c\u00e1c m\u1eabu chi\u1ebft xu\u1ea5t n\u01b0\u1edbc c\u1ee7a b\u1ed9 l\u1ecdc STyLUX\u00ae d\u01b0\u1edbi m\u1ee9c 0.5 EU\/mL, \u0111\u01b0\u1ee3c x\u00e1c \u0111\u1ecbnh qua th\u1eed nghi\u1ec7m Limulus Amebocyte Lysate (LAL).<\/li>\n<\/ul>\n<h3><strong>Ch\u1ee9ng nh\u1eadn ch\u1ea5t l\u01b0\u1ee3ng<\/strong>:<\/h3>\n<ul>\n<li>B\u1ed9 l\u1ecdc Meissner SF0.1-2C2E tu\u00e2n th\u1ee7 c\u00e1c quy \u0111\u1ecbnh c\u1ee7a FDA v\u00e0 c\u00e1c ti\u00eau chu\u1ea9n qu\u1ed1c t\u1ebf nh\u01b0 CFR Title 21 v\u00e0 EU No. 10\/2011, \u0111\u1ea3m b\u1ea3o s\u1ea3n ph\u1ea9m an to\u00e0n v\u00e0 \u0111\u1ea1t ch\u1ea5t l\u01b0\u1ee3ng cao cho c\u00e1c \u1ee9ng d\u1ee5ng trong ng\u00e0nh d\u01b0\u1ee3c ph\u1ea9m v\u00e0 th\u1ef1c ph\u1ea9m.<\/li>\n<li>S\u1ea3n ph\u1ea9m \u0111\u01b0\u1ee3c s\u1ea3n xu\u1ea5t v\u00e0 ki\u1ec3m tra ch\u1ea5t l\u01b0\u1ee3ng trong m\u00f4i tr\u01b0\u1eddng \u0111\u1ea1t ti\u00eau chu\u1ea9n Good Manufacturing Practice (GMP) c\u1ee7a FDA, \u0111\u1ea3m b\u1ea3o r\u1eb1ng m\u1ed7i b\u1ed9 l\u1ecdc \u0111\u1ec1u \u0111\u1ea1t y\u00eau c\u1ea7u nghi\u00eam ng\u1eb7t v\u1ec1 ch\u1ea5t l\u01b0\u1ee3ng v\u00e0 hi\u1ec7u su\u1ea5t.<\/li>\n<\/ul>\n<h3><strong>\u01afu \u0111i\u1ec3m<\/strong>:<\/h3>\n<ul>\n<li><strong>Hi\u1ec7u su\u1ea5t l\u1ecdc v\u01b0\u1ee3t tr\u1ed9i<\/strong>: Lo\u1ea1i b\u1ecf t\u1ea1p ch\u1ea5t, vi khu\u1ea9n, v\u00e0 c\u00e1c y\u1ebfu t\u1ed1 g\u00e2y nhi\u1ec5m khu\u1ea9n.<\/li>\n<li><strong>Tu\u1ed5i th\u1ecd l\u00e2u d\u00e0i<\/strong>: Thi\u1ebft k\u1ebf b\u1ec1n v\u1eefng, gi\u00fap b\u1ed9 l\u1ecdc ho\u1ea1t \u0111\u1ed9ng \u1ed5n \u0111\u1ecbnh trong th\u1eddi gian d\u00e0i m\u00e0 kh\u00f4ng gi\u1ea3m hi\u1ec7u su\u1ea5t.<\/li>\n<li><strong>Ch\u1ee9ng nh\u1eadn ch\u1ea5t l\u01b0\u1ee3ng<\/strong>: \u0110\u01b0\u1ee3c c\u1ea5p ch\u1ee9ng nh\u1eadn ch\u1ea5t l\u01b0\u1ee3ng v\u00e0 ki\u1ec3m tra \u0111\u1ed9 to\u00e0n v\u1eb9n tr\u01b0\u1edbc khi xu\u1ea5t x\u01b0\u1edfng.<\/li>\n<\/ul>\n<h2><em>Qu\u00fd kh\u00e1ch c\u1ea7n c\u00e1c k\u00edch th\u01b0\u1edbc kh\u00e1c, s\u1ea3n ph\u1ea9m c\u1ee7a Meissner\u00a0 h\u00e3y li\u00ean h\u1ec7 v\u1edbi ch\u00fang t\u00f4i<\/em><\/h2>","protected":false},"excerpt":{"rendered":"<p><em><strong>Model:<\/strong> <\/em>SF0.1-2C2E<\/p>\n<p><em><strong>V\u1eadt li\u1ec7u l\u1ecdc: <\/strong><\/em>M\u00e0ng l\u1ecdc Polyethersulfone (Pes)<\/p>\n<p><strong><em>K\u00edch th\u01b0\u1edbc:<\/em><\/strong> 20 inches<\/p>\n<p><em><strong>C\u1ea5p \u0111\u1ed9 l\u1ecdc: <\/strong><\/em>0.1 micorn<\/p>\n<p><em><strong>Ki\u1ec3u n\u1eafp:<\/strong> <\/em>C\u00f3 n\u1eafp (Cap)<\/p>\n<p><em><strong>Ch\u1ea5t li\u1ec7u v\u00f2ng n\u1ec7m:<\/strong><\/em> Ethylene Propylene Rubber (EPR)<\/p>\n<p><em><strong>Xu\u1ea5t x\u1ee9: <\/strong><\/em>M\u1ef9<\/p>\n<p>&nbsp;<\/p>","protected":false},"featured_media":30234,"template":"","meta":[],"_links":{"self":[{"href":"http:\/\/handan.com.vn\/en\/wp-json\/wp\/v2\/product\/30231"}],"collection":[{"href":"http:\/\/handan.com.vn\/en\/wp-json\/wp\/v2\/product"}],"about":[{"href":"http:\/\/handan.com.vn\/en\/wp-json\/wp\/v2\/types\/product"}],"wp:featuredmedia":[{"embeddable":true,"href":"http:\/\/handan.com.vn\/en\/wp-json\/wp\/v2\/media\/30234"}],"wp:attachment":[{"href":"http:\/\/handan.com.vn\/en\/wp-json\/wp\/v2\/media?parent=30231"}],"curies":[{"name":"wp","href":"https:\/\/api.w.org\/{rel}","templated":true}]}}