{"id":30173,"date":"2024-11-20T10:53:41","date_gmt":"2024-11-20T03:53:41","guid":{"rendered":"https:\/\/handan.com.vn\/?post_type=product&#038;p=30173"},"modified":"2026-01-05T15:18:21","modified_gmt":"2026-01-05T08:18:21","slug":"thiec-han-khong-chi-sn99-2ag0-3cu0-5","status":"publish","type":"product","link":"http:\/\/handan.com.vn\/en\/product\/thiec-han-khong-chi-sn99-2ag0-3cu0-5\/","title":{"rendered":"Thi\u1ebfc h\u00e0n kh\u00f4ng ch\u00ec Sn99.2%Ag0.3%Cu0.5%"},"content":{"rendered":"<p><strong>EA-29:<\/strong> Lead-free Solder Sn99.2%Ag0.3%Cu0.5% 0.6mm 1kg<\/p>\n<p><strong>EA-30<\/strong>: Lead-free Solder Sn99.2%Ag0.3%Cu0.5% 0.8mm\u00a0 1kg<\/p>\n<p><strong>EA-31:<\/strong> Lead-free Solder Sn99.2%Ag0.3%Cu0.5% 1mm\u00a0 \u00a01kg<\/p>\n<p><strong>EA-32:<\/strong> Lead-free Solder Sn99.2%Ag0.3%Cu0.5% 1.2mm 1kg<\/p>\n<p><strong>EA-33:<\/strong> Lead-free Solder Sn99.2%Ag0.3%Cu0.5% 1.6mm 1kg<\/p>\n<p><strong>EA-34<\/strong>: Lead-free Solder Sn99.2%Ag0.3%Cu0.5% 2.0 1kg<\/p>\n<p><strong>EA-35<\/strong>: Lead-free Solder Sn99.2%Ag0.3%Cu0.5% 3.0 1kg<\/p>","protected":false},"excerpt":{"rendered":"<p>EA-29: Lead-free Solder Sn99.2%Ag0.3%Cu0.5% 0.6mm 1kg EA-30: Lead-free Solder Sn99.2%Ag0.3%Cu0.5% 0.8mm\u00a0 1kg EA-31: Lead-free Solder Sn99.2%Ag0.3%Cu0.5% 1mm\u00a0 \u00a01kg EA-32: Lead-free Solder Sn99.2%Ag0.3%Cu0.5% 1.2mm 1kg EA-33: Lead-free Solder Sn99.2%Ag0.3%Cu0.5% 1.6mm 1kg EA-34: Lead-free Solder Sn99.2%Ag0.3%Cu0.5% 2.0 1kg EA-35: Lead-free Solder Sn99.2%Ag0.3%Cu0.5% 3.0 1kg<\/p>","protected":false},"featured_media":30158,"template":"","meta":[],"_links":{"self":[{"href":"http:\/\/handan.com.vn\/en\/wp-json\/wp\/v2\/product\/30173"}],"collection":[{"href":"http:\/\/handan.com.vn\/en\/wp-json\/wp\/v2\/product"}],"about":[{"href":"http:\/\/handan.com.vn\/en\/wp-json\/wp\/v2\/types\/product"}],"wp:featuredmedia":[{"embeddable":true,"href":"http:\/\/handan.com.vn\/en\/wp-json\/wp\/v2\/media\/30158"}],"wp:attachment":[{"href":"http:\/\/handan.com.vn\/en\/wp-json\/wp\/v2\/media?parent=30173"}],"curies":[{"name":"wp","href":"https:\/\/api.w.org\/{rel}","templated":true}]}}