{"id":30171,"date":"2024-11-20T10:42:13","date_gmt":"2024-11-20T03:42:13","guid":{"rendered":"https:\/\/handan.com.vn\/?post_type=product&#038;p=30171"},"modified":"2026-01-05T15:18:22","modified_gmt":"2026-01-05T08:18:22","slug":"thiec-han-khong-chi-sn99-3cu0-7","status":"publish","type":"product","link":"http:\/\/handan.com.vn\/en\/product\/thiec-han-khong-chi-sn99-3cu0-7\/","title":{"rendered":"Thi\u1ebfc h\u00e0n kh\u00f4ng ch\u00ec Sn99.3%Cu0.7%"},"content":{"rendered":"<p>Th\u00f4ng s\u1ed1 nh\u01b0 sau :<\/p>\n<p><strong>EA-20:<\/strong> Lead-free Solder Sn99.3%Cu0.7% 0.6mm 1Kg<\/p>\n<p><strong>EA-21<\/strong>: Lead-free Solder Sn99.3%Cu0.7% 0.8mm 1Kg<\/p>\n<p><strong>EA-22:<\/strong> Lead-free Solder Sn99.3%Cu0.7% 0.8mm 1Kg<\/p>\n<p><strong>EA-23:<\/strong> Lead-free Solder Sn99.3%Cu0.7% 1.0mm 1Kg<\/p>\n<p><strong>EA-24:<\/strong> Lead-free Solder Sn99.3%Cu0.7% 1.6mm 1Kg<\/p>\n<p><strong>EA-25<\/strong>: Lead-free Solder Sn99.3%Cu0.7%\u00a0 2mm\u00a0 \u00a01Kg<\/p>","protected":false},"excerpt":{"rendered":"<p><em><strong>Ch\u1ea5t li\u1ec7u: <\/strong><\/em>Sn99.3%Cu0.7%<\/p>\n<p><em><strong>Quy c\u00e1ch: <\/strong><\/em>1000g\/cu\u1ed9n<\/p>","protected":false},"featured_media":30158,"template":"","meta":[],"_links":{"self":[{"href":"http:\/\/handan.com.vn\/en\/wp-json\/wp\/v2\/product\/30171"}],"collection":[{"href":"http:\/\/handan.com.vn\/en\/wp-json\/wp\/v2\/product"}],"about":[{"href":"http:\/\/handan.com.vn\/en\/wp-json\/wp\/v2\/types\/product"}],"wp:featuredmedia":[{"embeddable":true,"href":"http:\/\/handan.com.vn\/en\/wp-json\/wp\/v2\/media\/30158"}],"wp:attachment":[{"href":"http:\/\/handan.com.vn\/en\/wp-json\/wp\/v2\/media?parent=30171"}],"curies":[{"name":"wp","href":"https:\/\/api.w.org\/{rel}","templated":true}]}}