{"id":30169,"date":"2024-11-20T10:29:55","date_gmt":"2024-11-20T03:29:55","guid":{"rendered":"https:\/\/handan.com.vn\/?post_type=product&#038;p=30169"},"modified":"2026-01-05T15:18:36","modified_gmt":"2026-01-05T08:18:36","slug":"thanh-han-khong-chi-ea-18-sn96-5ag3cu0-5-500g","status":"publish","type":"product","link":"http:\/\/handan.com.vn\/en\/product\/thanh-han-khong-chi-ea-18-sn96-5ag3cu0-5-500g\/","title":{"rendered":"Thanh h\u00e0n kh\u00f4ng ch\u00ec EA-18 Sn96.5%Ag3%Cu0.5% 500g"},"content":{"rendered":"","protected":false},"excerpt":{"rendered":"","protected":false},"featured_media":30168,"template":"","meta":[],"_links":{"self":[{"href":"http:\/\/handan.com.vn\/en\/wp-json\/wp\/v2\/product\/30169"}],"collection":[{"href":"http:\/\/handan.com.vn\/en\/wp-json\/wp\/v2\/product"}],"about":[{"href":"http:\/\/handan.com.vn\/en\/wp-json\/wp\/v2\/types\/product"}],"wp:featuredmedia":[{"embeddable":true,"href":"http:\/\/handan.com.vn\/en\/wp-json\/wp\/v2\/media\/30168"}],"wp:attachment":[{"href":"http:\/\/handan.com.vn\/en\/wp-json\/wp\/v2\/media?parent=30169"}],"curies":[{"name":"wp","href":"https:\/\/api.w.org\/{rel}","templated":true}]}}