{"id":30159,"date":"2024-11-20T10:07:32","date_gmt":"2024-11-20T03:07:32","guid":{"rendered":"https:\/\/handan.com.vn\/?post_type=product&#038;p=30159"},"modified":"2026-01-05T15:18:38","modified_gmt":"2026-01-05T08:18:38","slug":"thiec-han-khong-chi-ea-12-sn96-5ag3cu0-5-0-8mm","status":"publish","type":"product","link":"http:\/\/handan.com.vn\/en\/product\/thiec-han-khong-chi-ea-12-sn96-5ag3cu0-5-0-8mm\/","title":{"rendered":"Thi\u1ebfc h\u00e0n kh\u00f4ng ch\u00ec EA-12 Sn96.5%Ag3%Cu0.5% 0.8mm"},"content":{"rendered":"","protected":false},"excerpt":{"rendered":"<p><em><strong>Model:\u00a0<\/strong><\/em>EA-12<\/p>\n<p><em><strong>V\u1eadt li\u1ec7u:<\/strong><\/em> Sn96.5%Ag3%Cu0.5% 0.8mm<\/p>\n<p><em><strong>Quy c\u00e1ch<\/strong><\/em>: 1000g\/cu\u1ed9n<\/p>","protected":false},"featured_media":30158,"template":"","meta":[],"_links":{"self":[{"href":"http:\/\/handan.com.vn\/en\/wp-json\/wp\/v2\/product\/30159"}],"collection":[{"href":"http:\/\/handan.com.vn\/en\/wp-json\/wp\/v2\/product"}],"about":[{"href":"http:\/\/handan.com.vn\/en\/wp-json\/wp\/v2\/types\/product"}],"wp:featuredmedia":[{"embeddable":true,"href":"http:\/\/handan.com.vn\/en\/wp-json\/wp\/v2\/media\/30158"}],"wp:attachment":[{"href":"http:\/\/handan.com.vn\/en\/wp-json\/wp\/v2\/media?parent=30159"}],"curies":[{"name":"wp","href":"https:\/\/api.w.org\/{rel}","templated":true}]}}