{"id":30051,"date":"2024-11-15T11:30:52","date_gmt":"2024-11-15T04:30:52","guid":{"rendered":"https:\/\/handan.com.vn\/?post_type=product&#038;p=30051"},"modified":"2026-01-05T15:19:22","modified_gmt":"2026-01-05T08:19:22","slug":"sung-han-khong-day-ex-376g","status":"publish","type":"product","link":"http:\/\/handan.com.vn\/en\/product\/sung-han-khong-day-ex-376g\/","title":{"rendered":"S\u00fang h\u00e0n kh\u00f4ng d\u00e2y EX-376G"},"content":{"rendered":"","protected":false},"excerpt":{"rendered":"<table>\n<tbody>\n<tr>\n<td width=\"106\"><strong>Model <\/strong><\/td>\n<td width=\"289\">EX-376G<\/td>\n<\/tr>\n<tr>\n<td width=\"106\"><strong>Power<\/strong> <strong>consumption<\/strong><\/td>\n<td width=\"289\">6W<\/td>\n<\/tr>\n<tr>\n<td width=\"106\"><strong>Adapter<\/strong><\/td>\n<td width=\"289\">DC 5V\/ 750mA<\/td>\n<\/tr>\n<tr>\n<td width=\"106\"><strong>Charging<\/strong> <strong>time<\/strong><\/td>\n<td width=\"289\">About 4 hours (in full charging)<\/td>\n<\/tr>\n<tr>\n<td width=\"106\"><strong>Battery<\/strong><\/td>\n<td width=\"289\">3.7V 2,600mAh Li-ion Battery<\/td>\n<\/tr>\n<tr>\n<td width=\"106\"><strong>Tip<\/strong> <strong>temp<\/strong><\/td>\n<td width=\"289\">Maximum 420\u2103<\/td>\n<\/tr>\n<tr>\n<td width=\"106\"><strong>Usable time<\/strong><\/td>\n<td width=\"289\">About 2 hours (continuous use)<\/td>\n<\/tr>\n<\/tbody>\n<\/table>","protected":false},"featured_media":30053,"template":"","meta":[],"_links":{"self":[{"href":"http:\/\/handan.com.vn\/en\/wp-json\/wp\/v2\/product\/30051"}],"collection":[{"href":"http:\/\/handan.com.vn\/en\/wp-json\/wp\/v2\/product"}],"about":[{"href":"http:\/\/handan.com.vn\/en\/wp-json\/wp\/v2\/types\/product"}],"wp:featuredmedia":[{"embeddable":true,"href":"http:\/\/handan.com.vn\/en\/wp-json\/wp\/v2\/media\/30053"}],"wp:attachment":[{"href":"http:\/\/handan.com.vn\/en\/wp-json\/wp\/v2\/media?parent=30051"}],"curies":[{"name":"wp","href":"https:\/\/api.w.org\/{rel}","templated":true}]}}