{"id":30045,"date":"2024-11-15T11:06:09","date_gmt":"2024-11-15T04:06:09","guid":{"rendered":"https:\/\/handan.com.vn\/?post_type=product&#038;p=30045"},"modified":"2026-01-05T15:19:22","modified_gmt":"2026-01-05T08:19:22","slug":"tram-hut-chi-han-thiec-ex-7198esd","status":"publish","type":"product","link":"http:\/\/handan.com.vn\/en\/product\/tram-hut-chi-han-thiec-ex-7198esd\/","title":{"rendered":"Tr\u1ea1m h\u00fat ch\u00ec h\u00e0n thi\u1ebfc EX-7198ESD"},"content":{"rendered":"","protected":false},"excerpt":{"rendered":"","protected":false},"featured_media":30046,"template":"","meta":[],"_links":{"self":[{"href":"http:\/\/handan.com.vn\/en\/wp-json\/wp\/v2\/product\/30045"}],"collection":[{"href":"http:\/\/handan.com.vn\/en\/wp-json\/wp\/v2\/product"}],"about":[{"href":"http:\/\/handan.com.vn\/en\/wp-json\/wp\/v2\/types\/product"}],"wp:featuredmedia":[{"embeddable":true,"href":"http:\/\/handan.com.vn\/en\/wp-json\/wp\/v2\/media\/30046"}],"wp:attachment":[{"href":"http:\/\/handan.com.vn\/en\/wp-json\/wp\/v2\/media?parent=30045"}],"curies":[{"name":"wp","href":"https:\/\/api.w.org\/{rel}","templated":true}]}}