{"id":30003,"date":"2024-11-13T15:39:06","date_gmt":"2024-11-13T08:39:06","guid":{"rendered":"https:\/\/handan.com.vn\/?post_type=product&#038;p=30003"},"modified":"2026-01-05T15:23:06","modified_gmt":"2026-01-05T08:23:06","slug":"may-han-dieu-khien-nhiet-do-analog-ledsol-280","status":"publish","type":"product","link":"http:\/\/handan.com.vn\/en\/product\/may-han-dieu-khien-nhiet-do-analog-ledsol-280\/","title":{"rendered":"M\u00e1y h\u00e0n \u0111i\u1ec1u khi\u1ec3n nhi\u1ec7t \u0111\u1ed9 analog LedSol-280"},"content":{"rendered":"","protected":false},"excerpt":{"rendered":"<table>\n<tbody>\n<tr>\n<td width=\"111\"><strong>Model\u00a0<\/strong><\/td>\n<td width=\"207\">LedSol-280<\/td>\n<\/tr>\n<tr>\n<td width=\"111\"><strong>Voltage<\/strong><\/td>\n<td width=\"207\">AC 220V, 60\/50Hz<\/td>\n<\/tr>\n<tr>\n<td width=\"111\"><strong>Output voltage<\/strong><\/td>\n<td width=\"207\">32V AC<\/td>\n<\/tr>\n<tr>\n<td width=\"111\"><strong>Power consumption<\/strong><\/td>\n<td width=\"207\">70W (Station 5W + Iron 65W)<\/td>\n<\/tr>\n<tr>\n<td width=\"111\"><strong>Weight(with cord)<\/strong><\/td>\n<td width=\"207\">1.5kg<\/td>\n<\/tr>\n<tr>\n<td width=\"111\"><strong>Size<\/strong><\/td>\n<td width=\"207\">108.5(W) X 132(H) X 126.5(D) mm<\/td>\n<\/tr>\n<\/tbody>\n<\/table>","protected":false},"featured_media":30004,"template":"","meta":[],"_links":{"self":[{"href":"http:\/\/handan.com.vn\/en\/wp-json\/wp\/v2\/product\/30003"}],"collection":[{"href":"http:\/\/handan.com.vn\/en\/wp-json\/wp\/v2\/product"}],"about":[{"href":"http:\/\/handan.com.vn\/en\/wp-json\/wp\/v2\/types\/product"}],"wp:featuredmedia":[{"embeddable":true,"href":"http:\/\/handan.com.vn\/en\/wp-json\/wp\/v2\/media\/30004"}],"wp:attachment":[{"href":"http:\/\/handan.com.vn\/en\/wp-json\/wp\/v2\/media?parent=30003"}],"curies":[{"name":"wp","href":"https:\/\/api.w.org\/{rel}","templated":true}]}}