{"id":29987,"date":"2024-11-13T12:00:48","date_gmt":"2024-11-13T05:00:48","guid":{"rendered":"https:\/\/handan.com.vn\/?post_type=product&#038;p=29987"},"modified":"2026-01-05T15:23:06","modified_gmt":"2026-01-05T08:23:06","slug":"may-han-dieu-khien-nhiet-do-ky-thuat-so-ledsol-300-2-ledsol-300-1","status":"publish","type":"product","link":"http:\/\/handan.com.vn\/en\/product\/may-han-dieu-khien-nhiet-do-ky-thuat-so-ledsol-300-2-ledsol-300-1\/","title":{"rendered":"M\u00e1y h\u00e0n \u0111i\u1ec1u khi\u1ec3n nhi\u1ec7t \u0111\u1ed9 k\u1ef9 thu\u1eadt s\u1ed1 LEDSOL 300-2\/LedSol 300-1"},"content":{"rendered":"","protected":false},"excerpt":{"rendered":"<table>\n<tbody>\n<tr>\n<td width=\"83\">Model<\/td>\n<td width=\"118\">LedSol 300-1<\/td>\n<td width=\"118\">LedSol 300-2<\/td>\n<\/tr>\n<tr>\n<td width=\"83\">\u0110i\u1ec7n \u00e1p ho\u1ea1t \u0111\u1ed9ng<\/td>\n<td colspan=\"2\" width=\"236\">\n<p style=\"text-align: center;\">AC 220V, 60Hz<\/p>\n<\/td>\n<\/tr>\n<tr>\n<td width=\"83\">\u0110i\u1ec7n \u00e1p ra<\/td>\n<td width=\"118\">24V AC, 75W<\/td>\n<td width=\"118\">24V AC,75WX2<\/td>\n<\/tr>\n<tr>\n<td width=\"83\">C\u00f4ng su\u1ea5t<\/td>\n<td width=\"118\">80W<\/td>\n<td width=\"118\">160W<\/td>\n<\/tr>\n<tr>\n<td width=\"83\">Ph\u1ea1m vi nhi\u1ec7t \u0111\u1ed9<\/td>\n<td colspan=\"2\" width=\"236\">\n<p style=\"text-align: center;\">100~500\u2103 (212~932\u2109)<\/p>\n<\/td>\n<\/tr>\n<tr>\n<td width=\"83\">Kh\u1ed1i l\u01b0\u1ee3ng<\/td>\n<td width=\"118\">2.37kg<\/td>\n<td width=\"118\">2.77kg<\/td>\n<\/tr>\n<tr>\n<td width=\"83\">K\u00edch th\u01b0\u1edbc<\/td>\n<td colspan=\"2\" width=\"236\">108.5(W) X 132(H) X 126.5(D) mm<\/td>\n<\/tr>\n<\/tbody>\n<\/table>","protected":false},"featured_media":29988,"template":"","meta":[],"_links":{"self":[{"href":"http:\/\/handan.com.vn\/en\/wp-json\/wp\/v2\/product\/29987"}],"collection":[{"href":"http:\/\/handan.com.vn\/en\/wp-json\/wp\/v2\/product"}],"about":[{"href":"http:\/\/handan.com.vn\/en\/wp-json\/wp\/v2\/types\/product"}],"wp:featuredmedia":[{"embeddable":true,"href":"http:\/\/handan.com.vn\/en\/wp-json\/wp\/v2\/media\/29988"}],"wp:attachment":[{"href":"http:\/\/handan.com.vn\/en\/wp-json\/wp\/v2\/media?parent=29987"}],"curies":[{"name":"wp","href":"https:\/\/api.w.org\/{rel}","templated":true}]}}