{"id":29985,"date":"2024-11-13T11:03:47","date_gmt":"2024-11-13T04:03:47","guid":{"rendered":"https:\/\/handan.com.vn\/?post_type=product&#038;p=29985"},"modified":"2026-01-05T15:23:07","modified_gmt":"2026-01-05T08:23:07","slug":"may-han-tan-so-cao-ledgo-380","status":"publish","type":"product","link":"http:\/\/handan.com.vn\/en\/product\/may-han-tan-so-cao-ledgo-380\/","title":{"rendered":"M\u00e1y h\u00e0n t\u1ea7n s\u1ed1 cao LedGo-380"},"content":{"rendered":"","protected":false},"excerpt":{"rendered":"<table>\n<tbody>\n<tr>\n<td width=\"114\">Model<\/td>\n<td width=\"204\">LedGo-380<\/td>\n<\/tr>\n<tr>\n<td width=\"114\">\u0110i\u1ec7n \u00e1p ra<\/td>\n<td width=\"204\">AC 36V, 400KHZ<\/td>\n<\/tr>\n<tr>\n<td width=\"114\">Ph\u1ea1m vi nhi\u1ec7t \u0111\u1ed9<\/td>\n<td width=\"204\">100~500\u00b0C<\/td>\n<\/tr>\n<tr>\n<td width=\"114\">Nhi\u1ec7t \u0111\u1ed9 m\u00f4i tr\u01b0\u1eddng<\/td>\n<td width=\"204\">42\u00b0C<\/td>\n<\/tr>\n<tr>\n<td width=\"114\">Ph\u1ea1m vi<\/td>\n<td width=\"204\">+2\u00b0C (trong kh\u00f4ng kh\u00ed t\u0129nh, kh\u00f4ng t\u1ea3i)<\/td>\n<\/tr>\n<tr>\n<td width=\"114\">V\u1eadt li\u1ec7u<\/td>\n<td width=\"204\">H\u1ee3p kim nh\u00f4m<\/td>\n<\/tr>\n<tr>\n<td width=\"114\">K\u00edch th\u01b0\u1edbc<\/td>\n<td width=\"204\">110 X 105 X 175mm<\/td>\n<\/tr>\n<tr>\n<td width=\"114\">Kh\u1ed1i l\u01b0\u1ee3ng<\/td>\n<td width=\"204\">3.2KG<\/td>\n<\/tr>\n<\/tbody>\n<\/table>","protected":false},"featured_media":29986,"template":"","meta":[],"_links":{"self":[{"href":"http:\/\/handan.com.vn\/en\/wp-json\/wp\/v2\/product\/29985"}],"collection":[{"href":"http:\/\/handan.com.vn\/en\/wp-json\/wp\/v2\/product"}],"about":[{"href":"http:\/\/handan.com.vn\/en\/wp-json\/wp\/v2\/types\/product"}],"wp:featuredmedia":[{"embeddable":true,"href":"http:\/\/handan.com.vn\/en\/wp-json\/wp\/v2\/media\/29986"}],"wp:attachment":[{"href":"http:\/\/handan.com.vn\/en\/wp-json\/wp\/v2\/media?parent=29985"}],"curies":[{"name":"wp","href":"https:\/\/api.w.org\/{rel}","templated":true}]}}