{"id":29976,"date":"2024-11-11T16:58:11","date_gmt":"2024-11-11T09:58:11","guid":{"rendered":"https:\/\/handan.com.vn\/?post_type=product&#038;p=29976"},"modified":"2026-01-05T15:23:07","modified_gmt":"2026-01-05T08:23:07","slug":"loi-loc-giay-xep-polyethersulfone-pes-folding-cartridge","status":"publish","type":"product","link":"http:\/\/handan.com.vn\/en\/product\/loi-loc-giay-xep-polyethersulfone-pes-folding-cartridge\/","title":{"rendered":"L\u00f5i l\u1ecdc gi\u1ea5y x\u1ebfp Polyethersulfone (PES   folding Cartridge)"},"content":{"rendered":"","protected":false},"excerpt":{"rendered":"<p>V\u1eadt li\u1ec7u l\u1ecdc: M\u00e0ng l\u1ecdc vi t\u00ednh polyethersulfone si\u00eau m\u1ecbn<\/p>\n<p>K\u00edch th\u01b0\u1edbc: \u0110\u01b0\u1eddng k\u00ednh ngo\u00e0i 68mm, \u0111\u01b0\u1eddng k\u00ednh trong phi 33mm, chi\u1ec1u d\u00e0i 5-40 inch<\/p>\n<p>Nhi\u1ec7t \u0111\u1ed9 l\u00e0m vi\u1ec7c t\u1ed1i \u0111a: 80\u2103<\/p>\n<p>\u00c1p su\u1ea5t t\u1ed1i \u0111a: 0.42Mpa\/25\u00b0C, 0.10Mpa\/80\u2103<\/p>\n<p>Di\u1ec7n t\u00edch l\u1ecdc: 0.65m\u00b2\/10 inch<\/p>\n<p>\u0110\u1ed9 ch\u00ednh x\u00e1c l\u1ecdc (\u03bcm): 0.10, 0.20, 0.45, 1.0<\/p>\n<p>Lo\u1ea1i k\u1ebft n\u1ed1i: 220,222\/fin type,226\/fin type,222\/flat type,215\/flat type<\/p>","protected":false},"featured_media":29975,"template":"","meta":[],"_links":{"self":[{"href":"http:\/\/handan.com.vn\/en\/wp-json\/wp\/v2\/product\/29976"}],"collection":[{"href":"http:\/\/handan.com.vn\/en\/wp-json\/wp\/v2\/product"}],"about":[{"href":"http:\/\/handan.com.vn\/en\/wp-json\/wp\/v2\/types\/product"}],"wp:featuredmedia":[{"embeddable":true,"href":"http:\/\/handan.com.vn\/en\/wp-json\/wp\/v2\/media\/29975"}],"wp:attachment":[{"href":"http:\/\/handan.com.vn\/en\/wp-json\/wp\/v2\/media?parent=29976"}],"curies":[{"name":"wp","href":"https:\/\/api.w.org\/{rel}","templated":true}]}}