{"id":29972,"date":"2024-11-11T16:56:39","date_gmt":"2024-11-11T09:56:39","guid":{"rendered":"https:\/\/handan.com.vn\/?post_type=product&#038;p=29972"},"modified":"2026-01-05T15:23:07","modified_gmt":"2026-01-05T08:23:07","slug":"loi-loc-giay-xep-polypropylen","status":"publish","type":"product","link":"http:\/\/handan.com.vn\/en\/product\/loi-loc-giay-xep-polypropylen\/","title":{"rendered":"L\u00f5i l\u1ecdc gi\u1ea5y x\u1ebfp polypropylen"},"content":{"rendered":"<p><em><strong>Li\u00ean h\u1ec7 \u0111\u1ec3 \u0111\u1eb7t h\u00e0ng:<\/strong><\/em><\/p>","protected":false},"excerpt":{"rendered":"<p><em><strong>V\u1eadt li\u1ec7u l\u1ecdc<\/strong><\/em>: S\u1ee3i polypropylene si\u00eau m\u1ecbn<\/p>\n<p><em><strong>K\u00edch th\u01b0\u1edbc:<\/strong><\/em> \u0110\u01b0\u1eddng k\u00ednh ngo\u00e0i 68mm, \u0111\u01b0\u1eddng k\u00ednh trong 33mm, chi\u1ec1u d\u00e0i 5-40 inch<\/p>\n<p><strong><em>Nhi\u1ec7t \u0111\u1ed9 l\u00e0m vi\u1ec7c t\u1ed1i \u0111a:<\/em> <\/strong>80\u2103<\/p>\n<p><em><strong>\u00c1p su\u1ea5t t\u1ed1i \u0111a:<\/strong><\/em> 0.42Mpa\/25\u00b0C, 0.10Mpa\/80\u2103<\/p>\n<p><em><strong>Di\u1ec7n t\u00edch l\u1ecdc:<\/strong><\/em> 0.65m\u00b2\/10 inch<\/p>\n<p><em><strong>\u0110\u1ed9 ch\u00ednh x\u00e1c l\u1ecdc (\u03bcm):<\/strong><\/em> 0.1, 0.2, 0.45, 1, 3.0, 5.0, 10<\/p>","protected":false},"featured_media":29974,"template":"","meta":[],"_links":{"self":[{"href":"http:\/\/handan.com.vn\/en\/wp-json\/wp\/v2\/product\/29972"}],"collection":[{"href":"http:\/\/handan.com.vn\/en\/wp-json\/wp\/v2\/product"}],"about":[{"href":"http:\/\/handan.com.vn\/en\/wp-json\/wp\/v2\/types\/product"}],"wp:featuredmedia":[{"embeddable":true,"href":"http:\/\/handan.com.vn\/en\/wp-json\/wp\/v2\/media\/29974"}],"wp:attachment":[{"href":"http:\/\/handan.com.vn\/en\/wp-json\/wp\/v2\/media?parent=29972"}],"curies":[{"name":"wp","href":"https:\/\/api.w.org\/{rel}","templated":true}]}}