{"id":29970,"date":"2024-11-11T16:47:41","date_gmt":"2024-11-11T09:47:41","guid":{"rendered":"https:\/\/handan.com.vn\/?post_type=product&#038;p=29970"},"modified":"2026-01-05T15:23:07","modified_gmt":"2026-01-05T08:23:07","slug":"loi-loc-giay-xep-nylon","status":"publish","type":"product","link":"http:\/\/handan.com.vn\/en\/product\/loi-loc-giay-xep-nylon\/","title":{"rendered":"L\u00f5i l\u1ecdc gi\u1ea5y x\u1ebfp Nylon"},"content":{"rendered":"","protected":false},"excerpt":{"rendered":"<p><em><strong>V\u1eadt li\u1ec7u l\u1ecdc:<\/strong><\/em> M\u00e0ng l\u1ecdc\u00a0 Nylon 6<\/p>\n<p><em><strong>K\u00edch th\u01b0\u1edbc:<\/strong><\/em> \u0110\u01b0\u1eddng k\u00ednh ngo\u00e0i 68mm, \u0111\u01b0\u1eddng k\u00ednh trong\u00a0 phi 33mm, chi\u1ec1u d\u00e0i 5-40 inch<\/p>\n<p><em><strong>Nhi\u1ec7t \u0111\u1ed9 l\u00e0m vi\u1ec7c t\u1ed1i \u0111a:<\/strong> <\/em>80\u2103<\/p>\n<p><em><strong>\u00c1p su\u1ea5t t\u1ed1i \u0111a:<\/strong> <\/em>0.42Mpa\/25\u2103, 0.10Mpa\/80\u2103<\/p>\n<p><em><strong>Di\u1ec7n t\u00edch l\u1ecdc<\/strong><\/em>: 0.65m\u00b2\/10 inch<\/p>\n<p><em><strong>\u0110\u1ed9 ch\u00ednh x\u00e1c l\u1ecdc<\/strong> <strong>(\u03bcm)<\/strong><\/em>: 0.10, 0.20, 0.45, 1.0, 3.0<\/p>\n<p><strong><em>Lo\u1ea1i k\u1ebft n\u1ed1i:<\/em> <\/strong>220, 222\/fin, 226\/fin, 222\/flat, 215\/flat<\/p>","protected":false},"featured_media":29971,"template":"","meta":[],"_links":{"self":[{"href":"http:\/\/handan.com.vn\/en\/wp-json\/wp\/v2\/product\/29970"}],"collection":[{"href":"http:\/\/handan.com.vn\/en\/wp-json\/wp\/v2\/product"}],"about":[{"href":"http:\/\/handan.com.vn\/en\/wp-json\/wp\/v2\/types\/product"}],"wp:featuredmedia":[{"embeddable":true,"href":"http:\/\/handan.com.vn\/en\/wp-json\/wp\/v2\/media\/29971"}],"wp:attachment":[{"href":"http:\/\/handan.com.vn\/en\/wp-json\/wp\/v2\/media?parent=29970"}],"curies":[{"name":"wp","href":"https:\/\/api.w.org\/{rel}","templated":true}]}}