{"id":29964,"date":"2024-11-11T09:04:53","date_gmt":"2024-11-11T02:04:53","guid":{"rendered":"https:\/\/handan.com.vn\/?post_type=product&#038;p=29964"},"modified":"2026-01-05T15:23:08","modified_gmt":"2026-01-05T08:23:08","slug":"tam-loc-loc-hepa-mini-pleat","status":"publish","type":"product","link":"http:\/\/handan.com.vn\/en\/product\/tam-loc-loc-hepa-mini-pleat\/","title":{"rendered":"T\u1ea5m l\u1ecdc L\u1ecdc HEPA (mini-pleat)"},"content":{"rendered":"<p><strong><span style=\"font-size: 130%;\">T\u1ea5m l\u1ecdc L\u1ecdc HEPA (mini-pleat)<\/span><\/strong><\/p>\n<p>Hi\u1ec7u su\u1ea5t cao (ch\u1ee7 y\u1ebfu l\u1ecdc c\u00e1c h\u1ea1t 0.3\u03bcm)<\/p>\n<p>\u0110\u1ed9 d\u00e0y m\u1ecfng (\u0111\u1ed9 d\u00e0y t\u1ed1i thi\u1ec3u 25mm)<\/p>\n<p>Tr\u1ecdng l\u01b0\u1ee3ng nh\u1eb9, Kh\u00e1ng c\u1ef1 th\u1ea5p<\/p>\n<p>D\u1ec5 d\u00e0ng l\u1eafp \u0111\u1eb7t<\/p>\n<p>M\u1ed7i thi\u1ebft b\u1ecb \u0111\u01b0\u1ee3c qu\u00e9t \u0111\u1ec3 ki\u1ec3m tra r\u00f2 r\u1ec9<\/p>\n<p>\u1ee8ng d\u1ee5ng:<\/p>\n<p>\u0110\u01b0\u1ee3c s\u1eed d\u1ee5ng cho \u1ed1ng th\u1ed5i cu\u1ed1i c\u1ee7a ph\u00f2ng s\u1ea1ch, FFU, thi\u1ebft b\u1ecb l\u00e0m s\u1ea1ch v\u00e0 c\u00e1c khu v\u1ef1c l\u00e0m s\u1ea1ch kh\u00e1c, r\u1ed9ng r\u00e3i \u00e1p d\u1ee5ng trong c\u00e1c ng\u00e0nh c\u00f4ng nghi\u1ec7p \u0111i\u1ec7n t\u1eed, b\u00e1n d\u1eabn, d\u01b0\u1ee3c ph\u1ea9m, b\u1ec7nh vi\u1ec7n, th\u1ef1c ph\u1ea9m v\u00e0 c\u00e1c ng\u00e0nh c\u00f4ng nghi\u1ec7p kh\u00e1c<\/p>\n<p>B\u1ea3ng th\u00f4ng s\u1ed1 k\u0129 thu\u1eadt:<\/p>\n<table width=\"679\">\n<tbody>\n<tr>\n<td colspan=\"3\" width=\"119\">\n<p style=\"text-align: center;\">Dimnsion(mm)<\/p>\n<\/td>\n<td rowspan=\"2\" width=\"64\">&nbsp;<\/p>\n<p>Rted air flow<\/p>\n<p>(m\u00b3\/h)<\/td>\n<td rowspan=\"2\" width=\"65\">&nbsp;<\/p>\n<p>Initial pres<\/p>\n<p>drop(Pa)<\/td>\n<td rowspan=\"2\" width=\"66\">&nbsp;<\/p>\n<p>Filter<\/p>\n<p>efficency<\/td>\n<td colspan=\"4\" width=\"365\">\n<p style=\"text-align: center;\">Material<\/p>\n<\/td>\n<\/tr>\n<tr>\n<td width=\"40\">&nbsp;<\/p>\n<p>Height<\/td>\n<td width=\"40\">&nbsp;<\/p>\n<p>Width<\/td>\n<td width=\"40\">&nbsp;<\/p>\n<p>Depth<\/td>\n<td width=\"91\">&nbsp;<\/p>\n<p>Frame<\/td>\n<td width=\"92\">&nbsp;<\/p>\n<p>Filters material<\/td>\n<td width=\"91\">&nbsp;<\/p>\n<p>Partition material<\/td>\n<td width=\"91\">&nbsp;<\/p>\n<p>Sealant<\/td>\n<\/tr>\n<tr>\n<td width=\"40\">305<\/td>\n<td width=\"40\">305<\/td>\n<td width=\"40\">35<\/td>\n<td width=\"64\">110<\/td>\n<td rowspan=\"13\" width=\"65\">&nbsp;<\/p>\n<p>&nbsp;<\/p>\n<p>&nbsp;<\/p>\n<p>&nbsp;<\/p>\n<p>&nbsp;<\/p>\n<p>&lt;200<\/td>\n<td rowspan=\"13\" width=\"66\">&nbsp;<\/p>\n<p>&nbsp;<\/p>\n<p>&nbsp;<\/p>\n<p>&nbsp;<\/p>\n<p>&nbsp;<\/p>\n<p>&gt;99.99<\/p>\n<p>Sodium flame test<\/td>\n<td rowspan=\"13\" width=\"91\">&nbsp;<\/p>\n<p>&nbsp;<\/p>\n<p>&nbsp;<\/p>\n<p>Aluminum alloy<\/p>\n<p>&nbsp;<\/p>\n<p>Galvanized<\/p>\n<p>sheet<\/td>\n<td rowspan=\"13\" width=\"92\">&nbsp;<\/p>\n<p>&nbsp;<\/p>\n<p>&nbsp;<\/p>\n<p>&nbsp;<\/p>\n<p>Fiberglass filtre pape<\/td>\n<td rowspan=\"13\" width=\"91\">&nbsp;<\/p>\n<p>&nbsp;<\/p>\n<p>&nbsp;<\/p>\n<p>&nbsp;<\/p>\n<p>Fiberglass filtre<\/p>\n<p>paper<\/td>\n<td rowspan=\"13\" width=\"91\">&nbsp;<\/p>\n<p>&nbsp;<\/p>\n<p>&nbsp;<\/p>\n<p>&nbsp;<\/p>\n<p>Polyurethane rubber<\/td>\n<\/tr>\n<tr>\n<td width=\"40\">610<\/td>\n<td width=\"40\">610<\/td>\n<td width=\"40\">35<\/td>\n<td width=\"64\">450<\/td>\n<\/tr>\n<tr>\n<td width=\"40\">915<\/td>\n<td width=\"40\">610<\/td>\n<td width=\"40\">35<\/td>\n<td width=\"64\">680<\/td>\n<\/tr>\n<tr>\n<td width=\"40\">305<\/td>\n<td width=\"40\">305<\/td>\n<td width=\"40\">50<\/td>\n<td width=\"64\">150<\/td>\n<\/tr>\n<tr>\n<td width=\"40\">610<\/td>\n<td width=\"40\">610<\/td>\n<td width=\"40\">50<\/td>\n<td width=\"64\">700<\/td>\n<\/tr>\n<tr>\n<td width=\"40\">915<\/td>\n<td width=\"40\">610<\/td>\n<td width=\"40\">50<\/td>\n<td width=\"64\">1100<\/td>\n<\/tr>\n<tr>\n<td width=\"40\">305<\/td>\n<td width=\"40\">305<\/td>\n<td width=\"40\">69<\/td>\n<td width=\"64\">250<\/td>\n<\/tr>\n<tr>\n<td width=\"40\">610<\/td>\n<td width=\"40\">610<\/td>\n<td width=\"40\">69<\/td>\n<td width=\"64\">1000<\/td>\n<\/tr>\n<tr>\n<td width=\"40\">915<\/td>\n<td width=\"40\">610<\/td>\n<td width=\"40\">69<\/td>\n<td width=\"64\">1500<\/td>\n<\/tr>\n<tr>\n<td width=\"40\">1170<\/td>\n<td width=\"40\">570<\/td>\n<td width=\"40\">69<\/td>\n<td width=\"64\">1800<\/td>\n<\/tr>\n<tr>\n<td width=\"40\">1220<\/td>\n<td width=\"40\">610<\/td>\n<td width=\"40\">69<\/td>\n<td width=\"64\">2000<\/td>\n<\/tr>\n<tr>\n<td width=\"40\">305<\/td>\n<td width=\"40\">305<\/td>\n<td width=\"40\">80<\/td>\n<td width=\"64\">300<\/td>\n<\/tr>\n<tr>\n<td width=\"40\">610<\/td>\n<td width=\"40\">610<\/td>\n<td width=\"40\">80<\/td>\n<td width=\"64\">1300<\/td>\n<\/tr>\n<tr>\n<td colspan=\"10\" width=\"679\">L\u01b0u \u00fd: C\u00e1c th\u00f4ng s\u1ed1 k\u1ef9 thu\u1eadt kh\u00e1c c\u00f3 th\u1ec3 \u0111\u01b0\u1ee3c th\u1ef1c hi\u1ec7n theo y\u00eau c\u1ea7u\u3002Specaial size available upon request<\/td>\n<\/tr>\n<\/tbody>\n<\/table>","protected":false},"excerpt":{"rendered":"<p><em><strong>Ki\u1ec3u:<\/strong><\/em> B\u1ed9 l\u1ecdc hi\u1ec7u su\u1ea5t cao ki\u1ec3u x\u1ebfp g\u1ea5p HEPA<\/p>\n<p><em><strong>Khung<\/strong><\/em>: Nh\u00f4m h\u00ecnh, t\u1ea5m m\u1ea1 k\u1ebdm<\/p>\n<p><em><strong>V\u1eadt li\u1ec7u l\u1ecdc<\/strong><\/em>: Gi\u1ea5y l\u1ecdc s\u1ee3i th\u1ee7y tinh<\/p>\n<p><strong><em>\u00c1p su\u1ea5t ng\u01b0\u1ee1ng<\/em>\uff1a<\/strong>(Khuy\u1ebfn ngh\u1ecb)600Pa<\/p>\n<p><em><strong>Th\u1ec3 t\u00edch kh\u00f4ng kh\u00ed t\u1ed1i \u0111a:<\/strong><\/em> 125% th\u1ec3 t\u00edch kh\u00f4ng kh\u00ed \u0111\u1ecbnh m\u1ee9c<\/p>\n<p><em><strong>Kh\u1ea3 n\u0103ng ch\u1ecbu nhi\u1ec7t:<\/strong><\/em> 80\u2103<\/p>\n<p><em><strong>\u0110\u1ed9 \u1ea9m:<\/strong><\/em> \u226480%RH<\/p>","protected":false},"featured_media":29908,"template":"","meta":[],"_links":{"self":[{"href":"http:\/\/handan.com.vn\/en\/wp-json\/wp\/v2\/product\/29964"}],"collection":[{"href":"http:\/\/handan.com.vn\/en\/wp-json\/wp\/v2\/product"}],"about":[{"href":"http:\/\/handan.com.vn\/en\/wp-json\/wp\/v2\/types\/product"}],"wp:featuredmedia":[{"embeddable":true,"href":"http:\/\/handan.com.vn\/en\/wp-json\/wp\/v2\/media\/29908"}],"wp:attachment":[{"href":"http:\/\/handan.com.vn\/en\/wp-json\/wp\/v2\/media?parent=29964"}],"curies":[{"name":"wp","href":"https:\/\/api.w.org\/{rel}","templated":true}]}}