{"id":29963,"date":"2024-11-11T08:57:35","date_gmt":"2024-11-11T01:57:35","guid":{"rendered":"https:\/\/handan.com.vn\/?post_type=product&#038;p=29963"},"modified":"2026-01-05T15:23:08","modified_gmt":"2026-01-05T08:23:08","slug":"29963","status":"publish","type":"product","link":"http:\/\/handan.com.vn\/en\/product\/29963\/","title":{"rendered":""},"content":{"rendered":"<p><strong>T\u1ea5m L\u1ecdc Hepa Ch\u1ecbu Nhi\u1ec7t (High Temperature HEPA Filter)<\/strong> l\u00e0 lo\u1ea1i t\u1ea5m l\u1ecdc kh\u00f4ng kh\u00ed \u0111\u1eb7c bi\u1ec7t, \u0111\u01b0\u1ee3c thi\u1ebft k\u1ebf \u0111\u1ec3 lo\u1ea1i b\u1ecf c\u00e1c h\u1ea1t b\u1ee5i m\u1ecbn, vi khu\u1ea9n, virus v\u00e0 c\u00e1c ch\u1ea5t \u00f4 nhi\u1ec5m c\u00f3 k\u00edch th\u01b0\u1edbc si\u00eau nh\u1ecf trong kh\u00f4ng kh\u00ed. \u0110i\u1ec3m kh\u00e1c bi\u1ec7t c\u1ee7a lo\u1ea1i t\u1ea5m l\u1ecdc n\u00e0y l\u00e0 kh\u1ea3 n\u0103ng ch\u1ecbu nhi\u1ec7t \u0111\u1ed9 cao, gi\u00fap n\u00f3 ho\u1ea1t \u0111\u1ed9ng hi\u1ec7u qu\u1ea3 trong m\u00f4i tr\u01b0\u1eddng c\u00f3 nhi\u1ec7t \u0111\u1ed9 v\u00e0 \u0111i\u1ec1u ki\u1ec7n kh\u1eafc nghi\u1ec7t.<\/p>\n<h3>\u0110\u1eb7c \u0111i\u1ec3m c\u1ee7a T\u1ea5m L\u1ecdc Hepa Ch\u1ecbu Nhi\u1ec7t:<\/h3>\n<ol>\n<li><strong>Kh\u1ea3 n\u0103ng ch\u1ecbu nhi\u1ec7t cao<\/strong>: T\u1ea5m l\u1ecdc Hepa ch\u1ecbu nhi\u1ec7t c\u00f3 th\u1ec3 ho\u1ea1t \u0111\u1ed9ng trong m\u00f4i tr\u01b0\u1eddng c\u00f3 nhi\u1ec7t \u0111\u1ed9 l\u00ean \u0111\u1ebfn 250\u00b0C ho\u1eb7c cao h\u01a1n, t\u00f9y thu\u1ed9c v\u00e0o ch\u1ea5t li\u1ec7u c\u1ea5u t\u1ea1o.<\/li>\n<li><strong>V\u1eadt li\u1ec7u \u0111\u1eb7c bi\u1ec7t<\/strong>: C\u00e1c t\u1ea5m l\u1ecdc n\u00e0y th\u01b0\u1eddng \u0111\u01b0\u1ee3c ch\u1ebf t\u1ea1o t\u1eeb s\u1ee3i th\u1ee7y tinh, s\u1ee3i t\u1ed5ng h\u1ee3p ho\u1eb7c c\u00e1c v\u1eadt li\u1ec7u ch\u1ecbu nhi\u1ec7t kh\u00e1c, gi\u00fap b\u1ea3o \u0111\u1ea3m hi\u1ec7u qu\u1ea3 l\u1ecdc trong m\u00f4i tr\u01b0\u1eddng nhi\u1ec7t \u0111\u1ed9 cao.<\/li>\n<li><strong>Hi\u1ec7u su\u1ea5t l\u1ecdc cao<\/strong>: T\u1ea5m l\u1ecdc Hepa c\u00f3 th\u1ec3 lo\u1ea1i b\u1ecf \u00edt nh\u1ea5t 99.97% c\u00e1c h\u1ea1t b\u1ee5i c\u00f3 k\u00edch th\u01b0\u1edbc 0.3 micromet ho\u1eb7c l\u1edbn h\u01a1n, mang l\u1ea1i kh\u00f4ng kh\u00ed s\u1ea1ch v\u00e0 an to\u00e0n.<\/li>\n<li><strong>\u1ee8ng d\u1ee5ng<\/strong>: T\u1ea5m l\u1ecdc Hepa ch\u1ecbu nhi\u1ec7t th\u01b0\u1eddng \u0111\u01b0\u1ee3c s\u1eed d\u1ee5ng trong c\u00e1c ng\u00e0nh c\u00f4ng nghi\u1ec7p c\u00f3 nhi\u1ec7t \u0111\u1ed9 cao nh\u01b0 \u0111i\u1ec7n t\u1eed, d\u01b0\u1ee3c ph\u1ea9m, h\u00f3a ch\u1ea5t, hay c\u00e1c h\u1ec7 th\u1ed1ng th\u00f4ng gi\u00f3 trong c\u00e1c nh\u00e0 m\u00e1y s\u1ea3n xu\u1ea5t, ph\u00f2ng th\u00ed nghi\u1ec7m, v\u00e0 c\u00e1c c\u01a1 s\u1edf y t\u1ebf.<\/li>\n<\/ol>\n<h3>\u1ee8ng d\u1ee5ng th\u1ef1c t\u1ebf:<\/h3>\n<ul>\n<li><strong>H\u1ec7 th\u1ed1ng HVAC c\u00f4ng nghi\u1ec7p<\/strong>: C\u00e1c h\u1ec7 th\u1ed1ng \u0111i\u1ec1u h\u00f2a kh\u00f4ng kh\u00ed v\u00e0 th\u00f4ng gi\u00f3 trong c\u00e1c nh\u00e0 m\u00e1y s\u1ea3n xu\u1ea5t, ph\u00f2ng s\u1ea1ch.<\/li>\n<li><strong>Ng\u00e0nh c\u00f4ng nghi\u1ec7p \u0111i\u1ec7n t\u1eed<\/strong>: \u0110\u01b0\u1ee3c s\u1eed d\u1ee5ng \u0111\u1ec3 gi\u1eef m\u00f4i tr\u01b0\u1eddng trong s\u1ea1ch trong c\u00e1c nh\u00e0 m\u00e1y s\u1ea3n xu\u1ea5t linh ki\u1ec7n \u0111i\u1ec7n t\u1eed, tr\u00e1nh b\u1ee5i b\u1ea9n g\u00e2y h\u1ea1i.<\/li>\n<li><strong>Ph\u00f2ng th\u00ed nghi\u1ec7m v\u00e0 y t\u1ebf<\/strong>: S\u1eed d\u1ee5ng trong c\u00e1c ph\u00f2ng th\u00ed nghi\u1ec7m, b\u1ec7nh vi\u1ec7n, n\u01a1i c\u1ea7n b\u1ea3o v\u1ec7 kh\u1ecfi c\u00e1c t\u00e1c nh\u00e2n g\u00e2y \u00f4 nhi\u1ec5m trong kh\u00f4ng kh\u00ed, \u0111\u1ed3ng th\u1eddi ch\u1ecbu \u0111\u01b0\u1ee3c nhi\u1ec7t \u0111\u1ed9 cao t\u1eeb c\u00e1c thi\u1ebft b\u1ecb y t\u1ebf.<\/li>\n<\/ul>\n<p>T\u1ea5m l\u1ecdc Hepa ch\u1ecbu nhi\u1ec7t gi\u00fap b\u1ea3o v\u1ec7 c\u00e1c thi\u1ebft b\u1ecb, c\u00f4ng nh\u00e2n v\u00e0 m\u00f4i tr\u01b0\u1eddng l\u00e0m vi\u1ec7c kh\u1ecfi c\u00e1c t\u00e1c nh\u00e2n c\u00f3 h\u1ea1i trong m\u00f4i tr\u01b0\u1eddng l\u00e0m vi\u1ec7c kh\u1eafc nghi\u1ec7t.<\/p>\n<p>&nbsp;<\/p>\n<p>B\u1ea3ng th\u00f4ng s\u1ed1 k\u0129 thu\u1eadt:<\/p>\n<p>&nbsp;<\/p>\n<table width=\"679\">\n<tbody>\n<tr>\n<td colspan=\"3\" width=\"138\">\n<p style=\"text-align: center;\">Dimension(mm)<\/p>\n<\/td>\n<td style=\"text-align: center;\" rowspan=\"2\" width=\"75\"><strong>\u00a0<\/strong><\/p>\n<p>&nbsp;<\/p>\n<p>Rtedair flow<\/p>\n<p>(m\u00b3\/h)<\/td>\n<td style=\"text-align: center;\" rowspan=\"2\" width=\"75\">&nbsp;<\/p>\n<p>Filtering surface (m<sup>2<\/sup>)<\/td>\n<td style=\"text-align: center;\" rowspan=\"2\" width=\"75\">&nbsp;<\/p>\n<p>Pust holding capqcitiy(g)<\/td>\n<td style=\"text-align: center;\" rowspan=\"2\" width=\"104\">&nbsp;<\/p>\n<p>&nbsp;<\/p>\n<p>Initial pressure drop(Pa)<\/td>\n<td style=\"text-align: center;\" rowspan=\"2\" width=\"106\"><strong>\u00a0<\/strong><\/p>\n<p>F<strong>inal<\/strong> <strong>pressure<\/strong><\/p>\n<p>(Pa)<\/td>\n<td rowspan=\"2\" width=\"106\">\n<p style=\"text-align: center;\">\n<p style=\"text-align: center;\">Filter<\/p>\n<p style=\"text-align: center;\">efficency<\/p>\n<p style=\"text-align: center;\">%<\/p>\n<\/td>\n<\/tr>\n<tr>\n<td width=\"47\">\n<p style=\"text-align: center;\">\n<p style=\"text-align: center;\">Height<\/p>\n<\/td>\n<td style=\"text-align: center;\" width=\"45\">&nbsp;<\/p>\n<p>Width<\/td>\n<td width=\"47\">\n<p style=\"text-align: center;\">\n<p style=\"text-align: center;\">Depth<\/p>\n<\/td>\n<\/tr>\n<tr>\n<td width=\"47\">\n<p style=\"text-align: center;\">484<\/p>\n<\/td>\n<td style=\"text-align: center;\" width=\"45\">484<\/td>\n<td style=\"text-align: center;\" width=\"47\">120<\/td>\n<td style=\"text-align: center;\" width=\"75\">390<\/td>\n<td width=\"75\">\n<p style=\"text-align: center;\">4.4<\/p>\n<\/td>\n<td width=\"75\">\n<p style=\"text-align: center;\">230<\/p>\n<\/td>\n<td rowspan=\"12\" width=\"104\">&nbsp;<\/p>\n<p>&nbsp;<\/p>\n<p>&nbsp;<\/p>\n<p>&nbsp;<\/p>\n<p>&nbsp;<\/p>\n<p>&nbsp;<\/p>\n<p style=\"text-align: center;\">\u2264200<\/p>\n<\/td>\n<td rowspan=\"12\" width=\"106\">&nbsp;<\/p>\n<p>&nbsp;<\/p>\n<p>&nbsp;<\/p>\n<p>&nbsp;<\/p>\n<p>&nbsp;<\/p>\n<p>&nbsp;<\/p>\n<p style=\"text-align: center;\">400<\/p>\n<\/td>\n<td rowspan=\"12\" width=\"106\">\n<p style=\"text-align: center;\">\n<p style=\"text-align: center;\">\n<p style=\"text-align: center;\">\n<p style=\"text-align: center;\">\n<p style=\"text-align: center;\">\n<p style=\"text-align: center;\">\n<p style=\"text-align: center;\">\u226599.97<\/p>\n<\/td>\n<\/tr>\n<tr>\n<td width=\"47\">\n<p style=\"text-align: center;\">610<\/p>\n<\/td>\n<td style=\"text-align: center;\" width=\"45\">610<\/td>\n<td style=\"text-align: center;\" width=\"47\">120<\/td>\n<td style=\"text-align: center;\" width=\"75\">620<\/td>\n<td style=\"text-align: center;\" width=\"75\">7.7<\/td>\n<td style=\"text-align: center;\" width=\"75\">370<\/td>\n<\/tr>\n<tr>\n<td width=\"47\">\n<p style=\"text-align: center;\">915<\/p>\n<\/td>\n<td style=\"text-align: center;\" width=\"45\">610<\/td>\n<td style=\"text-align: center;\" width=\"47\">120<\/td>\n<td style=\"text-align: center;\" width=\"75\">930<\/td>\n<td style=\"text-align: center;\" width=\"75\">10.6<\/td>\n<td style=\"text-align: center;\" width=\"75\">560<\/td>\n<\/tr>\n<tr>\n<td style=\"text-align: center;\" width=\"47\">1220<\/td>\n<td style=\"text-align: center;\" width=\"45\">610<\/td>\n<td style=\"text-align: center;\" width=\"47\">150<\/td>\n<td style=\"text-align: center;\" width=\"75\">1500<\/td>\n<td style=\"text-align: center;\" width=\"75\">14.1<\/td>\n<td width=\"75\">\n<p style=\"text-align: center;\">740<\/p>\n<\/td>\n<\/tr>\n<tr>\n<td width=\"47\">\n<p style=\"text-align: center;\">484<\/p>\n<\/td>\n<td style=\"text-align: center;\" width=\"45\">484<\/td>\n<td style=\"text-align: center;\" width=\"47\">150<\/td>\n<td style=\"text-align: center;\" width=\"75\">530<\/td>\n<td style=\"text-align: center;\" width=\"75\">6.0<\/td>\n<td style=\"text-align: center;\" width=\"75\">320<\/td>\n<\/tr>\n<tr>\n<td style=\"text-align: center;\" width=\"47\">610<\/td>\n<td style=\"text-align: center;\" width=\"45\">610<\/td>\n<td style=\"text-align: center;\" width=\"47\">150<\/td>\n<td style=\"text-align: center;\" width=\"75\">1000<\/td>\n<td style=\"text-align: center;\" width=\"75\">9.7<\/td>\n<td width=\"75\">\n<p style=\"text-align: center;\">510<\/p>\n<\/td>\n<\/tr>\n<tr>\n<td width=\"47\">\n<p style=\"text-align: center;\">915<\/p>\n<\/td>\n<td style=\"text-align: center;\" width=\"45\">610<\/td>\n<td style=\"text-align: center;\" width=\"47\">150<\/td>\n<td style=\"text-align: center;\" width=\"75\">1500<\/td>\n<td style=\"text-align: center;\" width=\"75\">14.5<\/td>\n<td style=\"text-align: center;\" width=\"75\">770<\/td>\n<\/tr>\n<tr>\n<td style=\"text-align: center;\" width=\"47\">1220<\/td>\n<td style=\"text-align: center;\" width=\"45\">610<\/td>\n<td style=\"text-align: center;\" width=\"47\">150<\/td>\n<td style=\"text-align: center;\" width=\"75\">2000<\/td>\n<td style=\"text-align: center;\" width=\"75\">19.3<\/td>\n<td width=\"75\">\n<p style=\"text-align: center;\">1020<\/p>\n<\/td>\n<\/tr>\n<tr>\n<td width=\"47\">\n<p style=\"text-align: center;\">484<\/p>\n<\/td>\n<td style=\"text-align: center;\" width=\"45\">484<\/td>\n<td style=\"text-align: center;\" width=\"47\">220<\/td>\n<td style=\"text-align: center;\" width=\"75\">1000<\/td>\n<td style=\"text-align: center;\" width=\"75\">9.8<\/td>\n<td style=\"text-align: center;\" width=\"75\">600<\/td>\n<\/tr>\n<tr>\n<td style=\"text-align: center;\" width=\"47\">610<\/td>\n<td style=\"text-align: center;\" width=\"45\">610<\/td>\n<td style=\"text-align: center;\" width=\"47\">220<\/td>\n<td style=\"text-align: center;\" width=\"75\">1600<\/td>\n<td style=\"text-align: center;\" width=\"75\">15.8<\/td>\n<td width=\"75\">\n<p style=\"text-align: center;\">920<\/p>\n<\/td>\n<\/tr>\n<tr>\n<td width=\"47\">\n<p style=\"text-align: center;\">915<\/p>\n<\/td>\n<td style=\"text-align: center;\" width=\"45\">610<\/td>\n<td style=\"text-align: center;\" width=\"47\">220<\/td>\n<td style=\"text-align: center;\" width=\"75\">2300<\/td>\n<td style=\"text-align: center;\" width=\"75\">23.7<\/td>\n<td width=\"75\">\n<p style=\"text-align: center;\">1340<\/p>\n<\/td>\n<\/tr>\n<tr>\n<td style=\"text-align: center;\" width=\"47\">1220<\/td>\n<td style=\"text-align: center;\" width=\"45\">610<\/td>\n<td style=\"text-align: center;\" width=\"47\">220<\/td>\n<td style=\"text-align: center;\" width=\"75\">3000<\/td>\n<td style=\"text-align: center;\" width=\"75\">31.6<\/td>\n<td width=\"75\">\n<p style=\"text-align: center;\">1750<\/p>\n<\/td>\n<\/tr>\n<tr>\n<td colspan=\"9\" width=\"679\">L\u01b0u \u00fd: C\u00e1c th\u00f4ng s\u1ed1 k\u1ef9 thu\u1eadt kh\u00e1c c\u00f3 th\u1ec3 \u0111\u01b0\u1ee3c th\u1ef1c hi\u1ec7n theo y\u00eau c\u1ea7u\u3002<\/td>\n<\/tr>\n<\/tbody>\n<\/table>\n<p><em><strong>C\u00f4ng ty ch\u1ea5p nh\u1eadn \u0111\u01a1n \u0111\u1eb7t h\u00e0ng cho c\u00e1c s\u1ea3n ph\u1ea9m l\u1ecdc kh\u00f4ng c\u00f3 trong b\u1ea3ng \u0111\u1eb7t h\u00e0ng v\u00e0 l\u00e0m theo k\u00edch th\u01b0\u1edbc c\u1ee7a kh\u00e1ch h\u00e0ng<\/strong><\/em><\/p>","protected":false},"excerpt":{"rendered":"<p><em><strong>Ch\u1ea5t li\u1ec7u l\u1ecdc:<\/strong> <\/em>S\u1ee3i th\u1ee7y tinh ho\u1eb7c s\u1ee3i t\u1ed5ng h\u1ee3p<\/p>\n<p><em><strong>V\u1eadt li\u1ec7u khung:<\/strong><\/em> Nh\u00f4m ch\u1ecbu nhi\u1ec7t ho\u1eb7c Inox<\/p>\n<p><em><strong>C\u1ea5p \u0111\u1ed9 l\u1ecdc c\u1ee7a Hepa:<\/strong> <\/em>C\u00f3 th\u1ec3 \u0111\u00e1p \u1ee9ng t\u1eeb H10 \u2013 H14<\/p>\n<p><em><strong>\u0110\u1ed9 ch\u00eanh \u00e1p cu\u1ed1i l\u00e0:<\/strong><\/em> 5500Pa<\/p>\n<p><em><strong>Nhi\u1ec7t \u0111\u1ed9 cao nh\u1ea5t (max) l\u00e0 tr\u00ean:<\/strong><\/em> 300 \u0111\u1ed9 C<\/p>\n<p><em><strong>Ti\u00eau chu\u1ea9n t\u1ea5m l\u1ecdc Hepa\u00a0: <\/strong><\/em>EN182<\/p>","protected":false},"featured_media":29922,"template":"","meta":[],"_links":{"self":[{"href":"http:\/\/handan.com.vn\/en\/wp-json\/wp\/v2\/product\/29963"}],"collection":[{"href":"http:\/\/handan.com.vn\/en\/wp-json\/wp\/v2\/product"}],"about":[{"href":"http:\/\/handan.com.vn\/en\/wp-json\/wp\/v2\/types\/product"}],"wp:featuredmedia":[{"embeddable":true,"href":"http:\/\/handan.com.vn\/en\/wp-json\/wp\/v2\/media\/29922"}],"wp:attachment":[{"href":"http:\/\/handan.com.vn\/en\/wp-json\/wp\/v2\/media?parent=29963"}],"curies":[{"name":"wp","href":"https:\/\/api.w.org\/{rel}","templated":true}]}}