{"id":29962,"date":"2024-11-08T14:39:40","date_gmt":"2024-11-08T07:39:40","guid":{"rendered":"https:\/\/handan.com.vn\/?post_type=product&#038;p=29962"},"modified":"2026-01-05T15:23:08","modified_gmt":"2026-01-05T08:23:08","slug":"bo-loc-hepa-hieu-suat-cao-co-vach-ngan","status":"publish","type":"product","link":"http:\/\/handan.com.vn\/en\/product\/bo-loc-hepa-hieu-suat-cao-co-vach-ngan\/","title":{"rendered":"B\u1ed9 l\u1ecdc HEPA hi\u1ec7u su\u1ea5t cao c\u00f3 v\u00e1ch ng\u0103n"},"content":{"rendered":"<p>B\u1ed9 l\u1ecdc HEPA hi\u1ec7u su\u1ea5t cao c\u00f3 v\u00e1ch ng\u0103n:<\/p>\n<p>Hi\u1ec7u su\u1ea5t cao (ch\u1ee7 y\u1ebfu lo\u1ea1i b\u1ecf c\u00e1c h\u1ea1t m\u1ecbn t\u1eeb 0.3\u03bcm tr\u1edf l\u00ean)<br \/>\n\u0110\u1ed9 b\u00e1m b\u1ee5i th\u1ea5p<br \/>\nKh\u1ea3 n\u0103ng ch\u1ee9a b\u1ee5i cao<br \/>\n\u0110\u1ed9 \u0111\u1ed3ng \u0111\u1ec1u c\u1ee7a t\u1ed1c \u0111\u1ed9 gi\u00f3<\/p>\n<p>C\u00f4ng d\u1ee5ng:<br \/>\nB\u1ed9 l\u1ecdc n\u00e0y \u0111\u01b0\u1ee3c l\u1ef1a ch\u1ecdn \u0111\u1ec3 s\u1eed d\u1ee5ng trong c\u00e1c h\u1ec7 th\u1ed1ng l\u1ecdc thi\u1ebft b\u1ecb \u0111\u1ea7u cu\u1ed1i trong c\u00e1c ph\u00f2ng s\u1ea1ch \u0111\u1eb7c bi\u1ec7t, c\u0169ng nh\u01b0 c\u00e1c thi\u1ebft b\u1ecb l\u1ecdc c\u1ee5c b\u1ed9 kh\u00e1c, nh\u01b0 l\u1ecdc kh\u00f4ng kh\u00ed m\u00f4i tr\u01b0\u1eddng, v\u00ed d\u1ee5 nh\u01b0 m\u00e1y h\u00fat m\u00f9i d\u00f2ng ch\u1ea3y t\u1ea7ng tr\u00ean b\u00e0n l\u00e0m vi\u1ec7c s\u1ea1ch.<\/p>\n<p>Ki\u1ec3u: B\u1ed9 l\u1ecdc h\u1ed9p hi\u1ec7u qu\u1ea3 cao<\/p>","protected":false},"excerpt":{"rendered":"<p class=\"TableText\" style=\"margin-left: 21.0pt; line-height: 115%;\"><span style=\"font-size: 10.0pt; line-height: 115%; font-family: 'Times New Roman',serif;\"><em><strong>\u00c1p su\u1ea5t ng\u01b0\u1ee1ng<\/strong><\/em>: (khuy\u1ebfn ngh\u1ecb) 450Pa <\/span><\/p>\n<p class=\"TableText\" style=\"margin-left: 21.0pt; line-height: 115%;\"><span style=\"font-size: 10.0pt; line-height: 115%; font-family: 'Times New Roman',serif;\"><em><strong>Th\u1ec3 t\u00edch kh\u00f4ng kh\u00ed t\u1ed1i \u0111a:<\/strong> <\/em>125% th\u1ec3 t\u00edch kh\u00f4ng kh\u00ed \u0111\u1ecbnh m\u1ee9c <\/span><\/p>\n<p class=\"TableText\" style=\"margin-left: 21.0pt; line-height: 115%;\"><span style=\"font-size: 10.0pt; line-height: 115%; font-family: 'Times New Roman',serif;\"><em><strong>Kh\u1ea3 n\u0103ng ch\u1ecbu nhi\u1ec7t \u0111\u1ed9:<\/strong><\/em> 80 \u00b0C<\/span><\/p>","protected":false},"featured_media":29919,"template":"","meta":[],"_links":{"self":[{"href":"http:\/\/handan.com.vn\/en\/wp-json\/wp\/v2\/product\/29962"}],"collection":[{"href":"http:\/\/handan.com.vn\/en\/wp-json\/wp\/v2\/product"}],"about":[{"href":"http:\/\/handan.com.vn\/en\/wp-json\/wp\/v2\/types\/product"}],"wp:featuredmedia":[{"embeddable":true,"href":"http:\/\/handan.com.vn\/en\/wp-json\/wp\/v2\/media\/29919"}],"wp:attachment":[{"href":"http:\/\/handan.com.vn\/en\/wp-json\/wp\/v2\/media?parent=29962"}],"curies":[{"name":"wp","href":"https:\/\/api.w.org\/{rel}","templated":true}]}}