{"id":29961,"date":"2024-11-08T13:59:07","date_gmt":"2024-11-08T06:59:07","guid":{"rendered":"https:\/\/handan.com.vn\/?post_type=product&#038;p=29961"},"modified":"2026-01-05T15:23:08","modified_gmt":"2026-01-05T08:23:08","slug":"bo-loc-hepa-dung-1-lan","status":"publish","type":"product","link":"http:\/\/handan.com.vn\/en\/product\/bo-loc-hepa-dung-1-lan\/","title":{"rendered":"B\u1ed9 l\u1ecdc HEPA  d\u00f9ng 1 l\u1ea7n"},"content":{"rendered":"<p>\u0110\u1eb7c t\u00ednh s\u1ea3n ph\u1ea9m:<\/p>\n<p>B\u1ed9 l\u1ecdc tr\u1ea7n d\u1ea1ng b\u1ecf s\u1eed d\u1ee5ng c\u1ea5u tr\u00fac k\u00edn, ng\u0103n ng\u1eeba khe h\u1edf v\u00e0 r\u00f2 r\u1ec9 b\u00ean.<\/p>\n<p>B\u1ed9 l\u1ecdc tr\u1ea7n d\u1ea1ng b\u1ecf \u0111\u01b0\u1ee3c l\u00e0m t\u1eeb nh\u00f4m m\u1ea1 \u0111i\u1ec7n nh\u1eb9, c\u00f3 h\u00ecnh d\u1ea1ng th\u1ea5p, nh\u1eb9, d\u1ec5 d\u00e0ng v\u1eadn chuy\u1ec3n v\u00e0 l\u1eafp \u0111\u1eb7t.<\/p>\n<p>B\u1ed9 l\u1ecdc HEPA hi\u1ec7u su\u1ea5t cao c\u00f3 hi\u1ec7u su\u1ea5t t\u1ed1i thi\u1ec3u l\u00e0 99.99% \u1edf k\u00edch th\u01b0\u1edbc h\u1ea1t 0.3\u03bcm.<\/p>\n<p>B\u1ed9 l\u1ecdc ULPA hi\u1ec7u su\u1ea5t cao c\u00f3 hi\u1ec7u su\u1ea5t t\u1ed1i thi\u1ec3u l\u00e0 99.995% \u1edf k\u00edch th\u01b0\u1edbc h\u1ea1t 0.123\u03bcm.<\/p>\n<p>M\u1ed7i b\u1ed9 l\u1ecdc \u0111\u1ec1u tr\u1ea3i qua ki\u1ec3m tra r\u00f2 r\u1ec9 nghi\u00eam ng\u1eb7t.<\/p>\n<p>&nbsp;<\/p>\n<p>\u1ee8ng d\u1ee5ng:<\/p>\n<p>\u0110\u01b0\u1ee3c s\u1eed d\u1ee5ng trong c\u00e1c nh\u00e0 m\u00e1y s\u1ea3n xu\u1ea5t b\u00e1n d\u1eabn, nh\u00e0 m\u00e1y \u0111i\u1ec7n t\u1eed, nh\u00e0 m\u00e1y d\u01b0\u1ee3c ph\u1ea9m, nh\u00e0 m\u00e1y th\u1ef1c ph\u1ea9m v\u00e0 b\u1ea5t k\u1ef3 h\u1ec7 th\u1ed1ng l\u1ecdc kh\u00f4ng kh\u00ed n\u00e0o y\u00eau c\u1ea7u \u0111\u1ed9 s\u1ea1ch cao.<\/p>\n<p><strong>B\u1ea3ng th\u00f4ng s\u1ed1 k\u0129 thu\u1eadt:<\/strong><\/p>\n<table width=\"680\">\n<tbody>\n<tr>\n<td width=\"114\">\n<p style=\"text-align: center;\">Model<\/p>\n<\/td>\n<td width=\"113\">\n<p style=\"text-align: center;\">K\u00edch th\u01b0\u1edbc(mm)<\/p>\n<\/td>\n<td colspan=\"4\" width=\"454\">\n<p style=\"text-align: center;\">\u00c1p su\u1ea5t ng\u01b0\u1ee1ng- L\u01b0u l\u01b0\u1ee3ng gi\u00f3 \u0111\u1ecbnh m\u1ee9c<\/p>\n<p style=\"text-align: center;\">(Pa-m\u00b3\/h)<\/p>\n<\/td>\n<\/tr>\n<tr>\n<td width=\"114\">\n<p style=\"text-align: center;\">DUXR-570<\/p>\n<\/td>\n<td style=\"text-align: center;\" width=\"113\">570\u00d7570\u00d7150<\/td>\n<td style=\"text-align: center;\" width=\"115\">100 \/500<\/td>\n<td style=\"text-align: center;\" width=\"113\">125\/620<\/td>\n<td style=\"text-align: center;\" width=\"114\">150\/780<\/td>\n<td style=\"text-align: center;\" width=\"113\">180\/870<\/td>\n<\/tr>\n<tr>\n<td style=\"text-align: center;\" width=\"114\">DUXR-600<\/td>\n<td style=\"text-align: center;\" width=\"113\">600x600x150<\/td>\n<td style=\"text-align: center;\" width=\"115\">100 \/550<\/td>\n<td style=\"text-align: center;\" width=\"113\">125\/690<\/td>\n<td style=\"text-align: center;\" width=\"114\">150\/870<\/td>\n<td style=\"text-align: center;\" width=\"113\">180\/970<\/td>\n<\/tr>\n<tr>\n<td style=\"text-align: center;\" width=\"114\">DUXR-610<\/td>\n<td style=\"text-align: center;\" width=\"113\">610x610x150<\/td>\n<td style=\"text-align: center;\" width=\"115\">110\/570<\/td>\n<td style=\"text-align: center;\" width=\"113\">125\/715<\/td>\n<td style=\"text-align: center;\" width=\"114\">150\/900<\/td>\n<td style=\"text-align: center;\" width=\"113\">180\/1000<\/td>\n<\/tr>\n<tr>\n<td style=\"text-align: center;\" width=\"114\">DUXR-1170<\/td>\n<td style=\"text-align: center;\" width=\"113\">1170x570x150<\/td>\n<td style=\"text-align: center;\" width=\"115\">100\/1030<\/td>\n<td style=\"text-align: center;\" width=\"113\">125\/1290<\/td>\n<td style=\"text-align: center;\" width=\"114\">150\/1630<\/td>\n<td style=\"text-align: center;\" width=\"113\">180\/1800<\/td>\n<\/tr>\n<tr>\n<td width=\"114\">\n<p style=\"text-align: center;\">DUXR-1200<\/p>\n<\/td>\n<td style=\"text-align: center;\" width=\"113\">1200x600x150<\/td>\n<td style=\"text-align: center;\" width=\"115\">100\/1100<\/td>\n<td style=\"text-align: center;\" width=\"113\">125\/1390<\/td>\n<td style=\"text-align: center;\" width=\"114\">150\/1760<\/td>\n<td style=\"text-align: center;\" width=\"113\">180\/1950<\/td>\n<\/tr>\n<tr>\n<td style=\"text-align: center;\" width=\"114\">DUXR-1210<\/td>\n<td style=\"text-align: center;\" width=\"113\">1210x600x150<\/td>\n<td style=\"text-align: center;\" width=\"115\">100\/1120<\/td>\n<td style=\"text-align: center;\" width=\"113\">125\/1400<\/td>\n<td style=\"text-align: center;\" width=\"114\">150\/1780<\/td>\n<td width=\"113\">\n<p style=\"text-align: center;\">180\/1970<\/p>\n<\/td>\n<\/tr>\n<tr>\n<td style=\"text-align: center;\" width=\"114\">DUXR-1200<\/td>\n<td style=\"text-align: center;\" width=\"113\">1220x610x150<\/td>\n<td style=\"text-align: center;\" width=\"115\">100\/1150<\/td>\n<td style=\"text-align: center;\" width=\"113\">125\/1440<\/td>\n<td style=\"text-align: center;\" width=\"114\">150\/1820<\/td>\n<td width=\"113\">\n<p style=\"text-align: center;\">180\/2020<\/p>\n<\/td>\n<\/tr>\n<\/tbody>\n<\/table>\n<p>C\u00f3 ba lo\u1ea1i k\u00edch th\u01b0\u1edbc c\u1eeda h\u00fat gi\u00f3 14 \u201c(350mm), 12\u2033 (300mm), 10\u201d (250mm)<\/p>\n<p><em><strong>C\u00f4ng ty ch\u1ea5p nh\u1eadn \u0111\u01a1n \u0111\u1eb7t h\u00e0ng cho c\u00e1c s\u1ea3n ph\u1ea9m l\u1ecdc kh\u00f4ng c\u00f3 trong b\u1ea3ng \u0111\u1eb7t h\u00e0ng v\u00e0 l\u00e0m theo k\u00edch th\u01b0\u1edbc c\u1ee7a kh\u00e1ch h\u00e0ng<\/strong><\/em><\/p>","protected":false},"excerpt":{"rendered":"<p>\u0110\u1eb7c t\u00ednh s\u1ea3n ph\u1ea9m: B\u1ed9 l\u1ecdc tr\u1ea7n d\u1ea1ng b\u1ecf s\u1eed d\u1ee5ng c\u1ea5u tr\u00fac k\u00edn, ng\u0103n ng\u1eeba khe h\u1edf v\u00e0 r\u00f2 r\u1ec9 b\u00ean. B\u1ed9 l\u1ecdc tr\u1ea7n d\u1ea1ng b\u1ecf \u0111\u01b0\u1ee3c l\u00e0m t\u1eeb nh\u00f4m m\u1ea1 \u0111i\u1ec7n nh\u1eb9, c\u00f3 h\u00ecnh d\u1ea1ng th\u1ea5p, nh\u1eb9, d\u1ec5 d\u00e0ng v\u1eadn chuy\u1ec3n v\u00e0 l\u1eafp \u0111\u1eb7t. B\u1ed9 l\u1ecdc HEPA hi\u1ec7u su\u1ea5t cao c\u00f3 hi\u1ec7u su\u1ea5t [&#8230;]","protected":false},"featured_media":29910,"template":"","meta":[],"_links":{"self":[{"href":"http:\/\/handan.com.vn\/en\/wp-json\/wp\/v2\/product\/29961"}],"collection":[{"href":"http:\/\/handan.com.vn\/en\/wp-json\/wp\/v2\/product"}],"about":[{"href":"http:\/\/handan.com.vn\/en\/wp-json\/wp\/v2\/types\/product"}],"wp:featuredmedia":[{"embeddable":true,"href":"http:\/\/handan.com.vn\/en\/wp-json\/wp\/v2\/media\/29910"}],"wp:attachment":[{"href":"http:\/\/handan.com.vn\/en\/wp-json\/wp\/v2\/media?parent=29961"}],"curies":[{"name":"wp","href":"https:\/\/api.w.org\/{rel}","templated":true}]}}