{"id":29959,"date":"2024-11-08T12:02:09","date_gmt":"2024-11-08T05:02:09","guid":{"rendered":"https:\/\/handan.com.vn\/?post_type=product&#038;p=29959"},"modified":"2026-01-05T15:23:09","modified_gmt":"2026-01-05T08:23:09","slug":"bo-loc-hepa-dung-mot-lan","status":"publish","type":"product","link":"http:\/\/handan.com.vn\/en\/product\/bo-loc-hepa-dung-mot-lan\/","title":{"rendered":"B\u1ed9 l\u1ecdc HEPA c\u00f3 th\u1ec3 thay th\u1ebf"},"content":{"rendered":"<p><strong>\u0110\u1eb7c t\u00ednh s\u1ea3n ph\u1ea9m:<\/strong><\/p>\n<p>Thi\u1ebft k\u1ebf c\u00f3 th\u1ec3 thay th\u1ebf b\u1ed9 l\u1ecdc m\u00e0 kh\u00f4ng c\u1ea7n thay to\u00e0n b\u1ed9 h\u1ed9p, gi\u00fap gi\u1ea3m chi ph\u00ed v\u00e0 ti\u1ebft ki\u1ec7m t\u00e0i nguy\u00ean.<\/p>\n<p>K\u1eb9p c\u1ed1 \u0111\u1ecbnh b\u1ed9 l\u1ecdc \u0111\u1eb7c bi\u1ec7t, kh\u00f4ng c\u1ea7n d\u1ee5ng c\u1ee5 \u0111\u1ec3 thay, c\u00f3 th\u1ec3 thay b\u1ed9 l\u1ecdc tr\u1ef1c ti\u1ebfp t\u1eeb b\u00ean trong, l\u1eafp \u0111\u1eb7t nhanh ch\u00f3ng v\u00e0 d\u1ec5 d\u00e0ng.<\/p>\n<p>Ph\u00f9 h\u1ee3p v\u1edbi nhi\u1ec1u lo\u1ea1i tr\u1ea7n nh\u00e0, bao g\u1ed3m ki\u1ec3u T-BAR, ki\u1ec3u panel v\u00e0 khung th\u00e9p nh\u1eb9, v\u1edbi t\u00ednh t\u01b0\u01a1ng th\u00edch cao. H\u1ed9p \u0111\u01b0\u1ee3c l\u00e0m t\u1eeb nh\u00f4m \u00e9p anodized, nh\u1eb9, d\u1ec5 v\u1eadn chuy\u1ec3n v\u00e0 l\u1eafp \u0111\u1eb7t.<\/p>\n<p>Ba k\u00edch th\u01b0\u1edbc \u0111\u1ea7u v\u00e0o v\u00e0 ki\u1ec3u panel kh\u00e1c nhau, c\u00f3 th\u1ec3 ch\u1ecdn mua t\u1ea5m \u0111\u1ea7u ra b\u1eb1ng th\u00e9p kh\u00f4ng g\u1ec9, \u0111\u00e1p \u1ee9ng nhu c\u1ea7u \u0111a d\u1ea1ng c\u1ee7a kh\u00e1ch h\u00e0ng.<\/p>\n<p>V\u1eadt li\u1ec7u l\u1ecdc \u0111\u01b0\u1ee3c l\u00e0m t\u1eeb s\u1ee3i th\u1ee7y tinh si\u00eau m\u1ecbn, c\u00f3 kh\u00e1ng l\u1ef1c th\u1ea5p, l\u01b0u l\u01b0\u1ee3ng gi\u00f3 l\u1edbn v\u00e0 chi\u1ebfm \u00edt kh\u00f4ng gian.<\/p>\n<p>M\u1ed7i b\u1ed9 l\u1ecdc \u0111\u1ec1u \u0111\u01b0\u1ee3c ki\u1ec3m tra r\u00f2 r\u1ec9 nghi\u00eam ng\u1eb7t \u0111\u1ec3 \u0111\u1ea3m b\u1ea3o ch\u1ea5t l\u01b0\u1ee3ng<\/p>\n<p>\u1ee8ng d\u1ee5ng:<\/p>\n<p><strong>Ph\u00f9 h\u1ee3p cho h\u1ec7 th\u1ed1ng c\u1ea5p gi\u00f3 cu\u1ed1i c\u00f9ng<\/strong> trong c\u00e1c nh\u00e0 m\u00e1y v\u00e0 ph\u00f2ng s\u1ea1ch c\u00f3 y\u00eau c\u1ea7u \u0111\u1ed9 s\u1ea1ch cao, gi\u00fap <strong>\u0111\u1ea3m b\u1ea3o hi\u1ec7u qu\u1ea3 l\u01b0u th\u00f4ng kh\u00f4ng kh\u00ed<\/strong> v\u00e0 <strong>ng\u0103n ng\u1eeba hi\u1ec7n t\u01b0\u1ee3ng xo\u00e1y kh\u00ed<\/strong><\/p>\n<p>&nbsp;<\/p>\n<p><strong>B\u1ea3ng th\u00f4ng s\u1ed1 k\u0129 thu\u1eadt:<\/strong><\/p>\n<table width=\"680\">\n<tbody>\n<tr>\n<td width=\"114\">&nbsp;<\/p>\n<p style=\"text-align: center;\">Model<\/p>\n<\/td>\n<td style=\"text-align: center;\" width=\"113\">&nbsp;<\/p>\n<p>K\u00edch th\u01b0\u1edbc(mm)<\/td>\n<td colspan=\"4\" width=\"454\">\n<p style=\"text-align: center;\">\u00c1p su\u1ea5t ng\u01b0\u1ee1ng- L\u01b0u l\u01b0\u1ee3ng gi\u00f3 \u0111\u1ecbnh m\u1ee9c<\/p>\n<p style=\"text-align: center;\">(Pa-m\u00b3\/h)<\/p>\n<\/td>\n<\/tr>\n<tr>\n<td width=\"114\">\n<p style=\"text-align: center;\">DUXR-570<\/p>\n<\/td>\n<td style=\"text-align: center;\" width=\"113\">570\u00d7570&#215;150<\/td>\n<td style=\"text-align: center;\" width=\"115\">100 \/500<\/td>\n<td style=\"text-align: center;\" width=\"113\">125\/620<\/td>\n<td style=\"text-align: center;\" width=\"114\">150\/780<\/td>\n<td width=\"113\">\n<p style=\"text-align: center;\">180\/870<\/p>\n<\/td>\n<\/tr>\n<tr>\n<td width=\"114\">\n<p style=\"text-align: center;\">DUXR-600<\/p>\n<\/td>\n<td style=\"text-align: center;\" width=\"113\">600x600x150<\/td>\n<td style=\"text-align: center;\" width=\"115\">100 \/550<\/td>\n<td style=\"text-align: center;\" width=\"113\">125\/690<\/td>\n<td style=\"text-align: center;\" width=\"114\">150\/870<\/td>\n<td style=\"text-align: center;\" width=\"113\">180\/970<\/td>\n<\/tr>\n<tr>\n<td style=\"text-align: center;\" width=\"114\">DUXR-610<\/td>\n<td style=\"text-align: center;\" width=\"113\">610x610x150<\/td>\n<td style=\"text-align: center;\" width=\"115\">110\/570<\/td>\n<td style=\"text-align: center;\" width=\"113\">125\/715<\/td>\n<td style=\"text-align: center;\" width=\"114\">150\/900<\/td>\n<td width=\"113\">\n<p style=\"text-align: center;\">180\/1000<\/p>\n<\/td>\n<\/tr>\n<tr>\n<td width=\"114\">\n<p style=\"text-align: center;\">DUXR-1170<\/p>\n<\/td>\n<td style=\"text-align: center;\" width=\"113\">1170x570x150<\/td>\n<td style=\"text-align: center;\" width=\"115\">100\/1030<\/td>\n<td style=\"text-align: center;\" width=\"113\">125\/1290<\/td>\n<td style=\"text-align: center;\" width=\"114\">150\/1630<\/td>\n<td style=\"text-align: center;\" width=\"113\">180\/1800<\/td>\n<\/tr>\n<tr>\n<td width=\"114\">\n<p style=\"text-align: center;\">DUXR-1200<\/p>\n<\/td>\n<td style=\"text-align: center;\" width=\"113\">1200x600x150<\/td>\n<td style=\"text-align: center;\" width=\"115\">100\/1100<\/td>\n<td style=\"text-align: center;\" width=\"113\">125\/1390<\/td>\n<td style=\"text-align: center;\" width=\"114\">150\/1760<\/td>\n<td style=\"text-align: center;\" width=\"113\">180\/1950<\/td>\n<\/tr>\n<tr>\n<td style=\"text-align: center;\" width=\"114\">DUXR-1210<\/td>\n<td style=\"text-align: center;\" width=\"113\">1210x600x150<\/td>\n<td style=\"text-align: center;\" width=\"115\">100\/1120<\/td>\n<td style=\"text-align: center;\" width=\"113\">125\/1400<\/td>\n<td style=\"text-align: center;\" width=\"114\">150\/1780<\/td>\n<td width=\"113\">\n<p style=\"text-align: center;\">180\/1970<\/p>\n<\/td>\n<\/tr>\n<tr>\n<td style=\"text-align: center;\" width=\"114\">DUXR-1200<\/td>\n<td style=\"text-align: center;\" width=\"113\">1220x610x150<\/td>\n<td style=\"text-align: center;\" width=\"115\">100\/1150<\/td>\n<td style=\"text-align: center;\" width=\"113\">125\/1440<\/td>\n<td style=\"text-align: center;\" width=\"114\">150\/1820<\/td>\n<td width=\"113\">\n<p style=\"text-align: center;\">180\/2020<\/p>\n<\/td>\n<\/tr>\n<\/tbody>\n<\/table>\n<p>C\u00f3 ba lo\u1ea1i k\u00edch th\u01b0\u1edbc c\u1eeda h\u00fat gi\u00f3 14 &#8220;(350mm), 12&#8243; (300mm), 10&#8221; (250mm)<\/p>\n<p><em><strong>C\u00f4ng ty ch\u1ea5p nh\u1eadn \u0111\u01a1n \u0111\u1eb7t h\u00e0ng cho c\u00e1c s\u1ea3n ph\u1ea9m l\u1ecdc kh\u00f4ng c\u00f3 trong b\u1ea3ng \u0111\u1eb7t h\u00e0ng v\u00e0 l\u00e0m theo k\u00edch th\u01b0\u1edbc c\u1ee7a kh\u00e1ch h\u00e0ng<\/strong><\/em><\/p>","protected":false},"excerpt":{"rendered":"<p>\u0110\u1eb7c t\u00ednh s\u1ea3n ph\u1ea9m: Thi\u1ebft k\u1ebf c\u00f3 th\u1ec3 thay th\u1ebf b\u1ed9 l\u1ecdc m\u00e0 kh\u00f4ng c\u1ea7n thay to\u00e0n b\u1ed9 h\u1ed9p, gi\u00fap gi\u1ea3m chi ph\u00ed v\u00e0 ti\u1ebft ki\u1ec7m t\u00e0i nguy\u00ean. K\u1eb9p c\u1ed1 \u0111\u1ecbnh b\u1ed9 l\u1ecdc \u0111\u1eb7c bi\u1ec7t, kh\u00f4ng c\u1ea7n d\u1ee5ng c\u1ee5 \u0111\u1ec3 thay, c\u00f3 th\u1ec3 thay b\u1ed9 l\u1ecdc tr\u1ef1c ti\u1ebfp t\u1eeb b\u00ean trong, l\u1eafp \u0111\u1eb7t nhanh ch\u00f3ng [&#8230;]","protected":false},"featured_media":29920,"template":"","meta":[],"_links":{"self":[{"href":"http:\/\/handan.com.vn\/en\/wp-json\/wp\/v2\/product\/29959"}],"collection":[{"href":"http:\/\/handan.com.vn\/en\/wp-json\/wp\/v2\/product"}],"about":[{"href":"http:\/\/handan.com.vn\/en\/wp-json\/wp\/v2\/types\/product"}],"wp:featuredmedia":[{"embeddable":true,"href":"http:\/\/handan.com.vn\/en\/wp-json\/wp\/v2\/media\/29920"}],"wp:attachment":[{"href":"http:\/\/handan.com.vn\/en\/wp-json\/wp\/v2\/media?parent=29959"}],"curies":[{"name":"wp","href":"https:\/\/api.w.org\/{rel}","templated":true}]}}