{"id":29958,"date":"2024-11-08T10:33:48","date_gmt":"2024-11-08T03:33:48","guid":{"rendered":"https:\/\/handan.com.vn\/?post_type=product&#038;p=29958"},"modified":"2026-01-05T15:29:10","modified_gmt":"2026-01-05T08:29:10","slug":"loc-hepa-v-bank","status":"publish","type":"product","link":"http:\/\/handan.com.vn\/en\/product\/loc-hepa-v-bank\/","title":{"rendered":"L\u1ecdc HEPA V-Bank"},"content":{"rendered":"<p><span style=\"font-size: 130%;\"><strong>L\u1ecdc HEPA V-Bank:<\/strong> <\/span>l\u00e0 b\u1ed9 l\u1ecdc kh\u00f4ng kh\u00ed hi\u1ec7u su\u1ea5t cao, s\u1eed d\u1ee5ng c\u00f4ng ngh\u1ec7 HEPA \u0111\u1ec3 lo\u1ea1i b\u1ecf c\u00e1c h\u1ea1t b\u1ee5i, vi khu\u1ea9n, virus, ph\u1ea5n hoa v\u00e0 t\u1ea1p ch\u1ea5t si\u00eau nh\u1ecf t\u1eeb kh\u00f4ng kh\u00ed, \u0111\u1ea1t hi\u1ec7u qu\u1ea3 l\u1ecdc l\u00ean t\u1edbi 99.97% v\u1edbi c\u00e1c h\u1ea1t c\u00f3 k\u00edch th\u01b0\u1edbc t\u1eeb 0.3 micromet. B\u1ed9 l\u1ecdc n\u00e0y c\u00f3 thi\u1ebft k\u1ebf \u0111\u1eb7c bi\u1ec7t v\u1edbi c\u1ea5u tr\u00fac &#8220;V&#8221; gi\u00fap t\u0103ng di\u1ec7n t\u00edch b\u1ec1 m\u1eb7t l\u1ecdc, c\u1ea3i thi\u1ec7n hi\u1ec7u qu\u1ea3 v\u00e0 l\u01b0u l\u01b0\u1ee3ng kh\u00f4ng kh\u00ed, \u0111\u1ed3ng th\u1eddi k\u00e9o d\u00e0i tu\u1ed5i th\u1ecd v\u00e0 gi\u1ea3m t\u1ea7n su\u1ea5t thay th\u1ebf.<\/p>\n<h3>\u0110\u1eb7c \u0111i\u1ec3m:<\/h3>\n<ul>\n<li><strong>C\u1ea5u tr\u00fac V-Bank<\/strong>: T\u0103ng di\u1ec7n t\u00edch l\u1ecdc, gi\u00fap n\u00e2ng cao hi\u1ec7u su\u1ea5t m\u00e0 v\u1eabn ti\u1ebft ki\u1ec7m kh\u00f4ng gian.<\/li>\n<li><strong>Hi\u1ec7u qu\u1ea3 l\u1ecdc cao<\/strong>: Lo\u1ea1i b\u1ecf c\u00e1c h\u1ea1t b\u1ee5i si\u00eau m\u1ecbn v\u00e0 t\u1ea1p ch\u1ea5t, \u0111\u1ea3m b\u1ea3o ch\u1ea5t l\u01b0\u1ee3ng kh\u00f4ng kh\u00ed cao.<\/li>\n<li><strong>L\u01b0u l\u01b0\u1ee3ng kh\u00f4ng kh\u00ed l\u1edbn<\/strong>: Cung c\u1ea5p kh\u00f4ng kh\u00ed s\u1ea1ch m\u00e0 kh\u00f4ng gi\u1ea3m hi\u1ec7u qu\u1ea3 l\u1ecdc.<\/li>\n<li><strong>Tu\u1ed5i th\u1ecd d\u00e0i<\/strong>: Thi\u1ebft k\u1ebf gi\u00fap b\u1ed9 l\u1ecdc l\u01b0u tr\u1eef nhi\u1ec1u b\u1ee5i b\u1ea9n m\u00e0 kh\u00f4ng t\u1eafc ngh\u1ebdn nhanh ch\u00f3ng.<\/li>\n<\/ul>\n<h3>\u1ee8ng d\u1ee5ng:<\/h3>\n<p>S\u1eed d\u1ee5ng r\u1ed9ng r\u00e3i trong c\u00e1c h\u1ec7 th\u1ed1ng HVAC c\u1ee7a b\u1ec7nh vi\u1ec7n, ph\u00f2ng s\u1ea1ch, trung t\u00e2m th\u01b0\u01a1ng m\u1ea1i, v\u00e0 c\u00e1c ng\u00e0nh c\u00f4ng nghi\u1ec7p nh\u01b0 d\u01b0\u1ee3c ph\u1ea9m, \u0111i\u1ec7n t\u1eed, th\u1ef1c ph\u1ea9m.<\/p>\n<p><strong>\u01afu \u0111i\u1ec3m<\/strong>:<\/p>\n<ul>\n<li>Di\u1ec7n t\u00edch l\u1ecdc l\u1edbn, hi\u1ec7u qu\u1ea3 cao.<\/li>\n<li>Ti\u1ebft ki\u1ec7m kh\u00f4ng gian v\u00e0 chi ph\u00ed b\u1ea3o tr\u00ec.<\/li>\n<li>Hi\u1ec7u su\u1ea5t l\u1ecdc v\u01b0\u1ee3t tr\u1ed9i cho m\u00f4i tr\u01b0\u1eddng y\u00eau c\u1ea7u s\u1ea1ch cao.<\/li>\n<\/ul>\n<p>B\u1ea3ng th\u00f4ng s\u1ed1 k\u0129 thu\u1eadt:<\/p>\n<table width=\"679\">\n<tbody>\n<tr>\n<td rowspan=\"2\" width=\"113\">&nbsp;<\/p>\n<p style=\"text-align: center;\">Model<\/p>\n<\/td>\n<td width=\"113\">\n<p style=\"text-align: center;\">K\u00edch th\u01b0\u1edbc(mm)<\/p>\n<\/td>\n<td rowspan=\"2\" width=\"114\">&nbsp;<\/p>\n<p>C\u1ea5u tr\u00fac b\u1ed9 l\u1ecdc<\/td>\n<td colspan=\"3\" width=\"339\">\n<p style=\"text-align: center;\">\u00c1p su\u1ea5t ng\u01b0\u1ee1ng-L\u01b0u l\u01b0\u1ee3ng gi\u00f3 \u0111\u1ecbnh m\u1ee9c<br \/>\n(Pa-m\u00b3\/h)<\/p>\n<\/td>\n<\/tr>\n<tr>\n<td width=\"113\">\n<p style=\"text-align: center;\">H x W x D<\/p>\n<\/td>\n<td width=\"113\">\n<p style=\"text-align: center;\">H8<\/p>\n<\/td>\n<td width=\"114\">\n<p style=\"text-align: center;\">H10<\/p>\n<\/td>\n<td width=\"113\">\n<p style=\"text-align: center;\">H13<\/p>\n<\/td>\n<\/tr>\n<tr>\n<td rowspan=\"3\" width=\"113\">&nbsp;<\/p>\n<p>&nbsp;<\/p>\n<p style=\"text-align: center;\">MVXR287<\/p>\n<\/td>\n<td rowspan=\"3\" width=\"113\">&nbsp;<\/p>\n<p>&nbsp;<\/p>\n<p style=\"text-align: center;\">592x287x297<\/p>\n<\/td>\n<td rowspan=\"6\" width=\"114\">&nbsp;<\/p>\n<p>&nbsp;<\/p>\n<p>&nbsp;<\/p>\n<p>&nbsp;<\/p>\n<p style=\"text-align: center;\">M\u1eb7t b\u00edch l\u1ed3i \u0111\u01a1n<\/p>\n<p style=\"text-align: center;\">4V<\/p>\n<\/td>\n<td style=\"text-align: center;\" width=\"113\">\n<p style=\"text-align: center;\">45\/800<\/p>\n<\/td>\n<td style=\"text-align: center;\" width=\"114\">90\/800<\/td>\n<td style=\"text-align: center;\" width=\"113\">140\/800<\/td>\n<\/tr>\n<tr>\n<td width=\"113\">\n<p style=\"text-align: center;\">68\/1200<\/p>\n<\/td>\n<td width=\"114\">\n<p style=\"text-align: center;\">135\/1200<\/p>\n<\/td>\n<td width=\"113\">\n<p style=\"text-align: center;\">180\/1200<\/p>\n<\/td>\n<\/tr>\n<tr>\n<td width=\"113\">\n<p style=\"text-align: center;\">90\/1600<\/p>\n<\/td>\n<td width=\"114\">\n<p style=\"text-align: center;\">180\/1600<\/p>\n<\/td>\n<td width=\"113\">\n<p style=\"text-align: center;\">2400\/1600<\/p>\n<\/td>\n<\/tr>\n<tr>\n<td style=\"text-align: center;\" rowspan=\"3\" width=\"113\">&nbsp;<\/p>\n<p>&nbsp;<\/p>\n<p>MVXR592<\/td>\n<td rowspan=\"3\" width=\"113\">\n<p style=\"text-align: center;\">\n<p style=\"text-align: center;\">\n<p style=\"text-align: center;\">592x592x292<\/p>\n<\/td>\n<td width=\"113\">\n<p style=\"text-align: center;\">45\/1600<\/p>\n<\/td>\n<td width=\"114\">\n<p style=\"text-align: center;\">90\/1600<\/p>\n<\/td>\n<td width=\"113\">\n<p style=\"text-align: center;\">120\/1600<\/p>\n<\/td>\n<\/tr>\n<tr>\n<td width=\"113\">\n<p style=\"text-align: center;\">68\/2400<\/p>\n<\/td>\n<td width=\"114\">\n<p style=\"text-align: center;\">135\/2400<\/p>\n<\/td>\n<td width=\"113\">\n<p style=\"text-align: center;\">180\/2400<\/p>\n<\/td>\n<\/tr>\n<tr>\n<td width=\"113\">\n<p style=\"text-align: center;\">90\/3200<\/p>\n<\/td>\n<td width=\"114\">\n<p style=\"text-align: center;\">1800\/3200<\/p>\n<\/td>\n<td width=\"113\">\n<p style=\"text-align: center;\">240\/3200<\/p>\n<\/td>\n<\/tr>\n<tr>\n<td rowspan=\"3\" width=\"113\">&nbsp;<\/p>\n<p style=\"text-align: center;\">\n<p style=\"text-align: center;\">MVXR305<\/p>\n<\/td>\n<td rowspan=\"3\" width=\"113\">&nbsp;<\/p>\n<p>&nbsp;<\/p>\n<p style=\"text-align: center;\">610x305x292<\/p>\n<\/td>\n<td rowspan=\"6\" width=\"114\">&nbsp;<\/p>\n<p>&nbsp;<\/p>\n<p>&nbsp;<\/p>\n<p>&nbsp;<\/p>\n<p style=\"text-align: center;\">C\u1ea5u tr\u00fac<\/p>\n<p style=\"text-align: center;\">5V<\/p>\n<\/td>\n<td width=\"113\">\n<p style=\"text-align: center;\">45\/900<\/p>\n<\/td>\n<td width=\"114\">\n<p style=\"text-align: center;\">90\/900<\/p>\n<\/td>\n<td width=\"113\">\n<p style=\"text-align: center;\">120\/900<\/p>\n<\/td>\n<\/tr>\n<tr>\n<td width=\"113\">\n<p style=\"text-align: center;\">68\/1350<\/p>\n<\/td>\n<td width=\"114\">\n<p style=\"text-align: center;\">135\/1350<\/p>\n<\/td>\n<td width=\"113\">\n<p style=\"text-align: center;\">180\/1350<\/p>\n<\/td>\n<\/tr>\n<tr>\n<td width=\"113\">\n<p style=\"text-align: center;\">90\/1800<\/p>\n<\/td>\n<td width=\"114\">\n<p style=\"text-align: center;\">180\/1800<\/p>\n<\/td>\n<td width=\"113\">\n<p style=\"text-align: center;\">240\/1800<\/p>\n<\/td>\n<\/tr>\n<tr>\n<td rowspan=\"3\" width=\"113\">&nbsp;<\/p>\n<p>&nbsp;<\/p>\n<p style=\"text-align: center;\">MVXR610<\/p>\n<\/td>\n<td rowspan=\"3\" width=\"113\">&nbsp;<\/p>\n<p>&nbsp;<\/p>\n<p style=\"text-align: center;\">610x610x292<\/p>\n<\/td>\n<td width=\"113\">\n<p style=\"text-align: center;\">45\/1800<\/p>\n<\/td>\n<td width=\"114\">\n<p style=\"text-align: center;\">90\/1800<\/p>\n<\/td>\n<td width=\"113\">\n<p style=\"text-align: center;\">120\/1800<\/p>\n<\/td>\n<\/tr>\n<tr>\n<td width=\"113\">\n<p style=\"text-align: center;\">68\/2700<\/p>\n<\/td>\n<td width=\"114\">\n<p style=\"text-align: center;\">135\/2700<\/p>\n<\/td>\n<td width=\"113\">\n<p style=\"text-align: center;\">180\/2700<\/p>\n<\/td>\n<\/tr>\n<tr>\n<td style=\"text-align: center;\" width=\"113\">90\/3600<\/td>\n<td style=\"text-align: center;\" width=\"114\">180\/3600<\/td>\n<td width=\"113\">\n<p style=\"text-align: center;\">240\/3600<\/p>\n<\/td>\n<\/tr>\n<\/tbody>\n<\/table>\n<p><em><strong>C\u00f4ng ty ch\u1ea5p nh\u1eadn \u0111\u01a1n \u0111\u1eb7t h\u00e0ng cho c\u00e1c s\u1ea3n ph\u1ea9m l\u1ecdc kh\u00f4ng c\u00f3 trong b\u1ea3ng \u0111\u1eb7t h\u00e0ng v\u00e0 l\u00e0m theo k\u00edch th\u01b0\u1edbc c\u1ee7a kh\u00e1ch h\u00e0ng<\/strong><\/em><\/p>","protected":false},"excerpt":{"rendered":"<p><em><strong>Ch\u1ea5t li\u1ec7u l\u1ecdc<\/strong>:<\/em> S\u1ee3i th\u1ee7y tinh \/ S\u1ee3i t\u1ed5ng h\u1ee3p<\/p>\n<p><em><strong>V\u1eadt li\u1ec7u khung<\/strong>:<\/em> G\u1ed7, nh\u00f4m ho\u1eb7c GI (th\u00e9p m\u1ea1 k\u1ebdm)<\/p>\n<p><em><strong>Ch\u00eanh \u00e1p ban \u0111\u1ea7u<\/strong>:<\/em> 350 Pa<\/p>\n<p><em><strong>Ch\u00eanh \u00e1p cu\u1ed1i<\/strong>:<\/em> 600 Pa<\/p>\n<p><em><strong>Nhi\u1ec7t \u0111\u1ed9 max<\/strong>:<\/em> 70\u00baC<\/p>\n<p><em><strong>Hi\u1ec7u su\u1ea5t l\u1ecdc<\/strong>:<\/em> 99,99% @ 0.3 \u00b5m<\/p>","protected":false},"featured_media":29923,"template":"","meta":[],"_links":{"self":[{"href":"http:\/\/handan.com.vn\/en\/wp-json\/wp\/v2\/product\/29958"}],"collection":[{"href":"http:\/\/handan.com.vn\/en\/wp-json\/wp\/v2\/product"}],"about":[{"href":"http:\/\/handan.com.vn\/en\/wp-json\/wp\/v2\/types\/product"}],"wp:featuredmedia":[{"embeddable":true,"href":"http:\/\/handan.com.vn\/en\/wp-json\/wp\/v2\/media\/29923"}],"wp:attachment":[{"href":"http:\/\/handan.com.vn\/en\/wp-json\/wp\/v2\/media?parent=29958"}],"curies":[{"name":"wp","href":"https:\/\/api.w.org\/{rel}","templated":true}]}}