{"id":29955,"date":"2024-11-08T09:32:48","date_gmt":"2024-11-08T02:32:48","guid":{"rendered":"https:\/\/handan.com.vn\/?post_type=product&#038;p=29955"},"modified":"2026-01-05T15:29:10","modified_gmt":"2026-01-05T08:29:10","slug":"loc-bui-thu-cap-medium-filter","status":"publish","type":"product","link":"http:\/\/handan.com.vn\/en\/product\/loc-bui-thu-cap-medium-filter\/","title":{"rendered":"L\u1ecdc b\u1ee5i th\u1ee9 c\u1ea5p (Medium Filter)"},"content":{"rendered":"<h3><span style=\"font-size: 130%;\">L\u1ecdc b\u1ee5i th\u1ee9 c\u1ea5p:<\/span><\/h3>\n<ul>\n<li><strong>Ch\u1ea5t li\u1ec7u<\/strong>: C\u00e1c b\u1ed9 l\u1ecdc b\u1ee5i th\u1ee9 c\u1ea5p th\u01b0\u1eddng \u0111\u01b0\u1ee3c ch\u1ebf t\u1ea1o t\u1eeb c\u00e1c v\u1eadt li\u1ec7u nh\u01b0 v\u1ea3i s\u1ee3i t\u1ed5ng h\u1ee3p, gi\u1ea5y l\u1ecdc, ho\u1eb7c v\u1eadt li\u1ec7u composite c\u00f3 kh\u1ea3 n\u0103ng gi\u1eef b\u1ee5i hi\u1ec7u qu\u1ea3 m\u00e0 kh\u00f4ng l\u00e0m gi\u1ea3m l\u01b0u l\u01b0\u1ee3ng kh\u00f4ng kh\u00ed qu\u00e1 nhi\u1ec1u.<\/li>\n<li><strong>Hi\u1ec7u su\u1ea5t l\u1ecdc<\/strong>: L\u1ecdc b\u1ee5i th\u1ee9 c\u1ea5p c\u00f3 kh\u1ea3 n\u0103ng l\u1ecdc c\u00e1c h\u1ea1t b\u1ee5i c\u00f3 k\u00edch th\u01b0\u1edbc t\u1eeb 1 \u0111\u1ebfn 10 micromet, gi\u00fap gi\u1ea3m thi\u1ec3u l\u01b0\u1ee3ng b\u1ee5i trong kh\u00f4ng kh\u00ed m\u00e0 kh\u00f4ng l\u00e0m t\u0103ng qu\u00e1 m\u1ee9c s\u1ee9c c\u1ea3n \u0111\u1ed1i v\u1edbi d\u00f2ng kh\u00ed. \u0110i\u1ec1u n\u00e0y gi\u00fap duy tr\u00ec hi\u1ec7u su\u1ea5t ho\u1ea1t \u0111\u1ed9ng c\u1ee7a c\u00e1c thi\u1ebft b\u1ecb trong h\u1ec7 th\u1ed1ng th\u00f4ng gi\u00f3 ho\u1eb7c \u0111i\u1ec1u h\u00f2a kh\u00f4ng kh\u00ed.<\/li>\n<li><strong>\u1ee8ng d\u1ee5ng<\/strong>: Th\u01b0\u1eddng \u0111\u01b0\u1ee3c s\u1eed d\u1ee5ng trong c\u00e1c h\u1ec7 th\u1ed1ng HVAC, c\u00e1c nh\u00e0 m\u00e1y s\u1ea3n xu\u1ea5t, ph\u00f2ng th\u00ed nghi\u1ec7m, hay c\u00e1c khu v\u1ef1c c\u1ea7n ki\u1ec3m so\u00e1t m\u1ee9c \u0111\u1ed9 b\u1ee5i trong kh\u00f4ng kh\u00ed nh\u01b0ng kh\u00f4ng y\u00eau c\u1ea7u m\u1ee9c \u0111\u1ed9 l\u1ecdc c\u1ef1c k\u1ef3 cao nh\u01b0 c\u00e1c b\u1ed9 l\u1ecdc HEPA.<\/li>\n<\/ul>\n<p>L\u1ecdc b\u1ee5i th\u1ee9 c\u1ea5p \u0111\u00f3ng vai tr\u00f2 quan tr\u1ecdng trong vi\u1ec7c duy tr\u00ec ch\u1ea5t l\u01b0\u1ee3ng kh\u00f4ng kh\u00ed trong c\u00e1c kh\u00f4ng gian c\u00f4ng nghi\u1ec7p ho\u1eb7c th\u01b0\u01a1ng m\u1ea1i, gi\u00fap b\u1ea3o v\u1ec7 s\u1ee9c kh\u1ecfe con ng\u01b0\u1eddi v\u00e0 c\u00e1c thi\u1ebft b\u1ecb m\u00e1y m\u00f3c kh\u1ecfi t\u00e1c \u0111\u1ed9ng c\u1ee7a b\u1ee5i b\u1ea9n.<\/p>\n<p>&nbsp;<\/p>\n<p><strong>B\u1ea3ng th\u00f4ng s\u1ed1 k\u00edch th\u01b0\u1edbc l\u1ecdc b\u1ee5i th\u1ee9 c\u1ea5p:<\/strong><\/p>\n<table style=\"height: 602px;\" width=\"696\">\n<tbody>\n<tr>\n<td rowspan=\"2\" width=\"76\">\n<p style=\"text-align: center;\">Model<\/p>\n<\/td>\n<td style=\"text-align: center;\" colspan=\"3\" width=\"226\">K\u00edch th\u01b0\u1edbc(mm)<\/td>\n<td style=\"text-align: center;\" rowspan=\"2\" width=\"75\">&nbsp;<\/p>\n<p>S\u1ed1 l\u1edbp<\/p>\n<p>x\u1ebfp<\/td>\n<td style=\"text-align: center;\" rowspan=\"2\" width=\"75\">&nbsp;<\/p>\n<p>Di\u1ec7n t\u00edch l\u1ecdc (m<sup>2<\/sup>)<\/td>\n<td style=\"text-align: center;\" colspan=\"4\" rowspan=\"2\" width=\"227\">&nbsp;<\/p>\n<p>\u00c1p su\u1ea5t ng\u01b0\u1ee1ng-L\u01b0u l\u01b0\u1ee3ng kh\u00ed \u0111\u1ecbnh m\u1ee9c<\/p>\n<p>(Pa-m\u00b3\/h)<\/td>\n<\/tr>\n<tr>\n<td width=\"75\">\n<p style=\"text-align: center;\">R\u1ed9ng<\/p>\n<\/td>\n<td style=\"text-align: center;\" width=\"75\">D\u00e0i<\/td>\n<td width=\"76\">\n<p style=\"text-align: center;\">S\u00e2u<\/p>\n<\/td>\n<\/tr>\n<tr>\n<td width=\"76\">\n<p style=\"text-align: center;\">JFB05-46<\/p>\n<\/td>\n<td style=\"text-align: center;\" width=\"75\">290<\/td>\n<td style=\"text-align: center;\" width=\"75\">592<\/td>\n<td style=\"text-align: center;\" width=\"76\">46<\/td>\n<td style=\"text-align: center;\" width=\"75\">9<\/td>\n<td style=\"text-align: center;\" width=\"75\">0.46<\/td>\n<td style=\"text-align: center;\" width=\"75\">40\/330<\/td>\n<td style=\"text-align: center;\" colspan=\"2\" width=\"76\">60\/500<\/td>\n<td width=\"76\">\n<p style=\"text-align: center;\">180\/1600<\/p>\n<\/td>\n<\/tr>\n<tr>\n<td width=\"76\">\n<p style=\"text-align: center;\">JFB10-46<\/p>\n<\/td>\n<td style=\"text-align: center;\" width=\"75\">592<\/td>\n<td style=\"text-align: center;\" width=\"75\">592<\/td>\n<td style=\"text-align: center;\" width=\"76\">46<\/td>\n<td style=\"text-align: center;\" width=\"75\">17<\/td>\n<td style=\"text-align: center;\" width=\"75\">0.9<\/td>\n<td style=\"text-align: center;\" width=\"75\">40\/650<\/td>\n<td style=\"text-align: center;\" colspan=\"2\" width=\"76\">60\/980<\/td>\n<td width=\"76\">\n<p style=\"text-align: center;\">180\/3300<\/p>\n<\/td>\n<\/tr>\n<tr>\n<td style=\"text-align: center;\" width=\"76\">JFB05-66<\/td>\n<td width=\"75\">\n<p style=\"text-align: center;\">290<\/p>\n<\/td>\n<td style=\"text-align: center;\" width=\"75\">592<\/td>\n<td style=\"text-align: center;\" width=\"76\">69<\/td>\n<td width=\"75\">\n<p style=\"text-align: center;\">9<\/p>\n<\/td>\n<td width=\"75\">\n<p style=\"text-align: center;\">0.7<\/p>\n<\/td>\n<td width=\"75\">\n<p style=\"text-align: center;\">40\/500<\/p>\n<\/td>\n<td style=\"text-align: center;\" colspan=\"2\" width=\"76\">60175<\/td>\n<td width=\"76\">\n<p style=\"text-align: center;\">120\/1600<\/p>\n<\/td>\n<\/tr>\n<tr>\n<td width=\"76\">\n<p style=\"text-align: center;\">JFB10-69<\/p>\n<\/td>\n<td style=\"text-align: center;\" width=\"75\">592<\/td>\n<td style=\"text-align: center;\" width=\"75\">592<\/td>\n<td style=\"text-align: center;\" width=\"76\">69<\/td>\n<td style=\"text-align: center;\" width=\"75\">17<\/td>\n<td style=\"text-align: center;\" width=\"75\">1.4<\/td>\n<td style=\"text-align: center;\" width=\"75\">40\/1000<\/td>\n<td style=\"text-align: center;\" colspan=\"2\" width=\"76\">60\/1600<\/td>\n<td width=\"76\">\n<p style=\"text-align: center;\">120\/3300<\/p>\n<\/td>\n<\/tr>\n<tr>\n<td width=\"76\">\n<p style=\"text-align: center;\">JFB05-90<\/p>\n<\/td>\n<td style=\"text-align: center;\" width=\"75\">290<\/td>\n<td style=\"text-align: center;\" width=\"75\">592<\/td>\n<td style=\"text-align: center;\" width=\"76\">90<\/td>\n<td style=\"text-align: center;\" width=\"75\">9<\/td>\n<td style=\"text-align: center;\" width=\"75\">0.9<\/td>\n<td style=\"text-align: center;\" width=\"75\">40\/650<\/td>\n<td style=\"text-align: center;\" colspan=\"2\" width=\"76\">60\/1000<\/td>\n<td width=\"76\">\n<p style=\"text-align: center;\">100\/1600<\/p>\n<\/td>\n<\/tr>\n<tr>\n<td width=\"76\">\n<p style=\"text-align: center;\">JFB10-90<\/p>\n<\/td>\n<td style=\"text-align: center;\" width=\"75\">592<\/td>\n<td style=\"text-align: center;\" width=\"75\">592<\/td>\n<td style=\"text-align: center;\" width=\"76\">90<\/td>\n<td style=\"text-align: center;\" width=\"75\">17<\/td>\n<td style=\"text-align: center;\" width=\"75\">1.8<\/td>\n<td style=\"text-align: center;\" width=\"75\">40\/1300<\/td>\n<td style=\"text-align: center;\" colspan=\"2\" width=\"76\">60\/2000<\/td>\n<td width=\"76\">\n<p style=\"text-align: center;\">100\/3300<\/p>\n<\/td>\n<\/tr>\n<tr>\n<td width=\"76\">\n<p style=\"text-align: center;\">JFB05-292<\/p>\n<\/td>\n<td style=\"text-align: center;\" width=\"75\">290<\/td>\n<td style=\"text-align: center;\" width=\"75\">592<\/td>\n<td style=\"text-align: center;\" width=\"76\">292<\/td>\n<td style=\"text-align: center;\" width=\"75\">9<\/td>\n<td style=\"text-align: center;\" width=\"75\">3.0<\/td>\n<td style=\"text-align: center;\" colspan=\"2\" width=\"114\">40\/1600<\/td>\n<td colspan=\"2\" width=\"113\">\n<p style=\"text-align: right;\">60\/2400<\/p>\n<\/td>\n<\/tr>\n<tr>\n<td style=\"text-align: center;\" width=\"76\">JFB05-292<\/td>\n<td width=\"75\">\n<p style=\"text-align: center;\">592<\/p>\n<\/td>\n<td width=\"75\">\n<p style=\"text-align: center;\">592<\/p>\n<\/td>\n<td width=\"76\">\n<p style=\"text-align: center;\">292<\/p>\n<\/td>\n<td width=\"75\">\n<p style=\"text-align: center;\">17<\/p>\n<\/td>\n<td width=\"75\">\n<p style=\"text-align: center;\">6.0<\/p>\n<\/td>\n<td colspan=\"2\" width=\"114\">\n<p style=\"text-align: center;\">40\/3300<\/p>\n<\/td>\n<td colspan=\"2\" width=\"113\">\n<p style=\"text-align: right;\">60\/4900<\/p>\n<\/td>\n<\/tr>\n<\/tbody>\n<\/table>\n<p>&nbsp;<\/p>\n<p><em><strong>C\u00f4ng ty ch\u1ea5p nh\u1eadn \u0111\u01a1n \u0111\u1eb7t h\u00e0ng cho c\u00e1c s\u1ea3n ph\u1ea9m l\u1ecdc kh\u00f4ng c\u00f3 trong b\u1ea3ng \u0111\u1eb7t h\u00e0ng v\u00e0 l\u00e0m theo k\u00edch th\u01b0\u1edbc c\u1ee7a kh\u00e1ch h\u00e0ng<\/strong><\/em><\/p>","protected":false},"excerpt":{"rendered":"<p><strong><em>Ch\u1ea5t li\u1ec7u khung l\u1ecdc<\/em>:<\/strong> Aluminium \u2013 G.I<\/p>\n<p><em><strong>Model:<\/strong>\u00a0<\/em>V\u00e0nh tai \u2013 H\u1ed9p vu\u00f4ng<\/p>\n<p><em><strong>Hi\u1ec7u su\u1ea5t l\u1ecdc (EN1822):<\/strong><\/em>\u00a0F8 \u2013 85%, F9 \u2013 95%<\/p>\n<p><em><strong>V\u1eadt li\u1ec7u l\u1ecdc:<\/strong>\u00a0<\/em>FiberGlass<\/p>\n<p><em><strong>Nhi\u1ec7u \u0111\u1ed9 ho\u1ea1t \u0111\u1ed9ng:<\/strong><\/em>\u00a0\u2264 80\u00b0C<\/p>\n<p><em><strong>\u0110\u1ed9 \u1ea9m:<\/strong><\/em>\u00a0\u2264 100% RH<\/p>","protected":false},"featured_media":29956,"template":"","meta":[],"_links":{"self":[{"href":"http:\/\/handan.com.vn\/en\/wp-json\/wp\/v2\/product\/29955"}],"collection":[{"href":"http:\/\/handan.com.vn\/en\/wp-json\/wp\/v2\/product"}],"about":[{"href":"http:\/\/handan.com.vn\/en\/wp-json\/wp\/v2\/types\/product"}],"wp:featuredmedia":[{"embeddable":true,"href":"http:\/\/handan.com.vn\/en\/wp-json\/wp\/v2\/media\/29956"}],"wp:attachment":[{"href":"http:\/\/handan.com.vn\/en\/wp-json\/wp\/v2\/media?parent=29955"}],"curies":[{"name":"wp","href":"https:\/\/api.w.org\/{rel}","templated":true}]}}