{"id":29948,"date":"2024-11-07T16:28:02","date_gmt":"2024-11-07T09:28:02","guid":{"rendered":"https:\/\/handan.com.vn\/?post_type=product&#038;p=29948"},"modified":"2026-01-05T15:29:10","modified_gmt":"2026-01-05T08:29:10","slug":"bong-loc-thanh-hoat-tinh-non-woven-activated-carbon","status":"publish","type":"product","link":"http:\/\/handan.com.vn\/en\/product\/bong-loc-thanh-hoat-tinh-non-woven-activated-carbon\/","title":{"rendered":"B\u00f4ng l\u1ecdc thanh ho\u1ea1t t\u00ednh (Non-woven  activated  carbon )"},"content":{"rendered":"<p><span style=\"font-size: 130%;\"><strong>B\u00f4ng l\u1ecdc thanh ho\u1ea1t t\u00ednh:\u00a0<\/strong><\/span><\/p>\n<p>B\u00f4ng l\u1ecdc than ho\u1ea1t t\u00ednh l\u00e0 m\u1ed9t v\u1eadt li\u1ec7u \u0111\u01b0\u1ee3c s\u1eed d\u1ee5ng r\u1ed9ng r\u00e3i trong nhi\u1ec1u quy tr\u00ecnh l\u1ecdc c\u00f4ng nghi\u1ec7p nh\u1edd kh\u1ea3 n\u0103ng h\u1ea5p th\u1ee5 c\u00e1c t\u1ea1p ch\u1ea5t, m\u00f9i, kh\u00ed \u0111\u1ed9c, v\u00e0 h\u1ee3p ch\u1ea5t h\u1eefu c\u01a1 bay h\u01a1i (VOC) hi\u1ec7u qu\u1ea3. D\u01b0\u1edbi \u0111\u00e2y l\u00e0 m\u1ed9t s\u1ed1 \u1ee9ng d\u1ee5ng ch\u00ednh c\u1ee7a b\u00f4ng l\u1ecdc than ho\u1ea1t t\u00ednh trong ng\u00e0nh c\u00f4ng nghi\u1ec7p:<\/p>\n<ol>\n<li><strong>L\u1ecdc kh\u00ed v\u00e0 kh\u00ed th\u1ea3i c\u00f4ng nghi\u1ec7p<\/strong><br \/>\nB\u00f4ng l\u1ecdc than ho\u1ea1t t\u00ednh \u0111\u01b0\u1ee3c s\u1eed d\u1ee5ng \u0111\u1ec3 lo\u1ea1i b\u1ecf c\u00e1c ch\u1ea5t \u00f4 nhi\u1ec5m trong kh\u00ed th\u1ea3i c\u00f4ng nghi\u1ec7p, \u0111\u1eb7c bi\u1ec7t l\u00e0 c\u00e1c h\u1ee3p ch\u1ea5t h\u1eefu c\u01a1 bay h\u01a1i (VOC), m\u00f9i h\u00f4i v\u00e0 c\u00e1c kh\u00ed \u0111\u1ed9c h\u1ea1i nh\u01b0 amoniac, sulfur dioxide, v\u00e0 formaldehyde. Nh\u1edd kh\u1ea3 n\u0103ng h\u1ea5p th\u1ee5 m\u1ea1nh m\u1ebd, b\u00f4ng l\u1ecdc gi\u00fap gi\u1ea3m thi\u1ec3u \u00f4 nhi\u1ec5m kh\u00f4ng kh\u00ed, \u0111\u00e1p \u1ee9ng c\u00e1c ti\u00eau chu\u1ea9n m\u00f4i tr\u01b0\u1eddng v\u00e0 b\u1ea3o v\u1ec7 s\u1ee9c kh\u1ecfe c\u1ed9ng \u0111\u1ed3ng.<\/li>\n<li><strong>L\u1ecdc trong h\u1ec7 th\u1ed1ng th\u00f4ng gi\u00f3 v\u00e0 \u0111i\u1ec1u h\u00f2a kh\u00f4ng kh\u00ed<\/strong><br \/>\nTrong c\u00e1c nh\u00e0 m\u00e1y, t\u00f2a nh\u00e0, ho\u1eb7c khu c\u00f4ng nghi\u1ec7p, b\u00f4ng l\u1ecdc than ho\u1ea1t t\u00ednh th\u01b0\u1eddng \u0111\u01b0\u1ee3c l\u1eafp \u0111\u1eb7t trong h\u1ec7 th\u1ed1ng th\u00f4ng gi\u00f3 ho\u1eb7c \u0111i\u1ec1u h\u00f2a kh\u00f4ng kh\u00ed \u0111\u1ec3 lo\u1ea1i b\u1ecf c\u00e1c m\u00f9i kh\u00f3 ch\u1ecbu, kh\u00ed \u0111\u1ed9c v\u00e0 c\u00e1c t\u1ea1p ch\u1ea5t c\u00f3 h\u1ea1i trong kh\u00f4ng kh\u00ed. \u0110i\u1ec1u n\u00e0y gi\u00fap c\u1ea3i thi\u1ec7n ch\u1ea5t l\u01b0\u1ee3ng kh\u00f4ng kh\u00ed, t\u1ea1o m\u00f4i tr\u01b0\u1eddng l\u00e0m vi\u1ec7c an to\u00e0n v\u00e0 trong l\u00e0nh cho c\u00f4ng nh\u00e2n.<\/li>\n<li><strong>L\u1ecdc n\u01b0\u1edbc trong c\u00f4ng nghi\u1ec7p<\/strong><br \/>\nB\u00f4ng l\u1ecdc than ho\u1ea1t t\u00ednh c\u0169ng \u0111\u01b0\u1ee3c s\u1eed d\u1ee5ng \u0111\u1ec3 l\u1ecdc n\u01b0\u1edbc trong nhi\u1ec1u ng\u00e0nh c\u00f4ng nghi\u1ec7p, \u0111\u1eb7c bi\u1ec7t l\u00e0 trong c\u00e1c ng\u00e0nh s\u1ea3n xu\u1ea5t th\u1ef1c ph\u1ea9m, d\u01b0\u1ee3c ph\u1ea9m, v\u00e0 h\u00f3a ch\u1ea5t. N\u00f3 gi\u00fap lo\u1ea1i b\u1ecf c\u00e1c t\u1ea1p ch\u1ea5t, m\u00f9i v\u00e0 c\u00e1c ch\u1ea5t h\u1eefu c\u01a1 trong n\u01b0\u1edbc, \u0111\u1ea3m b\u1ea3o ngu\u1ed3n n\u01b0\u1edbc s\u1ea1ch v\u00e0 \u0111\u1ea1t y\u00eau c\u1ea7u v\u1ec7 sinh an to\u00e0n.<\/li>\n<li><strong>L\u1ecdc trong ng\u00e0nh d\u01b0\u1ee3c ph\u1ea9m v\u00e0 th\u1ef1c ph\u1ea9m<\/strong><br \/>\nTrong ng\u00e0nh d\u01b0\u1ee3c ph\u1ea9m v\u00e0 th\u1ef1c ph\u1ea9m, b\u00f4ng l\u1ecdc than ho\u1ea1t t\u00ednh \u0111\u01b0\u1ee3c s\u1eed d\u1ee5ng \u0111\u1ec3 lo\u1ea1i b\u1ecf c\u00e1c t\u1ea1p ch\u1ea5t, m\u00f9i l\u1ea1 v\u00e0 ch\u1ea5t \u0111\u1ed9c h\u1ea1i c\u00f3 th\u1ec3 c\u00f3 trong c\u00e1c s\u1ea3n ph\u1ea9m ch\u1ebf bi\u1ebfn. \u0110i\u1ec1u n\u00e0y \u0111\u1ea3m b\u1ea3o s\u1ea3n ph\u1ea9m cu\u1ed1i c\u00f9ng \u0111\u1ea1t ch\u1ea5t l\u01b0\u1ee3ng cao v\u00e0 an to\u00e0n cho ng\u01b0\u1eddi ti\u00eau d\u00f9ng.<\/li>\n<li><strong>L\u1ecdc d\u1ea7u v\u00e0 h\u00f3a ch\u1ea5t<\/strong><br \/>\nTrong ng\u00e0nh c\u00f4ng nghi\u1ec7p h\u00f3a ch\u1ea5t, b\u00f4ng l\u1ecdc than ho\u1ea1t t\u00ednh c\u00f3 th\u1ec3 \u0111\u01b0\u1ee3c s\u1eed d\u1ee5ng \u0111\u1ec3 h\u1ea5p th\u1ee5 d\u1ea7u m\u1ee1, h\u00f3a ch\u1ea5t nguy h\u1ea1i v\u00e0 c\u00e1c h\u1ee3p ch\u1ea5t d\u1ec5 bay h\u01a1i t\u1eeb c\u00e1c d\u00f2ng s\u1ea3n ph\u1ea9m. B\u00f4ng l\u1ecdc gi\u00fap gi\u1eef cho quy tr\u00ecnh s\u1ea3n xu\u1ea5t lu\u00f4n s\u1ea1ch s\u1ebd, gi\u1ea3m nguy c\u01a1 \u00f4 nhi\u1ec5m v\u00e0 b\u1ea3o v\u1ec7 thi\u1ebft b\u1ecb kh\u1ecfi h\u01b0 h\u1ea1i.<\/li>\n<li><strong>B\u1ea3o v\u1ec7 trong c\u00e1c ph\u00f2ng th\u00ed nghi\u1ec7m v\u00e0 s\u1ea3n xu\u1ea5t tinh vi<\/strong><br \/>\nTrong c\u00e1c ph\u00f2ng th\u00ed nghi\u1ec7m v\u00e0 d\u00e2y chuy\u1ec1n s\u1ea3n xu\u1ea5t c\u00e1c s\u1ea3n ph\u1ea9m tinh vi, b\u00f4ng l\u1ecdc than ho\u1ea1t t\u00ednh \u0111\u01b0\u1ee3c d\u00f9ng \u0111\u1ec3 l\u1ecdc kh\u00f4ng kh\u00ed v\u00e0 lo\u1ea1i b\u1ecf c\u00e1c t\u1ea1p ch\u1ea5t, b\u1ee5i v\u00e0 h\u00f3a ch\u1ea5t nguy hi\u1ec3m. \u0110i\u1ec1u n\u00e0y kh\u00f4ng ch\u1ec9 \u0111\u1ea3m b\u1ea3o m\u00f4i tr\u01b0\u1eddng l\u00e0m vi\u1ec7c s\u1ea1ch s\u1ebd m\u00e0 c\u00f2n gi\u00fap b\u1ea3o v\u1ec7 ch\u1ea5t l\u01b0\u1ee3ng s\u1ea3n ph\u1ea9m trong qu\u00e1 tr\u00ecnh s\u1ea3n xu\u1ea5t.<\/li>\n<li><strong>L\u1ecdc trong ng\u00e0nh ch\u1ebf bi\u1ebfn th\u1ef1c ph\u1ea9m<\/strong><br \/>\nTrong ch\u1ebf bi\u1ebfn th\u1ef1c ph\u1ea9m, b\u00f4ng l\u1ecdc than ho\u1ea1t t\u00ednh c\u00f3 th\u1ec3 gi\u00fap lo\u1ea1i b\u1ecf c\u00e1c ch\u1ea5t \u0111\u1ed9c h\u1ea1i v\u00e0 m\u00f9i trong kh\u00f4ng kh\u00ed ho\u1eb7c trong n\u01b0\u1edbc, gi\u00fap b\u1ea3o qu\u1ea3n v\u00e0 s\u1ea3n xu\u1ea5t th\u1ef1c ph\u1ea9m an to\u00e0n h\u01a1n, \u0111\u1ed3ng th\u1eddi gi\u1ea3m thi\u1ec3u nguy c\u01a1 nhi\u1ec5m b\u1ea9n.<\/li>\n<\/ol>\n<p>B\u00f4ng l\u1ecdc than ho\u1ea1t t\u00ednh kh\u00f4ng ch\u1ec9 c\u00f3 hi\u1ec7u qu\u1ea3 cao trong vi\u1ec7c lo\u1ea1i b\u1ecf c\u00e1c ch\u1ea5t \u00f4 nhi\u1ec5m m\u00e0 c\u00f2n l\u00e0 gi\u1ea3i ph\u00e1p th\u00e2n thi\u1ec7n v\u1edbi m\u00f4i tr\u01b0\u1eddng, g\u00f3p ph\u1ea7n v\u00e0o vi\u1ec7c b\u1ea3o v\u1ec7 s\u1ee9c kh\u1ecfe c\u1ed9ng \u0111\u1ed3ng v\u00e0 gi\u1ea3m t\u00e1c \u0111\u1ed9ng ti\u00eau c\u1ef1c \u0111\u1ebfn m\u00f4i tr\u01b0\u1eddng.<\/p>\n<p>&nbsp;<\/p>","protected":false},"excerpt":{"rendered":"<p><em><strong>V\u1eadt li\u1ec7u:<\/strong><\/em> S\u1ee3i t\u1ed5ng h\u1ee3p t\u1ea9m carbon ho\u1ea1t t\u00ednh<br \/>\n<em><strong>K\u00edch th\u01b0\u1edbc:<\/strong> <\/em>2mx20mx5mm, 2mx20mx3mm<\/p>\n<p>&nbsp;<\/p>","protected":false},"featured_media":29949,"template":"","meta":[],"_links":{"self":[{"href":"http:\/\/handan.com.vn\/en\/wp-json\/wp\/v2\/product\/29948"}],"collection":[{"href":"http:\/\/handan.com.vn\/en\/wp-json\/wp\/v2\/product"}],"about":[{"href":"http:\/\/handan.com.vn\/en\/wp-json\/wp\/v2\/types\/product"}],"wp:featuredmedia":[{"embeddable":true,"href":"http:\/\/handan.com.vn\/en\/wp-json\/wp\/v2\/media\/29949"}],"wp:attachment":[{"href":"http:\/\/handan.com.vn\/en\/wp-json\/wp\/v2\/media?parent=29948"}],"curies":[{"name":"wp","href":"https:\/\/api.w.org\/{rel}","templated":true}]}}